{"id":1437,"date":"2023-12-08T09:17:23","date_gmt":"2023-12-08T09:17:23","guid":{"rendered":"https:\/\/www.demauriceaolivier.marketing-virtual-tools.com\/?page_id=1437"},"modified":"2025-09-08T18:41:10","modified_gmt":"2025-09-08T16:41:10","slug":"weine-aus-dem-elsass","status":"publish","type":"page","link":"https:\/\/www.demauriceaolivier.be\/de\/vins-dalsace\/","title":{"rendered":"Vins d&rsquo;Alsace"},"content":{"rendered":"<div data-elementor-type=\"wp-page\" data-elementor-id=\"1437\" class=\"elementor elementor-1437\" data-elementor-post-type=\"page\">\n\t\t\t\t<div class=\"elementor-element elementor-element-278d0881 e-flex e-con-boxed e-con e-parent\" data-id=\"278d0881\" data-element_type=\"container\" data-e-type=\"container\" data-settings=\"{&quot;background_background&quot;:&quot;classic&quot;}\">\n\t\t\t\t\t<div class=\"e-con-inner\">\n\t\t<div class=\"elementor-element elementor-element-53a69197 e-flex e-con-boxed e-con e-child\" data-id=\"53a69197\" data-element_type=\"container\" data-e-type=\"container\">\n\t\t\t\t\t<div class=\"e-con-inner\">\n\t\t\t\t<div class=\"elementor-element elementor-element-227408b1 elementor-widget elementor-widget-heading\" data-id=\"227408b1\" data-element_type=\"widget\" data-e-type=\"widget\" data-widget_type=\"heading.default\">\n\t\t\t\t<div class=\"elementor-widget-container\">\n\t\t\t\t\t<h1 class=\"elementor-heading-title elementor-size-default\">Elsass-Weine<\/h1>\t\t\t\t<\/div>\n\t\t\t\t<\/div>\n\t\t\t\t<div class=\"elementor-element elementor-element-22187320 elementor-widget elementor-widget-heading\" data-id=\"22187320\" data-element_type=\"widget\" data-e-type=\"widget\" data-widget_type=\"heading.default\">\n\t\t\t\t<div class=\"elementor-widget-container\">\n\t\t\t\t\t<h1 class=\"elementor-heading-title elementor-size-default\">Oliviers Keller<\/h1>\t\t\t\t<\/div>\n\t\t\t\t<\/div>\n\t\t\t\t\t<\/div>\n\t\t\t\t<\/div>\n\t\t\t\t\t<\/div>\n\t\t\t\t<\/div>\n\t\t<div class=\"elementor-element elementor-element-68681e9a animated-slow e-flex e-con-boxed elementor-invisible e-con e-parent\" data-id=\"68681e9a\" data-element_type=\"container\" data-e-type=\"container\" data-settings=\"{&quot;background_background&quot;:&quot;classic&quot;,&quot;animation&quot;:&quot;fadeIn&quot;}\">\n\t\t\t\t\t<div class=\"e-con-inner\">\n\t\t<div class=\"elementor-element elementor-element-6fd9a14 e-con-full e-flex e-con e-child\" data-id=\"6fd9a14\" data-element_type=\"container\" data-e-type=\"container\">\n\t\t\t\t<div class=\"elementor-element elementor-element-9dacf74 elementor-widget elementor-widget-image\" data-id=\"9dacf74\" data-element_type=\"widget\" data-e-type=\"widget\" data-widget_type=\"image.default\">\n\t\t\t\t<div class=\"elementor-widget-container\">\n\t\t\t\t\t\t\t\t\t\t\t\t\t\t\t<img fetchpriority=\"high\" decoding=\"async\" width=\"799\" height=\"533\" src=\"https:\/\/www.demauriceaolivier.be\/wp-content\/uploads\/2024\/01\/de-maurica-a-olivier-cave-a-vin-low-17.jpg\" class=\"attachment-large size-large wp-image-1769\" alt=\"\" srcset=\"https:\/\/www.demauriceaolivier.be\/wp-content\/uploads\/2024\/01\/de-maurica-a-olivier-cave-a-vin-low-17.jpg 799w, https:\/\/www.demauriceaolivier.be\/wp-content\/uploads\/2024\/01\/de-maurica-a-olivier-cave-a-vin-low-17-300x200.jpg 300w, https:\/\/www.demauriceaolivier.be\/wp-content\/uploads\/2024\/01\/de-maurica-a-olivier-cave-a-vin-low-17-768x512.jpg 768w\" sizes=\"(max-width: 799px) 100vw, 799px\" \/>\t\t\t\t\t\t\t\t\t\t\t\t\t\t\t<\/div>\n\t\t\t\t<\/div>\n\t\t\t\t<\/div>\n\t\t<div class=\"elementor-element elementor-element-6f77bf3a e-con-full e-flex e-con e-child\" data-id=\"6f77bf3a\" data-element_type=\"container\" data-e-type=\"container\">\n\t\t\t\t<div class=\"elementor-element elementor-element-1409bc09 elementor-widget elementor-widget-heading\" data-id=\"1409bc09\" data-element_type=\"widget\" data-e-type=\"widget\" data-widget_type=\"heading.default\">\n\t\t\t\t<div class=\"elementor-widget-container\">\n\t\t\t\t\t<h2 class=\"elementor-heading-title elementor-size-default\">Elsass-Weine<\/h2>\t\t\t\t<\/div>\n\t\t\t\t<\/div>\n\t\t\t\t<div class=\"elementor-element elementor-element-62c58066 elementor-widget elementor-widget-text-editor\" data-id=\"62c58066\" data-element_type=\"widget\" data-e-type=\"widget\" data-widget_type=\"text-editor.default\">\n\t\t\t\t<div class=\"elementor-widget-container\">\n\t\t\t\t\t\t\t\t\t<p>Die Weine des Elsass sind bekannt f\u00fcr ihre Eleganz, Finesse und Komplexit\u00e4t. Die am h\u00e4ufigsten verwendeten Rebsorten f\u00fcr die Herstellung dieser Weine sind Riesling, Wei\u00dfburgunder, Grauburgunder, Gew\u00fcrztraminer und Muskat. Sie werden oft als sortenreine Weine ausgebaut, wodurch die einzigartigen Eigenschaften jeder Traube zur Geltung kommen.<\/p><p>Die Weine aus dem Elsass werden oft zu Fischgerichten, Meeresfr\u00fcchten und Gerichten aus wei\u00dfem Fleisch serviert. Sie k\u00f6nnen jung genossen oder im Keller gereift werden, um komplexere Aromen zu entfalten.<\/p>\t\t\t\t\t\t\t\t<\/div>\n\t\t\t\t<\/div>\n\t\t\t\t<\/div>\n\t\t\t\t\t<\/div>\n\t\t\t\t<\/div>\n\t\t<div class=\"elementor-element elementor-element-12d42b47 e-flex e-con-boxed e-con e-parent\" data-id=\"12d42b47\" data-element_type=\"container\" data-e-type=\"container\" data-settings=\"{&quot;background_background&quot;:&quot;classic&quot;}\">\n\t\t\t\t\t<div class=\"e-con-inner\">\n\t\t\t\t<div class=\"elementor-element elementor-element-34945380 animated-slow elementor-invisible elementor-widget elementor-widget-heading\" data-id=\"34945380\" data-element_type=\"widget\" data-e-type=\"widget\" data-settings=\"{&quot;_animation&quot;:&quot;slideInLeft&quot;}\" data-widget_type=\"heading.default\">\n\t\t\t\t<div class=\"elementor-widget-container\">\n\t\t\t\t\t<h2 class=\"elementor-heading-title elementor-size-default\">Elsass-Weine<\/h2>\t\t\t\t<\/div>\n\t\t\t\t<\/div>\n\t\t\t\t<div class=\"elementor-element elementor-element-44eb620a elementor-widget elementor-widget-text-editor\" data-id=\"44eb620a\" data-element_type=\"widget\" data-e-type=\"widget\" data-widget_type=\"text-editor.default\">\n\t\t\t\t<div class=\"elementor-widget-container\">\n\t\t\t\t\t\t\t\t\t<p><strong>Die regionalen Bezeichnungen<\/strong><\/p><table><tbody><tr><td width=\"415\"><p><strong>Elsass Wei\u00df 2022<\/strong><\/p><\/td><td width=\"113\"><p>Die Flasche<\/p><\/td><td width=\"57\"><p>55 \u20ac<\/p><\/td><\/tr><tr><td width=\"415\"><p><strong>Elsass Rot 2022<\/strong><\/p><\/td><td width=\"113\"><p>Die Flasche<\/p><\/td><td width=\"57\"><p>60 \u20ac<\/p><\/td><\/tr><\/tbody><\/table><p><strong>Die Dorfnamen<\/strong><\/p><table><tbody><tr><td width=\"415\"><p><strong>Riquewihr 2022<\/strong><\/p><\/td><td width=\"113\"><p>Die Flasche<\/p><\/td><td width=\"57\"><p>70 \u20ac<\/p><\/td><\/tr><tr><td width=\"415\"><p><strong>Zellenberg 2018<\/strong><\/p><\/td><td width=\"113\"><p>Die Flasche<\/p><\/td><td width=\"57\"><p>70 \u20ac<\/p><\/td><\/tr><tr><td width=\"415\"><p><strong>Sankt Hippolyt <\/strong>roh<\/p><\/td><td width=\"113\"><p>Die Flasche<\/p><\/td><td width=\"57\"><p>75 \u20ac<\/p><\/td><\/tr><\/tbody><\/table><p><strong>Sp\u00e4tlese<\/strong><\/p><table><tbody><tr><td width=\"415\"><p><strong>Gew\u00fcrztraminer 2018<\/strong><\/p><\/td><td width=\"113\"><p>Die Flasche<\/p><\/td><td width=\"57\"><p>120\u20ac<\/p><\/td><\/tr><\/tbody><\/table><p><strong>Die ersten Gew\u00e4chse<\/strong><\/p><table><tbody><tr><td width=\"415\"><p><strong>Langenberg 2018<\/strong><\/p><\/td><td width=\"113\"><p>Die Flasche<\/p><\/td><td width=\"57\"><p>85\u20ac<\/p><\/td><\/tr><tr><td width=\"415\"><p><strong>Shoffweg 2016<\/strong><\/p><\/td><td width=\"113\"><p>Die Flasche<\/p><\/td><td width=\"57\"><p>105\u20ac<\/p><\/td><\/tr><tr><td width=\"415\"><p><strong>Burg 2015<\/strong><\/p><\/td><td width=\"113\"><p>Die Flasche<\/p><\/td><td width=\"57\"><p>105\u20ac<\/p><\/td><\/tr><\/tbody><\/table><p><strong>Die Gro\u00dfen Gew\u00e4chse<\/strong><\/p><table><tbody><tr><td width=\"415\"><p><strong>Altenberg de Bergheim 2016<\/strong><\/p><\/td><td width=\"113\"><p>Die Flasche<\/p><\/td><td width=\"57\"><p>145\u20ac<\/p><\/td><\/tr><tr><td width=\"415\"><p><strong>Mambourg 2018<\/strong><\/p><\/td><td width=\"113\"><p>Die Flasche<\/p><\/td><td width=\"57\"><p>145\u20ac<\/p><\/td><\/tr><tr><td width=\"415\"><p><strong>Schoenenbourg 2014<\/strong><\/p><\/td><td width=\"113\"><p>Die Flasche<\/p><\/td><td width=\"57\"><p>145\u20ac<\/p><\/td><\/tr><\/tbody><\/table><p><strong>Domaine Weinbach Faller<\/strong><\/p><table><tbody><tr><td width=\"415\"><p><strong>Wei\u00dfburgunder 2022<\/strong><\/p><\/td><td width=\"113\"><p>Die Flasche<\/p><\/td><td width=\"57\"><p>55 \u20ac<\/p><\/td><\/tr><tr><td width=\"415\"><p><strong>Pinot Gris Clos des Capucins 2022<\/strong><\/p><\/td><td width=\"113\"><p>Die Flasche<\/p><\/td><td width=\"57\"><p>70 \u20ac<\/p><\/td><\/tr><tr><td width=\"415\"><p><strong>Riesling Cuv\u00e9e Th\u00e9o 2022<\/strong><\/p><\/td><td width=\"113\"><p>Die Flasche<\/p><\/td><td width=\"57\"><p>80 \u20ac<\/p><\/td><\/tr><tr><td width=\"415\"><p><strong>Riesling Cuv\u00e9e Colette 2022<\/strong><\/p><\/td><td width=\"113\"><p>Die Flasche<\/p><\/td><td width=\"57\"><p>95 \u20ac<\/p><\/td><\/tr><tr><td width=\"415\"><p><strong>Riesling Altenbourg 2021 <\/strong><\/p><\/td><td width=\"113\"><p>Die Flasche<\/p><\/td><td width=\"57\"><p>115 \u20ac<\/p><\/td><\/tr><tr><td width=\"415\"><p><strong>Riesling Schlossberg Grand cru 2020<\/strong><\/p><\/td><td width=\"113\"><p>Die Flasche<\/p><\/td><td width=\"57\"><p>125 \u20ac<\/p><\/td><\/tr><tr><td width=\"415\"><p><strong>Gew\u00fcrztraminer Les Treilles de loup 2022<\/strong><\/p><\/td><td width=\"113\"><p>Die Flasche<\/p><\/td><td width=\"57\"><p>75 \u20ac<\/p><\/td><\/tr><tr><td width=\"415\"><p><strong>Gew\u00fcrztraminer Furtensum Grand cru 2019<\/strong><\/p><\/td><td width=\"113\"><p>Die Flasche<\/p><\/td><td width=\"57\"><p>125 \u20ac<\/p><\/td><\/tr><tr><td width=\"415\"><p><strong>Muskat 2021<\/strong><\/p><\/td><td width=\"113\"><p>Die Flasche<\/p><\/td><td width=\"57\"><p>75 \u20ac<\/p><\/td><\/tr><\/tbody><\/table><p><strong>Domaine Ostertag<\/strong><\/p><p>Fruchtweine<\/p><table><tbody><tr><td width=\"415\"><p><strong>Sylvaner Alte Reben 2020<\/strong><\/p><\/td><td width=\"113\"><p>Die Flasche<\/p><\/td><td width=\"57\"><p>50 \u20ac<\/p><\/td><\/tr><tr><td width=\"415\"><p><strong>Wei\u00dfburgunder \u00ab\u00a0Les Jardins\u00a0\u00bb 2020<\/strong><\/p><\/td><td width=\"113\"><p>Die Flasche<\/p><\/td><td width=\"57\"><p>50 \u20ac<\/p><\/td><\/tr><tr><td width=\"415\"><p><strong>Wei\u00dfburgunder 2019 \u00abBarriques\u00bb 2014<\/strong><\/p><\/td><td width=\"113\"><p>Die Flasche<\/p><\/td><td width=\"57\"><p>50 \u20ac<\/p><\/td><\/tr><tr><td width=\"415\"><p><strong>Pinot Gris \u00ab\u00a0Bariques\u00a0\u00bb 2012<\/strong><\/p><\/td><td width=\"113\"><p>Die Flasche<\/p><\/td><td width=\"57\"><p>50 \u20ac<\/p><\/td><\/tr><tr><td width=\"415\"><p><strong>Riesling \u00ab\u00a0Les jardins\u00a0\u00bb 2021<\/strong><\/p><\/td><td width=\"113\"><p>Die Flasche<\/p><\/td><td width=\"57\"><p>55 \u20ac<\/p><\/td><\/tr><tr><td width=\"415\"><p><strong>Pinot noir \u00ab Les Jardins \u00bb 2021<\/strong><\/p><\/td><td width=\"113\"><p>Die Flasche<\/p><\/td><td width=\"57\"><p>55 \u20ac<\/p><\/td><\/tr><\/tbody><\/table><p><strong>Domaine A&amp;C Sparr<\/strong><\/p><table><tbody><tr><td width=\"415\"><p><strong>Pinot Blanc Pens\u00e9e 2021<\/strong><\/p><\/td><td width=\"113\"><p>Die Flasche<\/p><\/td><td width=\"57\"><p>55 \u20ac<\/p><\/td><\/tr><tr><td width=\"415\"><p><strong>Pinot Gris Sensation 2020<\/strong><\/p><\/td><td width=\"113\"><p>Die Flasche<\/p><\/td><td width=\"57\"><p>55 \u20ac<\/p><\/td><\/tr><tr><td width=\"415\"><p><strong>Edels\u00fc\u00dfe Weine des Nektars vom Riesling<\/strong><\/p><\/td><td width=\"113\"><p>Die Flasche<\/p><\/td><td width=\"57\"><p>55 \u20ac<\/p><\/td><\/tr><tr><td width=\"415\"><p><strong>Riesling Altenbourg 2021<\/strong><\/p><\/td><td width=\"113\"><p>Die Flasche<\/p><\/td><td width=\"57\"><p>75 \u20ac<\/p><\/td><\/tr><tr><td width=\"415\"><p><strong>Riesling Brand GC L\u00e9gende 2020<\/strong><\/p><\/td><td width=\"113\"><p>Die Flasche<\/p><\/td><td width=\"57\"><p>95 \u20ac<\/p><\/td><\/tr><tr><td width=\"415\"><p><strong>Sp\u00e4tburgunder Carpe Diem 2021<\/strong><\/p><\/td><td width=\"113\"><p>Die Flasche<\/p><\/td><td width=\"57\"><p>75 \u20ac<\/p><\/td><\/tr><tr><td width=\"415\"><p><strong>Pinot Noir Mambourg GC Verbotene Liebe 2021<\/strong><\/p><\/td><td width=\"113\"><p>Die Flasche<\/p><\/td><td width=\"57\"><p>95 \u20ac<\/p><\/td><\/tr><\/tbody><\/table><p><strong>Domaine Mur\u00e9 Clos Saint Landelin<\/strong><\/p><p>Rebsorten und Terroirs<\/p><table><tbody><tr><td width=\"415\"><p><strong>Elsass Die Rebsorten 2022<\/strong><\/p><\/td><td width=\"113\"><p>Die Flasche<\/p><\/td><td width=\"57\"><p>35 \u20ac<\/p><\/td><\/tr><tr><td width=\"415\"><p><strong>Pinot Blanc Les Iris 2022<\/strong><\/p><\/td><td width=\"113\"><p>Die Flasche<\/p><\/td><td width=\"57\"><p>35 \u20ac<\/p><\/td><\/tr><tr><td width=\"415\"><p><strong>Pinot Gris Les pierres S\u00e8ches 2023<\/strong><\/p><\/td><td width=\"113\"><p>Die Flasche<\/p><\/td><td width=\"57\"><p>45 \u20ac<\/p><\/td><\/tr><tr><td width=\"415\"><p><strong>Riesling Kalkstein Hellgelb 2022<\/strong><\/p><\/td><td width=\"113\"><p>Die Flasche<\/p><\/td><td width=\"57\"><p>50 \u20ac<\/p><\/td><\/tr><tr><td width=\"415\"><p><strong>Gewurztraminer Wilde Orchideen 2022<\/strong><\/p><\/td><td width=\"113\"><p>Die Flasche<\/p><\/td><td width=\"57\"><p>50 \u20ac<\/p><\/td><\/tr><tr><td width=\"415\"><p><strong>Pinot Noir Les Argiles Rouges 2023<\/strong><\/p><\/td><td width=\"113\"><p>Die Flasche<\/p><\/td><td width=\"57\"><p>60 \u20ac<\/p><\/td><\/tr><\/tbody><\/table><p>Rouffach-Seite<\/p><table><tbody><tr><td width=\"415\"><p><strong>Sp\u00e4tburgunder 2020<\/strong><\/p><\/td><td width=\"113\"><p>Die Flasche<\/p><\/td><td width=\"57\"><p>60 \u20ac<\/p><\/td><\/tr><tr><td width=\"415\"><p><strong>Gr\u00fcner Burgunder 2021<\/strong><\/p><\/td><td width=\"113\"><p>Die Flasche<\/p><\/td><td width=\"57\"><p>60 \u20ac<\/p><\/td><\/tr><tr><td width=\"415\"><p><strong>Riesling 2022<\/strong><\/p><\/td><td width=\"113\"><p>Die Flasche<\/p><\/td><td width=\"57\"><p>60 \u20ac<\/p><\/td><\/tr><\/tbody><\/table><p><strong>Domaine Lorentz<\/strong><\/p><table><tbody><tr><td width=\"415\"><p><strong>Riesling Beweis 2016<\/strong><\/p><\/td><td width=\"113\"><p>Die Flasche<\/p><\/td><td width=\"57\"><p>45 \u20ac<\/p><\/td><\/tr><tr><td width=\"415\"><p><strong>Wei\u00dfburgunder Evidence 2020 R\u00e9serve<\/strong><\/p><\/td><td width=\"113\"><p>Die Flasche<\/p><\/td><td width=\"57\"><p>40 \u20ac<\/p><\/td><\/tr><tr><td width=\"415\"><p><strong>Pinot Gris Beweis 2021<\/strong><\/p><\/td><td width=\"113\"><p>Die Flasche<\/p><\/td><td width=\"57\"><p>45 \u20ac<\/p><\/td><\/tr><tr><td width=\"415\"><p><strong>Sp\u00e4tburgunder Evidence 2018<\/strong><\/p><\/td><td width=\"113\"><p>Die Flasche<\/p><\/td><td width=\"57\"><p>45 \u20ac<\/p><\/td><\/tr><tr><td width=\"415\"><p><strong>Gewurztraminer Evidence 2018 R\u00e9serve<\/strong><\/p><\/td><td width=\"113\"><p>Die Flasche<\/p><\/td><td width=\"57\"><p>45 \u20ac<\/p><\/td><\/tr><tr><td width=\"415\"><p><strong>Wer h\u00e4tte das gedacht? Orangenwein 2020 <\/strong><\/p><\/td><td width=\"113\"><p>Die Flasche<\/p><\/td><td width=\"57\"><p>45 \u20ac<\/p><\/td><\/tr><tr><td width=\"415\"><p><strong>Pinot Gris Grand Cru Kanzlerberg 2011<\/strong><\/p><\/td><td width=\"113\"><p>Die Flasche<\/p><\/td><td width=\"57\"><p>65 \u20ac<\/p><\/td><\/tr><\/tbody><\/table>\t\t\t\t\t\t\t\t<\/div>\n\t\t\t\t<\/div>\n\t\t\t\t\t<\/div>\n\t\t\t\t<\/div>\n\t\t\t\t<\/div>","protected":false},"excerpt":{"rendered":"<p>Les vins d&rsquo;Alsace La cave d&rsquo;Olivier Les vins d&rsquo;Alsace Les vins d&rsquo;Alsace sont connus pour leur \u00e9l\u00e9gance, leur finesse et leur complexit\u00e9. Les c\u00e9pages les plus couramment utilis\u00e9s pour produire ces vins sont le riesling, le pinot blanc, le pinot gris, le gewurztraminer et le muscat. Ils sont souvent vinifi\u00e9s en mono-c\u00e9page, mettant en valeur [&hellip;]<\/p>\n","protected":false},"author":1,"featured_media":0,"parent":0,"menu_order":0,"comment_status":"closed","ping_status":"closed","template":"elementor_header_footer","meta":{"footnotes":""},"class_list":["post-1437","page","type-page","status-publish","hentry"],"_links":{"self":[{"href":"https:\/\/www.demauriceaolivier.be\/de\/wp-json\/wp\/v2\/pages\/1437","targetHints":{"allow":["GET"]}}],"collection":[{"href":"https:\/\/www.demauriceaolivier.be\/de\/wp-json\/wp\/v2\/pages"}],"about":[{"href":"https:\/\/www.demauriceaolivier.be\/de\/wp-json\/wp\/v2\/types\/page"}],"author":[{"embeddable":true,"href":"https:\/\/www.demauriceaolivier.be\/de\/wp-json\/wp\/v2\/users\/1"}],"replies":[{"embeddable":true,"href":"https:\/\/www.demauriceaolivier.be\/de\/wp-json\/wp\/v2\/comments?post=1437"}],"version-history":[{"count":38,"href":"https:\/\/www.demauriceaolivier.be\/de\/wp-json\/wp\/v2\/pages\/1437\/revisions"}],"predecessor-version":[{"id":2933,"href":"https:\/\/www.demauriceaolivier.be\/de\/wp-json\/wp\/v2\/pages\/1437\/revisions\/2933"}],"wp:attachment":[{"href":"https:\/\/www.demauriceaolivier.be\/de\/wp-json\/wp\/v2\/media?parent=1437"}],"curies":[{"name":"wp","href":"https:\/\/api.w.org\/{rel}","templated":true}]}}