{"id":1513,"date":"2023-12-08T17:20:19","date_gmt":"2023-12-08T17:20:19","guid":{"rendered":"https:\/\/www.demauriceaolivier.marketing-virtual-tools.com\/?page_id=1513"},"modified":"2025-09-08T18:01:58","modified_gmt":"2025-09-08T16:01:58","slug":"bordeaux-weisweine","status":"publish","type":"page","link":"https:\/\/www.demauriceaolivier.be\/de\/vins-blancs-de-bordeaux\/","title":{"rendered":"Bordeaux-Wei\u00dfweine"},"content":{"rendered":"<div data-elementor-type=\"wp-page\" data-elementor-id=\"1513\" class=\"elementor elementor-1513\" data-elementor-post-type=\"page\">\n\t\t\t\t<div class=\"elementor-element elementor-element-5ec5c43d e-flex e-con-boxed e-con e-parent\" data-id=\"5ec5c43d\" data-element_type=\"container\" data-e-type=\"container\" data-settings=\"{&quot;background_background&quot;:&quot;classic&quot;}\">\n\t\t\t\t\t<div class=\"e-con-inner\">\n\t\t<div class=\"elementor-element elementor-element-4e065192 e-flex e-con-boxed e-con e-child\" data-id=\"4e065192\" data-element_type=\"container\" data-e-type=\"container\">\n\t\t\t\t\t<div class=\"e-con-inner\">\n\t\t\t\t<div class=\"elementor-element elementor-element-285ddfbe elementor-widget elementor-widget-heading\" data-id=\"285ddfbe\" data-element_type=\"widget\" data-e-type=\"widget\" data-widget_type=\"heading.default\">\n\t\t\t\t<div class=\"elementor-widget-container\">\n\t\t\t\t\t<h1 class=\"elementor-heading-title elementor-size-default\">Bordeaux Wei\u00dfweine &amp; Ros\u00e9weine<\/h1>\t\t\t\t<\/div>\n\t\t\t\t<\/div>\n\t\t\t\t<div class=\"elementor-element elementor-element-267dc9c8 elementor-widget elementor-widget-heading\" data-id=\"267dc9c8\" data-element_type=\"widget\" data-e-type=\"widget\" data-widget_type=\"heading.default\">\n\t\t\t\t<div class=\"elementor-widget-container\">\n\t\t\t\t\t<h1 class=\"elementor-heading-title elementor-size-default\">Oliviers Keller<\/h1>\t\t\t\t<\/div>\n\t\t\t\t<\/div>\n\t\t\t\t\t<\/div>\n\t\t\t\t<\/div>\n\t\t\t\t\t<\/div>\n\t\t\t\t<\/div>\n\t\t<div class=\"elementor-element elementor-element-2195d140 animated-slow e-flex e-con-boxed elementor-invisible e-con e-parent\" data-id=\"2195d140\" data-element_type=\"container\" data-e-type=\"container\" data-settings=\"{&quot;background_background&quot;:&quot;classic&quot;,&quot;animation&quot;:&quot;fadeIn&quot;}\">\n\t\t\t\t\t<div class=\"e-con-inner\">\n\t\t<div class=\"elementor-element elementor-element-4534d4b4 e-con-full e-flex e-con e-child\" data-id=\"4534d4b4\" data-element_type=\"container\" data-e-type=\"container\">\n\t\t\t\t<div class=\"elementor-element elementor-element-6b690db4 elementor-widget elementor-widget-image\" data-id=\"6b690db4\" data-element_type=\"widget\" data-e-type=\"widget\" data-widget_type=\"image.default\">\n\t\t\t\t<div class=\"elementor-widget-container\">\n\t\t\t\t\t\t\t\t\t\t\t\t\t\t\t<img fetchpriority=\"high\" decoding=\"async\" width=\"768\" height=\"512\" src=\"https:\/\/www.demauriceaolivier.be\/wp-content\/uploads\/2024\/01\/de-maurica-a-olivier-cave-a-vin-low-18-768x512.jpg\" class=\"attachment-medium_large size-medium_large wp-image-1770\" alt=\"\" srcset=\"https:\/\/www.demauriceaolivier.be\/wp-content\/uploads\/2024\/01\/de-maurica-a-olivier-cave-a-vin-low-18-768x512.jpg 768w, https:\/\/www.demauriceaolivier.be\/wp-content\/uploads\/2024\/01\/de-maurica-a-olivier-cave-a-vin-low-18-300x200.jpg 300w, https:\/\/www.demauriceaolivier.be\/wp-content\/uploads\/2024\/01\/de-maurica-a-olivier-cave-a-vin-low-18.jpg 799w\" sizes=\"(max-width: 768px) 100vw, 768px\" \/>\t\t\t\t\t\t\t\t\t\t\t\t\t\t\t<\/div>\n\t\t\t\t<\/div>\n\t\t\t\t<\/div>\n\t\t<div class=\"elementor-element elementor-element-23bf4298 e-con-full e-flex e-con e-child\" data-id=\"23bf4298\" data-element_type=\"container\" data-e-type=\"container\">\n\t\t\t\t<div class=\"elementor-element elementor-element-68036c15 elementor-widget elementor-widget-heading\" data-id=\"68036c15\" data-element_type=\"widget\" data-e-type=\"widget\" data-widget_type=\"heading.default\">\n\t\t\t\t<div class=\"elementor-widget-container\">\n\t\t\t\t\t<h2 class=\"elementor-heading-title elementor-size-default\">Bordeaux Wei\u00dfweine<\/h2>\t\t\t\t<\/div>\n\t\t\t\t<\/div>\n\t\t\t\t<div class=\"elementor-element elementor-element-1fd1776 elementor-widget elementor-widget-text-editor\" data-id=\"1fd1776\" data-element_type=\"widget\" data-e-type=\"widget\" data-widget_type=\"text-editor.default\">\n\t\t\t\t<div class=\"elementor-widget-container\">\n\t\t\t\t\t\t\t\t\t<p>Bordeaux-Wei\u00dfweine zeichnen sich durch ihre Frische und Eleganz aus. Ihre Farbe, die von kristallklarem Wei\u00df bis zu Goldgelb reicht, bietet subtile und komplexe Aromen mit h\u00e4ufigen Noten von Zitrusfr\u00fcchten und wei\u00dfen Fr\u00fcchten wie Apfel und Birne sowie mineralischen Nuancen. Die f\u00fcr Bordeaux-Wei\u00dfweine verwendeten Rebsorten sind haupts\u00e4chlich Sauvignon Blanc, S\u00e9millon und Muscadelle, die den Weinen eine gro\u00dfe Geschmacksvielfalt verleihen. Der Ausbau im Eichenfass verleiht besonders hochwertigen Wei\u00dfweinen zus\u00e4tzliche Komplexit\u00e4t. Diese Bordeaux-Wei\u00dfweine werden oft zu bestimmten Gerichten empfohlen, insbesondere zu Meeresfr\u00fcchten, gegrilltem Fisch und Ziegenk\u00e4se, und passen perfekt zu leichter und frischer K\u00fcche.<\/p>\t\t\t\t\t\t\t\t<\/div>\n\t\t\t\t<\/div>\n\t\t\t\t<\/div>\n\t\t\t\t\t<\/div>\n\t\t\t\t<\/div>\n\t\t<div class=\"elementor-element elementor-element-37888819 e-flex e-con-boxed e-con e-parent\" data-id=\"37888819\" data-element_type=\"container\" data-e-type=\"container\" data-settings=\"{&quot;background_background&quot;:&quot;classic&quot;}\">\n\t\t\t\t\t<div class=\"e-con-inner\">\n\t\t\t\t<div class=\"elementor-element elementor-element-7f37eee6 animated-slow elementor-invisible elementor-widget elementor-widget-heading\" data-id=\"7f37eee6\" data-element_type=\"widget\" data-e-type=\"widget\" data-settings=\"{&quot;_animation&quot;:&quot;slideInLeft&quot;}\" data-widget_type=\"heading.default\">\n\t\t\t\t<div class=\"elementor-widget-container\">\n\t\t\t\t\t<h2 class=\"elementor-heading-title elementor-size-default\">Bordeaux Wei\u00dfweine<\/h2>\t\t\t\t<\/div>\n\t\t\t\t<\/div>\n\t\t\t\t<div class=\"elementor-element elementor-element-48d3a840 elementor-widget elementor-widget-text-editor\" data-id=\"48d3a840\" data-element_type=\"widget\" data-e-type=\"widget\" data-widget_type=\"text-editor.default\">\n\t\t\t\t<div class=\"elementor-widget-container\">\n\t\t\t\t\t\t\t\t\t<table width=\"595\"><tbody><tr><td width=\"415\"><p><strong>Le blanc de Lynch Bages 2022 <\/strong><\/p><\/td><td width=\"113\"><p>Die Flasche<\/p><\/td><td width=\"66\"><p>135 \u20ac<\/p><\/td><\/tr><tr><td width=\"415\"><p><strong>Ch\u00e2teau Carbonnieux 2021<\/strong> Grand Cru Class\u00e9 de Graves Pessac-L\u00e9ognan<\/p><\/td><td width=\"113\"><p>Die Flasche<\/p><\/td><td width=\"66\"><p>115 \u20ac<\/p><\/td><\/tr><tr><td width=\"415\"><p><strong>Le Petit Haut Lafite 2020 <\/strong>Pessac L\u00e9ognan<\/p><\/td><td width=\"113\"><p>Die Flasche<\/p><\/td><td width=\"66\"><p>105 \u20ac<\/p><\/td><\/tr><tr><td width=\"415\"><p><strong>Alto de Cantenac Brown 2020<\/strong><\/p><\/td><td width=\"113\"><p>Die Flasche<\/p><\/td><td width=\"66\"><p>90 \u20ac<\/p><\/td><\/tr><tr><td width=\"415\"><p><strong>Schloss Talbot Caillou 2018<\/strong><\/p><\/td><td width=\"113\"><p>Die Flasche<\/p><\/td><td width=\"66\"><p>90 \u20ac<\/p><\/td><\/tr><tr><td width=\"415\"><p><strong>Ch\u00e2teau La Louvi\u00e8re 2015 <\/strong>Pessac L\u00e9ognan<\/p><\/td><td width=\"113\"><p>Die Flasche<\/p><\/td><td width=\"66\"><p>85 \u20ac<\/p><\/td><\/tr><tr><td width=\"415\"><p><strong>Le blanc de Chasse Spleen 2020 <\/strong><\/p><\/td><td width=\"113\"><p>Die Flasche<\/p><\/td><td width=\"66\"><p>75 \u20ac<\/p><\/td><\/tr><tr><td width=\"415\"><p><strong>L'abeille de Fieuzal 2018 <\/strong>Pessac L\u00e9ognan<\/p><\/td><td width=\"113\"><p>Die Flasche<\/p><\/td><td width=\"66\"><p>60 \u20ac<\/p><\/td><\/tr><tr><td width=\"415\"><p><strong>L\u00f6wen von La Louvi\u00e8re 2017 <\/strong>Pessac L\u00e9ognan<\/p><\/td><td width=\"113\"><p>Die Flasche<\/p><\/td><td width=\"66\"><p>55 \u20ac<\/p><\/td><\/tr><tr><td width=\"415\"><p><strong>Ch\u00e2teau Haut Lagrange 2020 <\/strong>Pessac L\u00e9ognan<\/p><\/td><td width=\"113\"><p>Die Flasche<\/p><\/td><td width=\"66\"><p>70 \u20ac<\/p><\/td><\/tr><tr><td width=\"415\"><p><strong>Merle blanc du Ch\u00e2teau Clarke 2018<\/strong><\/p><\/td><td width=\"113\"><p>Die Flasche<\/p><\/td><td width=\"66\"><p>65 \u20ac<\/p><\/td><\/tr><tr><td width=\"415\"><p><strong>Schloss Croix Barton 2019<\/strong><\/p><\/td><td width=\"113\"><p>Die Flasche<\/p><\/td><td width=\"66\"><p>40 \u20ac<\/p><\/td><\/tr><tr><td width=\"415\"><p><strong>Schloss C\u00e9rons 2020 <\/strong>Gr\u00e4ber<\/p><\/td><td width=\"113\"><p>Die Flasche<\/p><\/td><td width=\"66\"><p>50 \u20ac<\/p><\/td><\/tr><tr><td width=\"415\"><p><strong>Clos Florid\u00e8ne 2021 <\/strong>Gr\u00e4ber<\/p><\/td><td width=\"113\"><p>Die Flasche<\/p><\/td><td width=\"66\"><p>50 \u20ac<\/p><\/td><\/tr><tr><td width=\"415\"><p><strong>Michel Lynch 2021<\/strong><\/p><\/td><td width=\"113\"><p>Die Flasche<\/p><\/td><td width=\"66\"><p>50 \u20ac<\/p><\/td><\/tr><tr><td width=\"415\"><p><strong>\u00a0<\/strong><\/p><p><strong>\u00a0<\/strong><\/p><\/td><td width=\"113\"><p>\u00a0<\/p><\/td><td width=\"66\"><p>\u00a0<\/p><\/td><\/tr><tr><td width=\"415\"><p><strong>Ch\u00e2teau d\u2019Yquem 2004 <\/strong>Sauternes, Lur-Saluces<\/p><\/td><td width=\"113\"><p>Die Flasche<\/p><\/td><td width=\"66\"><p>695\u20ac<\/p><\/td><\/tr><tr><td width=\"415\"><p><strong>Ch\u00e2teau d\u2019Yquem 2006 <\/strong>Sauternes, Lur-Saluces<\/p><\/td><td width=\"113\"><p>Die Flasche<\/p><\/td><td width=\"66\"><p>550\u20ac<\/p><\/td><\/tr><tr><td width=\"415\"><p><strong>Carmes de Rieussec 2018 <\/strong>Sauternes<\/p><\/td><td width=\"113\"><p>Die Flasche<\/p><\/td><td width=\"66\"><p>70 \u20ac<\/p><\/td><\/tr><tr><td width=\"415\"><p><strong>Carmes de Rieussec 2019 <\/strong>Sauternes<\/p><\/td><td width=\"113\"><p>Die 50-cl-Flasche<\/p><\/td><td width=\"66\"><p>35 \u20ac<\/p><\/td><\/tr><tr><td width=\"415\"><p><strong>Ch\u00e2teau Grillon 2010 <\/strong>Sauternes<\/p><\/td><td width=\"113\"><p>Die Flasche<\/p><\/td><td width=\"66\"><p>60 \u20ac<\/p><\/td><\/tr><tr><td width=\"415\"><p><strong>Ch\u00e2teau de C\u00e9rons 2018 <\/strong>Graves Moelleux<\/p><\/td><td width=\"113\"><p>Die Flasche<\/p><\/td><td width=\"66\"><p>75 \u20ac<\/p><\/td><\/tr><tr><td width=\"415\"><p><strong>Ch\u00e2teau Sichel 2012 <\/strong>Sauternes<\/p><\/td><td width=\"113\"><p>Die 50-cl-Flasche<\/p><\/td><td width=\"66\"><p>45\u20ac<\/p><\/td><\/tr><tr><td width=\"415\"><p><strong>Sablettes 2016 <\/strong>Sauternes<\/p><\/td><td width=\"113\"><p>Die Flasche<\/p><\/td><td width=\"66\"><p>50 \u20ac<\/p><\/td><\/tr><\/tbody><\/table><p>\u00a0<\/p>\t\t\t\t\t\t\t\t<\/div>\n\t\t\t\t<\/div>\n\t\t\t\t\t<\/div>\n\t\t\t\t<\/div>\n\t\t<div class=\"elementor-element elementor-element-0263b08 e-flex e-con-boxed e-con e-parent\" data-id=\"0263b08\" data-element_type=\"container\" data-e-type=\"container\" data-settings=\"{&quot;background_background&quot;:&quot;classic&quot;}\">\n\t\t\t\t\t<div class=\"e-con-inner\">\n\t\t\t\t<div class=\"elementor-element elementor-element-aed0d13 animated-slow elementor-invisible elementor-widget elementor-widget-heading\" data-id=\"aed0d13\" data-element_type=\"widget\" data-e-type=\"widget\" data-settings=\"{&quot;_animation&quot;:&quot;slideInLeft&quot;}\" data-widget_type=\"heading.default\">\n\t\t\t\t<div class=\"elementor-widget-container\">\n\t\t\t\t\t<h2 class=\"elementor-heading-title elementor-size-default\">Ros\u00e9weine aus Bordeaux<\/h2>\t\t\t\t<\/div>\n\t\t\t\t<\/div>\n\t\t\t\t<div class=\"elementor-element elementor-element-c99ee0c elementor-widget elementor-widget-text-editor\" data-id=\"c99ee0c\" data-element_type=\"widget\" data-e-type=\"widget\" data-widget_type=\"text-editor.default\">\n\t\t\t\t<div class=\"elementor-widget-container\">\n\t\t\t\t\t\t\t\t\t<table><tbody><tr><td width=\"415\"><p><strong>Ch\u00e2teau Penin Clairet 2021<\/strong><\/p><\/td><td width=\"113\"><p>Die Flasche<\/p><\/td><td width=\"57\"><p>40 \u20ac<\/p><\/td><\/tr><\/tbody><\/table>\t\t\t\t\t\t\t\t<\/div>\n\t\t\t\t<\/div>\n\t\t\t\t\t<\/div>\n\t\t\t\t<\/div>\n\t\t\t\t<\/div>","protected":false},"excerpt":{"rendered":"<p>Les vins Blancs de Bordeaux &amp; Ros\u00e9s La cave d&rsquo;Olivier Les vins Blancs de Bordeaux Les vins blancs de Bordeaux se caract\u00e9risent par leur fra\u00eecheur et leur \u00e9l\u00e9gance. Leur couleur, allant du blanc cristallin au jaune dor\u00e9, offre des ar\u00f4mes subtils et complexes, avec des notes fr\u00e9quentes d&rsquo;agrumes et de fruits blancs tels que la [&hellip;]<\/p>\n","protected":false},"author":1,"featured_media":0,"parent":0,"menu_order":0,"comment_status":"closed","ping_status":"closed","template":"elementor_header_footer","meta":{"footnotes":""},"class_list":["post-1513","page","type-page","status-publish","hentry"],"_links":{"self":[{"href":"https:\/\/www.demauriceaolivier.be\/de\/wp-json\/wp\/v2\/pages\/1513","targetHints":{"allow":["GET"]}}],"collection":[{"href":"https:\/\/www.demauriceaolivier.be\/de\/wp-json\/wp\/v2\/pages"}],"about":[{"href":"https:\/\/www.demauriceaolivier.be\/de\/wp-json\/wp\/v2\/types\/page"}],"author":[{"embeddable":true,"href":"https:\/\/www.demauriceaolivier.be\/de\/wp-json\/wp\/v2\/users\/1"}],"replies":[{"embeddable":true,"href":"https:\/\/www.demauriceaolivier.be\/de\/wp-json\/wp\/v2\/comments?post=1513"}],"version-history":[{"count":16,"href":"https:\/\/www.demauriceaolivier.be\/de\/wp-json\/wp\/v2\/pages\/1513\/revisions"}],"predecessor-version":[{"id":2874,"href":"https:\/\/www.demauriceaolivier.be\/de\/wp-json\/wp\/v2\/pages\/1513\/revisions\/2874"}],"wp:attachment":[{"href":"https:\/\/www.demauriceaolivier.be\/de\/wp-json\/wp\/v2\/media?parent=1513"}],"curies":[{"name":"wp","href":"https:\/\/api.w.org\/{rel}","templated":true}]}}