{"id":1544,"date":"2023-12-14T11:31:54","date_gmt":"2023-12-14T10:31:54","guid":{"rendered":"https:\/\/www.demauriceaolivier.marketing-virtual-tools.com\/?page_id=1544"},"modified":"2025-09-08T18:10:30","modified_gmt":"2025-09-08T16:10:30","slug":"loire-weine","status":"publish","type":"page","link":"https:\/\/www.demauriceaolivier.be\/de\/vins-de-la-loire\/","title":{"rendered":"Loire-Weine"},"content":{"rendered":"<div data-elementor-type=\"wp-page\" data-elementor-id=\"1544\" class=\"elementor elementor-1544\" data-elementor-post-type=\"page\">\n\t\t\t\t<div class=\"elementor-element elementor-element-13adb099 e-flex e-con-boxed e-con e-parent\" data-id=\"13adb099\" data-element_type=\"container\" data-e-type=\"container\" data-settings=\"{&quot;background_background&quot;:&quot;classic&quot;}\">\n\t\t\t\t\t<div class=\"e-con-inner\">\n\t\t<div class=\"elementor-element elementor-element-22902225 e-flex e-con-boxed e-con e-child\" data-id=\"22902225\" data-element_type=\"container\" data-e-type=\"container\">\n\t\t\t\t\t<div class=\"e-con-inner\">\n\t\t\t\t<div class=\"elementor-element elementor-element-4c224bd4 elementor-widget elementor-widget-heading\" data-id=\"4c224bd4\" data-element_type=\"widget\" data-e-type=\"widget\" data-widget_type=\"heading.default\">\n\t\t\t\t<div class=\"elementor-widget-container\">\n\t\t\t\t\t<h1 class=\"elementor-heading-title elementor-size-default\">Die Loire-Weine<\/h1>\t\t\t\t<\/div>\n\t\t\t\t<\/div>\n\t\t\t\t<div class=\"elementor-element elementor-element-131eec31 elementor-widget elementor-widget-heading\" data-id=\"131eec31\" data-element_type=\"widget\" data-e-type=\"widget\" data-widget_type=\"heading.default\">\n\t\t\t\t<div class=\"elementor-widget-container\">\n\t\t\t\t\t<h1 class=\"elementor-heading-title elementor-size-default\">Oliviers Keller<\/h1>\t\t\t\t<\/div>\n\t\t\t\t<\/div>\n\t\t\t\t\t<\/div>\n\t\t\t\t<\/div>\n\t\t\t\t\t<\/div>\n\t\t\t\t<\/div>\n\t\t<div class=\"elementor-element elementor-element-2c64cbce animated-slow e-flex e-con-boxed elementor-invisible e-con e-parent\" data-id=\"2c64cbce\" data-element_type=\"container\" data-e-type=\"container\" data-settings=\"{&quot;background_background&quot;:&quot;classic&quot;,&quot;animation&quot;:&quot;fadeIn&quot;}\">\n\t\t\t\t\t<div class=\"e-con-inner\">\n\t\t<div class=\"elementor-element elementor-element-111a02f0 e-con-full e-flex e-con e-child\" data-id=\"111a02f0\" data-element_type=\"container\" data-e-type=\"container\">\n\t\t\t\t<div class=\"elementor-element elementor-element-5a58551 elementor-widget elementor-widget-image\" data-id=\"5a58551\" data-element_type=\"widget\" data-e-type=\"widget\" data-widget_type=\"image.default\">\n\t\t\t\t<div class=\"elementor-widget-container\">\n\t\t\t\t\t\t\t\t\t\t\t\t\t\t\t<img fetchpriority=\"high\" decoding=\"async\" width=\"768\" height=\"512\" src=\"https:\/\/www.demauriceaolivier.be\/wp-content\/uploads\/2024\/01\/de-maurice-a-olivier-cave-a-vin-mid-28-768x512.jpg\" class=\"attachment-medium_large size-medium_large wp-image-1852\" alt=\"\" srcset=\"https:\/\/www.demauriceaolivier.be\/wp-content\/uploads\/2024\/01\/de-maurice-a-olivier-cave-a-vin-mid-28-768x512.jpg 768w, https:\/\/www.demauriceaolivier.be\/wp-content\/uploads\/2024\/01\/de-maurice-a-olivier-cave-a-vin-mid-28-300x200.jpg 300w, https:\/\/www.demauriceaolivier.be\/wp-content\/uploads\/2024\/01\/de-maurice-a-olivier-cave-a-vin-mid-28-1024x683.jpg 1024w, https:\/\/www.demauriceaolivier.be\/wp-content\/uploads\/2024\/01\/de-maurice-a-olivier-cave-a-vin-mid-28.jpg 1279w\" sizes=\"(max-width: 768px) 100vw, 768px\" \/>\t\t\t\t\t\t\t\t\t\t\t\t\t\t\t<\/div>\n\t\t\t\t<\/div>\n\t\t\t\t<\/div>\n\t\t<div class=\"elementor-element elementor-element-38b217a3 e-con-full e-flex e-con e-child\" data-id=\"38b217a3\" data-element_type=\"container\" data-e-type=\"container\">\n\t\t\t\t<div class=\"elementor-element elementor-element-261c5930 elementor-widget elementor-widget-heading\" data-id=\"261c5930\" data-element_type=\"widget\" data-e-type=\"widget\" data-widget_type=\"heading.default\">\n\t\t\t\t<div class=\"elementor-widget-container\">\n\t\t\t\t\t<h2 class=\"elementor-heading-title elementor-size-default\">Die Loire-Weine<\/h2>\t\t\t\t<\/div>\n\t\t\t\t<\/div>\n\t\t\t\t<div class=\"elementor-element elementor-element-7df0567a elementor-widget elementor-widget-text-editor\" data-id=\"7df0567a\" data-element_type=\"widget\" data-e-type=\"widget\" data-widget_type=\"text-editor.default\">\n\t\t\t\t<div class=\"elementor-widget-container\">\n\t\t\t\t\t\t\t\t\t<p>Die Weine der Loire sind bekannt f\u00fcr ihre Vielfalt und Eleganz. Sie werden in einer Weinregion entlang der Loire produziert, von der Region Centre bis zum Atlantik. Es gibt mehrere Appellationen, darunter Sancerre, Pouilly-Fum\u00e9, Muscadet und Saumur-Champigny, um nur einige zu nennen. Die Wei\u00dfweine der Loire werden besonders f\u00fcr ihre Leichtigkeit und Frische gesch\u00e4tzt, w\u00e4hrend die Rotweine fruchtige und w\u00fcrzige Noten aufweisen. Die Winzer der Region verwenden haupts\u00e4chlich lokale Rebsorten wie Sauvignon Blanc f\u00fcr Wei\u00dfweine und Cabernet Franc f\u00fcr Rotweine. Die Loire ist auch bekannt f\u00fcr ihre Schaumweine wie Vouvray oder Cr\u00e9mant de Loire.<\/p>\t\t\t\t\t\t\t\t<\/div>\n\t\t\t\t<\/div>\n\t\t\t\t<\/div>\n\t\t\t\t\t<\/div>\n\t\t\t\t<\/div>\n\t\t<div class=\"elementor-element elementor-element-22405cfd e-flex e-con-boxed e-con e-parent\" data-id=\"22405cfd\" data-element_type=\"container\" data-e-type=\"container\" data-settings=\"{&quot;background_background&quot;:&quot;classic&quot;}\">\n\t\t\t\t\t<div class=\"e-con-inner\">\n\t\t\t\t<div class=\"elementor-element elementor-element-4ed67951 animated-slow elementor-invisible elementor-widget elementor-widget-heading\" data-id=\"4ed67951\" data-element_type=\"widget\" data-e-type=\"widget\" data-settings=\"{&quot;_animation&quot;:&quot;slideInLeft&quot;}\" data-widget_type=\"heading.default\">\n\t\t\t\t<div class=\"elementor-widget-container\">\n\t\t\t\t\t<h2 class=\"elementor-heading-title elementor-size-default\">Die Rotweine der Loire<\/h2>\t\t\t\t<\/div>\n\t\t\t\t<\/div>\n\t\t\t\t<div class=\"elementor-element elementor-element-741ca27d elementor-widget elementor-widget-text-editor\" data-id=\"741ca27d\" data-element_type=\"widget\" data-e-type=\"widget\" data-widget_type=\"text-editor.default\">\n\t\t\t\t<div class=\"elementor-widget-container\">\n\t\t\t\t\t\t\t\t\t<table><tbody><tr><td width=\"416\"><p><strong>Bourgeuil 2023 <\/strong>C\u00f4te 50 \u2013 Weingut Yannick Amirault<\/p><\/td><td width=\"113\"><p>Die Flasche<\/p><\/td><td width=\"66\"><p>40 \u20ac<\/p><\/td><\/tr><tr><td width=\"416\"><p><strong>Saint Nicolas de Bourgueil 2023<\/strong> La Source Domaine Yannick Amirault<\/p><\/td><td width=\"113\"><p>Die Flasche<\/p><\/td><td width=\"66\"><p>50 \u20ac<\/p><\/td><\/tr><tr><td width=\"416\"><p><strong>Saint Nicolas de Bourgueil 2020 <\/strong>Die Sittiche aus dem Geh\u00f6ft La Coutelleraie<\/p><\/td><td width=\"113\"><p>Die Flasche<\/p><\/td><td width=\"66\"><p>50 \u20ac<\/p><\/td><\/tr><tr><td width=\"416\"><p><strong>Sancerre rouge 2017 <\/strong>Domaine des Emois Joseph Mellot<\/p><\/td><td width=\"113\"><p>Die Flasche<\/p><\/td><td width=\"66\"><p>50 \u20ac<\/p><\/td><\/tr><tr><td width=\"416\"><p><strong>Sancerre rouge vieilles vignes 2023 <\/strong>Domaine Salmon<\/p><\/td><td width=\"113\"><p>Die Flasche<\/p><\/td><td width=\"66\"><p>55 \u20ac<\/p><\/td><\/tr><tr><td width=\"416\"><p><strong>Sancerre 2023\u00a0 <\/strong>Domaine Reverdy<\/p><\/td><td width=\"113\"><p>Die Flasche<\/p><\/td><td width=\"66\"><p>55 \u20ac<\/p><\/td><\/tr><tr><td width=\"416\"><p><strong>Sancerre<\/strong><strong> Rouge 2019 <\/strong>Domaine Vacheron in Sancerre<\/p><\/td><td width=\"113\"><p>Die Flasche<\/p><\/td><td width=\"66\"><p>80 \u20ac<\/p><\/td><\/tr><tr><td width=\"416\"><p><strong>Sancerre 2022 <\/strong>Vincent Pinard<\/p><\/td><td width=\"113\"><p>Die Flasche<\/p><\/td><td width=\"66\"><p>90 \u20ac<\/p><\/td><\/tr><tr><td width=\"416\"><p><strong>Sancerre 2020 Charlouise <\/strong>Vincent Pinard<\/p><\/td><td width=\"113\"><p>Die Flasche<\/p><\/td><td width=\"66\"><p>105 \u20ac<\/p><\/td><\/tr><tr><td width=\"416\"><p><strong>Sancerre 2020 Ganztraubeng\u00e4rung <\/strong>Vincent Pinard<\/p><\/td><td width=\"113\"><p>Die Flasche<\/p><\/td><td width=\"66\"><p>145 \u20ac<\/p><\/td><\/tr><tr><td width=\"416\"><p><strong>Touraine 2022 <\/strong>Domaine Fran\u00e7ois Chidaine \u00a0<\/p><\/td><td width=\"113\"><p>Die Flasche<\/p><\/td><td width=\"66\"><p>40 \u20ac<\/p><\/td><\/tr><tr><td width=\"416\"><p><strong>Menetou Salon 2023 <\/strong>La Tour Saint-Martin Pommerais Domaine Minchin<\/p><\/td><td width=\"113\"><p>Die Flasche<\/p><\/td><td width=\"66\"><p>55 \u20ac<\/p><\/td><\/tr><tr><td width=\"416\"><p><strong>Saumur Champigny 2024 <\/strong>Domaine des Roches Neuves Th Germain<\/p><\/td><td width=\"113\"><p>Die Flasche<\/p><\/td><td width=\"66\"><p>60 \u20ac<\/p><\/td><\/tr><tr><td width=\"416\"><p><strong>Saumur Champigny Ch\u00e2teau du Hureau 2020 <\/strong>Tuff<\/p><\/td><td width=\"113\"><p>Die Flasche<\/p><\/td><td width=\"66\"><p>50 \u20ac<\/p><\/td><\/tr><tr><td width=\"416\"><p><strong>Saumur Champigny Ch\u00e2teau Yvonne 2022 <\/strong>La Folie<\/p><\/td><td width=\"113\"><p>Die Flasche<\/p><\/td><td width=\"66\"><p>55 \u20ac<\/p><\/td><\/tr><tr><td width=\"416\"><p><strong>Chinon Fabrice Gasnier 2022 Les Graves<\/strong><\/p><\/td><td width=\"113\"><p>Die Flasche<\/p><\/td><td width=\"66\"><p>40 \u20ac<\/p><\/td><\/tr><tr><td width=\"416\"><p><strong>Chinon Fabrice Gasnier 2020 Alte Reben<\/strong><\/p><\/td><td width=\"113\"><p>Die Flasche<\/p><\/td><td width=\"66\"><p>45 \u20ac<\/p><\/td><\/tr><tr><td width=\"416\"><p><strong>Chinon Fabrice Gasnier 2019 Signature<\/strong><\/p><\/td><td width=\"113\"><p>Die Flasche<\/p><\/td><td width=\"66\"><p>50 \u20ac<\/p><\/td><\/tr><tr><td width=\"416\"><p><strong>Chinon Tradition 2021 <\/strong>Domaine Philippe Alliet<\/p><\/td><td width=\"113\"><p>Die Flasche<\/p><\/td><td width=\"66\"><p>55 \u20ac<\/p><\/td><\/tr><tr><td width=\"416\"><p><strong>Chinon Huisserie 2018 <\/strong>Domaine Philippe Alliet<\/p><\/td><td width=\"113\"><p>Die Flasche<\/p><\/td><td width=\"66\"><p>70 \u20ac<\/p><\/td><\/tr><tr><td width=\"416\"><p><strong>Poeten-Odyssee 2020<\/strong><\/p><\/td><td width=\"113\"><p>Die Flasche<\/p><\/td><td width=\"66\"><p>75 \u20ac<\/p><\/td><\/tr><\/tbody><\/table>\t\t\t\t\t\t\t\t<\/div>\n\t\t\t\t<\/div>\n\t\t\t\t\t<\/div>\n\t\t\t\t<\/div>\n\t\t<div class=\"elementor-element elementor-element-4e76a1f9 e-flex e-con-boxed e-con e-parent\" data-id=\"4e76a1f9\" data-element_type=\"container\" data-e-type=\"container\" data-settings=\"{&quot;background_background&quot;:&quot;classic&quot;}\">\n\t\t\t\t\t<div class=\"e-con-inner\">\n\t\t\t\t<div class=\"elementor-element elementor-element-17668bd7 animated-slow elementor-invisible elementor-widget elementor-widget-heading\" data-id=\"17668bd7\" data-element_type=\"widget\" data-e-type=\"widget\" data-settings=\"{&quot;_animation&quot;:&quot;slideInLeft&quot;}\" data-widget_type=\"heading.default\">\n\t\t\t\t<div class=\"elementor-widget-container\">\n\t\t\t\t\t<h2 class=\"elementor-heading-title elementor-size-default\">Die Wei\u00dfweine der Loire<\/h2>\t\t\t\t<\/div>\n\t\t\t\t<\/div>\n\t\t\t\t<div class=\"elementor-element elementor-element-2e325f73 elementor-widget elementor-widget-text-editor\" data-id=\"2e325f73\" data-element_type=\"widget\" data-e-type=\"widget\" data-widget_type=\"text-editor.default\">\n\t\t\t\t<div class=\"elementor-widget-container\">\n\t\t\t\t\t\t\t\t\t<table><tbody><tr><td width=\"416\"><p><strong>Sauvignon Touraine 2024 <\/strong>Domaine Fran\u00e7ois Chidaine \u00a0<\/p><\/td><td width=\"113\"><p>Die Flasche<\/p><\/td><td width=\"66\"><p>40 \u20ac<\/p><\/td><\/tr><tr><td width=\"416\"><p><strong>Paon Perch\u00e9 Vertikal 2023 <\/strong>Sauvignon Blanc &amp; Sauvignon Gris<\/p><\/td><td width=\"113\"><p>Die Flasche<\/p><\/td><td width=\"66\"><p>40 \u20ac<\/p><\/td><\/tr><tr><td width=\"416\"><p><strong>Cheverny 2024 <\/strong>Domaine Le Portail<\/p><\/td><td width=\"113\"><p>Die Flasche<\/p><\/td><td width=\"66\"><p>50 \u20ac<\/p><\/td><\/tr><tr><td width=\"416\"><p><strong>Sancerre 2021 Alte Reben\u00a0 <\/strong>Domaine Salmon<\/p><\/td><td width=\"113\"><p>Die Flasche<\/p><\/td><td width=\"66\"><p>50 \u20ac<\/p><\/td><\/tr><tr><td width=\"416\"><p><strong>Sancerre 2021 Alte Reben <\/strong>Domaine Reverdy<\/p><\/td><td width=\"113\"><p>Die Flasche<\/p><\/td><td width=\"66\"><p>55 \u20ac<\/p><\/td><\/tr><tr><td width=\"416\"><p><strong>Sancerre 2022 Cuv\u00e9e Flores <\/strong>Vincent Pinard<\/p><\/td><td width=\"113\"><p>Die Flasche<\/p><\/td><td width=\"66\"><p>70 \u20ac<\/p><\/td><\/tr><tr><td width=\"416\"><p><strong>Sancerre 2020 Cuv\u00e9e Nuance <\/strong>Vincent Pinard<\/p><\/td><td width=\"113\"><p>Die Flasche<\/p><\/td><td width=\"66\"><p>70 \u20ac<\/p><\/td><\/tr><tr><td width=\"416\"><p><strong>Sancerre 2020 Cuv\u00e9e Ch\u00eane Marchand\u00a0 <\/strong>Vincent Pinard<\/p><\/td><td width=\"113\"><p>Die Flasche<\/p><\/td><td width=\"66\"><p>105 \u20ac<\/p><\/td><\/tr><tr><td width=\"416\"><p><strong>Sancerre 2020 Cuv\u00e9e Le Ch\u00e2teau <\/strong>Vincent Pinard<\/p><\/td><td width=\"113\"><p>Die Flasche<\/p><\/td><td width=\"66\"><p>105 \u20ac<\/p><\/td><\/tr><tr><td width=\"416\"><p><strong>Sancerre 2020 <\/strong>Domaine des Emois Joseph Mellot<\/p><\/td><td width=\"113\"><p>Die Flasche<\/p><\/td><td width=\"66\"><p>55 \u20ac<\/p><\/td><\/tr><tr><td width=\"416\"><p><strong>Sancerre 2023 <\/strong>Dom Vacheron<\/p><\/td><td width=\"113\"><p>Die Flasche<\/p><\/td><td width=\"66\"><p>75 \u20ac<\/p><\/td><\/tr><tr><td width=\"416\"><p><strong>Sancerre 2023 La Moussi\u00e8re <\/strong>Domaine Alphonse Mellot<\/p><\/td><td width=\"113\"><p>Die Flasche<\/p><\/td><td width=\"66\"><p>90 \u20ac<\/p><\/td><\/tr><tr><td width=\"416\"><p><strong>Sancerre Les Herses 2021 <\/strong>Domaine Mathias Planchon<\/p><\/td><td width=\"113\"><p>Die Flasche<\/p><\/td><td width=\"66\"><p>95 \u20ac<\/p><\/td><\/tr><tr><td width=\"416\"><p><strong>Sancerre Les Caillottes 2022 <\/strong>Domaine F Cotat<\/p><\/td><td width=\"113\"><p>Die Flasche<\/p><\/td><td width=\"66\"><p>90 \u20ac<\/p><\/td><\/tr><tr><td width=\"416\"><p><strong>Sancerre Les Monts Damn\u00e9s 2015 <\/strong>Domaine F Cotat<\/p><\/td><td width=\"113\"><p>Die Flasche<\/p><\/td><td width=\"66\"><p>125 \u20ac<\/p><\/td><\/tr><tr><td width=\"416\"><p><strong>Saumur Champigny Insolite 2022 <\/strong>Dom des Roches Neuves Th Germain<\/p><\/td><td width=\"113\"><p>Die Flasche<\/p><\/td><td width=\"66\"><p>75 \u20ac<\/p><\/td><\/tr><tr><td width=\"416\"><p><strong>Pouilly Fum\u00e9 Ch\u00e2teau Fauvray 2022<\/strong><\/p><\/td><td width=\"113\"><p>Die Flasche<\/p><\/td><td width=\"66\"><p>45 \u20ac<\/p><\/td><\/tr><tr><td width=\"416\"><p><strong>Pouilly Fum\u00e9 Ch\u00e2teau Fauvray 2019 Cuv\u00e9e Tonnerre<\/strong><\/p><\/td><td width=\"113\"><p>Die Flasche<\/p><\/td><td width=\"66\"><p>55 \u20ac<\/p><\/td><\/tr><tr><td width=\"416\"><p><strong>Pouilly Fum\u00e9 2022 <\/strong>Domaine Dezat<\/p><\/td><td width=\"113\"><p>Die Flasche<\/p><\/td><td width=\"66\"><p>50 \u20ac<\/p><\/td><\/tr><tr><td width=\"416\"><p><strong>Pouilly Fum\u00e9 2021 <\/strong>Weingut C\u00e9dric Bardin<\/p><\/td><td width=\"113\"><p>Die Flasche<\/p><\/td><td width=\"66\"><p>50 \u20ac<\/p><\/td><\/tr><tr><td width=\"416\"><p><strong>Pouilly Fum\u00e9 2021 Clos des Criots <\/strong>Domaine Salmon<\/p><\/td><td width=\"113\"><p>Die Flasche<\/p><\/td><td width=\"66\"><p>50 \u20ac<\/p><\/td><\/tr><tr><td width=\"416\"><p><strong>Pouilly Fum\u00e9 2022 Ch\u00e2teau de Tracy <\/strong><\/p><\/td><td width=\"113\"><p>Die Flasche<\/p><\/td><td width=\"66\"><p>70 \u20ac<\/p><\/td><\/tr><tr><td width=\"416\"><p><strong>Pouilly Fum\u00e9 2023 Terres Blanches <\/strong>Domaine du Bouchot<\/p><\/td><td width=\"113\"><p>Die Flasche<\/p><\/td><td width=\"66\"><p>90 \u20ac<\/p><\/td><\/tr><tr><td width=\"416\"><p><strong>Pouilly Fum\u00e9 2023 <\/strong>Die Dichter<\/p><\/td><td width=\"113\"><p>Die Flasche<\/p><\/td><td width=\"66\"><p>65 \u20ac<\/p><\/td><\/tr><tr><td width=\"416\"><p><strong>Sauvignon Po\u00ebte Argos 2020 <\/strong>Sauvignon<\/p><\/td><td width=\"113\"><p>Die Flasche<\/p><\/td><td width=\"66\"><p>80 \u20ac<\/p><\/td><\/tr><tr><td width=\"416\"><p><strong>Sauvignon Po\u00ebte Orph\u00e9e 2019 <\/strong>Sauvignon<\/p><\/td><td width=\"113\"><p>Die Flasche<\/p><\/td><td width=\"66\"><p>80 \u20ac<\/p><\/td><\/tr><tr><td width=\"416\"><p><strong>Sauvignon Po\u00ebte Toison d\u2019or 2018 <\/strong>Grauburgunder<\/p><\/td><td width=\"113\"><p>Die Flasche<\/p><\/td><td width=\"66\"><p>70 \u20ac<\/p><\/td><\/tr><tr><td width=\"416\"><p><strong>Le S de Po\u00e8tes 2023<\/strong><\/p><\/td><td width=\"113\"><p>Die Flasche<\/p><\/td><td width=\"66\"><p>50 \u20ac<\/p><\/td><\/tr><tr><td width=\"416\"><p><strong>Menetou Salon 2021 <\/strong>Domaine Dezat<\/p><\/td><td width=\"113\"><p>Die Flasche<\/p><\/td><td width=\"66\"><p>50 \u20ac<\/p><\/td><\/tr><tr><td width=\"416\"><p><strong>Menetou Salon 2019 Madame Fontaine Tracy<\/strong><\/p><\/td><td width=\"113\"><p>Die Flasche<\/p><\/td><td width=\"66\"><p>50 \u20ac<\/p><\/td><\/tr><tr><td width=\"416\"><p><strong>Menetou Salon 2020 <\/strong>Domaine Minchin Tour Saint Martin\u00a0<\/p><\/td><td width=\"113\"><p>Die Flasche<\/p><\/td><td width=\"66\"><p>50 \u20ac<\/p><\/td><\/tr><tr><td width=\"416\"><p><strong>Chinon 2017 <\/strong>Domaine Philippe Alliet<\/p><\/td><td width=\"113\"><p>Die Flasche<\/p><\/td><td width=\"66\"><p>55 \u20ac<\/p><\/td><\/tr><tr><td width=\"416\"><p><strong>Montlouis Clos du Breuil 2018 <\/strong>Domaine Fran\u00e7ois Chridaine<\/p><\/td><td width=\"113\"><p>Die Flasche<\/p><\/td><td width=\"66\"><p>85 \u20ac<\/p><\/td><\/tr><tr><td width=\"416\"><p><strong>Vouvray les Argiles 2018\u00a0 <\/strong>Domaine Fran\u00e7ois Chidaine \u00a0<\/p><\/td><td width=\"113\"><p>Die Flasche<\/p><\/td><td width=\"66\"><p>75 \u20ac<\/p><\/td><\/tr><\/tbody><\/table>\t\t\t\t\t\t\t\t<\/div>\n\t\t\t\t<\/div>\n\t\t\t\t\t<\/div>\n\t\t\t\t<\/div>\n\t\t<div class=\"elementor-element elementor-element-3791a6d e-flex e-con-boxed e-con e-parent\" data-id=\"3791a6d\" data-element_type=\"container\" data-e-type=\"container\" data-settings=\"{&quot;background_background&quot;:&quot;classic&quot;}\">\n\t\t\t\t\t<div class=\"e-con-inner\">\n\t\t\t\t<div class=\"elementor-element elementor-element-3a0502d animated-slow elementor-invisible elementor-widget elementor-widget-heading\" data-id=\"3a0502d\" data-element_type=\"widget\" data-e-type=\"widget\" data-settings=\"{&quot;_animation&quot;:&quot;slideInLeft&quot;}\" data-widget_type=\"heading.default\">\n\t\t\t\t<div class=\"elementor-widget-container\">\n\t\t\t\t\t<h2 class=\"elementor-heading-title elementor-size-default\">Die Ros\u00e9-Weine der Loire<\/h2>\t\t\t\t<\/div>\n\t\t\t\t<\/div>\n\t\t\t\t<div class=\"elementor-element elementor-element-d8ffbba elementor-widget elementor-widget-text-editor\" data-id=\"d8ffbba\" data-element_type=\"widget\" data-e-type=\"widget\" data-widget_type=\"text-editor.default\">\n\t\t\t\t<div class=\"elementor-widget-container\">\n\t\t\t\t\t\t\t\t\t<table><tbody><tr><td width=\"416\"><p><strong>Sancerre 2024 Alte Reben <\/strong>Domaine Reverdy<\/p><\/td><td width=\"113\"><p>Die Flasche<\/p><\/td><td width=\"66\"><p>50 \u20ac<\/p><\/td><\/tr><tr><td width=\"416\"><p><strong>Der Ros\u00e9 aus Chinon 2022 <\/strong>Domaine Fabrice Gasnier<\/p><\/td><td width=\"113\"><p>Die Flasche<\/p><\/td><td width=\"66\"><p>40 \u20ac<\/p><\/td><\/tr><\/tbody><\/table>\t\t\t\t\t\t\t\t<\/div>\n\t\t\t\t<\/div>\n\t\t\t\t\t<\/div>\n\t\t\t\t<\/div>\n\t\t\t\t<\/div>","protected":false},"excerpt":{"rendered":"<p>Les vins de la Loire La cave d&rsquo;Olivier Les vins de la Loire Les vins de la Loire sont r\u00e9put\u00e9s pour leur diversit\u00e9 et leur \u00e9l\u00e9gance. Ils sont produits dans une r\u00e9gion viticole situ\u00e9e le long de la Loire, depuis la r\u00e9gion Centre jusqu&rsquo;\u00e0 l&rsquo;Atlantique. On trouve plusieurs appellations parmi lesquelles le Sancerre, le Pouilly-Fum\u00e9, [&hellip;]<\/p>\n","protected":false},"author":1,"featured_media":0,"parent":0,"menu_order":0,"comment_status":"closed","ping_status":"closed","template":"elementor_header_footer","meta":{"footnotes":""},"class_list":["post-1544","page","type-page","status-publish","hentry"],"_links":{"self":[{"href":"https:\/\/www.demauriceaolivier.be\/de\/wp-json\/wp\/v2\/pages\/1544","targetHints":{"allow":["GET"]}}],"collection":[{"href":"https:\/\/www.demauriceaolivier.be\/de\/wp-json\/wp\/v2\/pages"}],"about":[{"href":"https:\/\/www.demauriceaolivier.be\/de\/wp-json\/wp\/v2\/types\/page"}],"author":[{"embeddable":true,"href":"https:\/\/www.demauriceaolivier.be\/de\/wp-json\/wp\/v2\/users\/1"}],"replies":[{"embeddable":true,"href":"https:\/\/www.demauriceaolivier.be\/de\/wp-json\/wp\/v2\/comments?post=1544"}],"version-history":[{"count":14,"href":"https:\/\/www.demauriceaolivier.be\/de\/wp-json\/wp\/v2\/pages\/1544\/revisions"}],"predecessor-version":[{"id":2887,"href":"https:\/\/www.demauriceaolivier.be\/de\/wp-json\/wp\/v2\/pages\/1544\/revisions\/2887"}],"wp:attachment":[{"href":"https:\/\/www.demauriceaolivier.be\/de\/wp-json\/wp\/v2\/media?parent=1544"}],"curies":[{"name":"wp","href":"https:\/\/api.w.org\/{rel}","templated":true}]}}