{"id":1563,"date":"2023-12-14T11:47:39","date_gmt":"2023-12-14T10:47:39","guid":{"rendered":"https:\/\/www.demauriceaolivier.marketing-virtual-tools.com\/?page_id=1563"},"modified":"2025-09-08T18:14:30","modified_gmt":"2025-09-08T16:14:30","slug":"wein-aus-languedoc-roussillon","status":"publish","type":"page","link":"https:\/\/www.demauriceaolivier.be\/de\/vins-du-languedoc-du-roussillon\/","title":{"rendered":"Weine aus dem Languedoc &amp; Roussillon"},"content":{"rendered":"<div data-elementor-type=\"wp-page\" data-elementor-id=\"1563\" class=\"elementor elementor-1563\" data-elementor-post-type=\"page\">\n\t\t\t\t<div class=\"elementor-element elementor-element-312bc473 e-flex e-con-boxed e-con e-parent\" data-id=\"312bc473\" data-element_type=\"container\" data-e-type=\"container\" data-settings=\"{&quot;background_background&quot;:&quot;classic&quot;}\">\n\t\t\t\t\t<div class=\"e-con-inner\">\n\t\t<div class=\"elementor-element elementor-element-1e9cedcc e-flex e-con-boxed e-con e-child\" data-id=\"1e9cedcc\" data-element_type=\"container\" data-e-type=\"container\">\n\t\t\t\t\t<div class=\"e-con-inner\">\n\t\t\t\t<div class=\"elementor-element elementor-element-137a18ae elementor-widget elementor-widget-heading\" data-id=\"137a18ae\" data-element_type=\"widget\" data-e-type=\"widget\" data-widget_type=\"heading.default\">\n\t\t\t\t<div class=\"elementor-widget-container\">\n\t\t\t\t\t<h1 class=\"elementor-heading-title elementor-size-default\">Die Weine des Languedoc-Roussillon<\/h1>\t\t\t\t<\/div>\n\t\t\t\t<\/div>\n\t\t\t\t<div class=\"elementor-element elementor-element-79e3c6d3 elementor-widget elementor-widget-heading\" data-id=\"79e3c6d3\" data-element_type=\"widget\" data-e-type=\"widget\" data-widget_type=\"heading.default\">\n\t\t\t\t<div class=\"elementor-widget-container\">\n\t\t\t\t\t<h1 class=\"elementor-heading-title elementor-size-default\">Oliviers Keller<\/h1>\t\t\t\t<\/div>\n\t\t\t\t<\/div>\n\t\t\t\t\t<\/div>\n\t\t\t\t<\/div>\n\t\t\t\t\t<\/div>\n\t\t\t\t<\/div>\n\t\t<div class=\"elementor-element elementor-element-49c5b25a animated-slow e-flex e-con-boxed elementor-invisible e-con e-parent\" data-id=\"49c5b25a\" data-element_type=\"container\" data-e-type=\"container\" data-settings=\"{&quot;background_background&quot;:&quot;classic&quot;,&quot;animation&quot;:&quot;fadeIn&quot;}\">\n\t\t\t\t\t<div class=\"e-con-inner\">\n\t\t<div class=\"elementor-element elementor-element-5308f1a4 e-con-full e-flex e-con e-child\" data-id=\"5308f1a4\" data-element_type=\"container\" data-e-type=\"container\">\n\t\t\t\t<div class=\"elementor-element elementor-element-6b9b9c9c elementor-widget elementor-widget-image\" data-id=\"6b9b9c9c\" data-element_type=\"widget\" data-e-type=\"widget\" data-widget_type=\"image.default\">\n\t\t\t\t<div class=\"elementor-widget-container\">\n\t\t\t\t\t\t\t\t\t\t\t\t\t\t\t<img fetchpriority=\"high\" decoding=\"async\" width=\"799\" height=\"533\" src=\"https:\/\/www.demauriceaolivier.be\/wp-content\/uploads\/2024\/01\/de-maurica-a-olivier-cave-a-vin-low-18.jpg\" class=\"attachment-large size-large wp-image-1770\" alt=\"\" srcset=\"https:\/\/www.demauriceaolivier.be\/wp-content\/uploads\/2024\/01\/de-maurica-a-olivier-cave-a-vin-low-18.jpg 799w, https:\/\/www.demauriceaolivier.be\/wp-content\/uploads\/2024\/01\/de-maurica-a-olivier-cave-a-vin-low-18-300x200.jpg 300w, https:\/\/www.demauriceaolivier.be\/wp-content\/uploads\/2024\/01\/de-maurica-a-olivier-cave-a-vin-low-18-768x512.jpg 768w\" sizes=\"(max-width: 799px) 100vw, 799px\" \/>\t\t\t\t\t\t\t\t\t\t\t\t\t\t\t<\/div>\n\t\t\t\t<\/div>\n\t\t\t\t<\/div>\n\t\t<div class=\"elementor-element elementor-element-23a41149 e-con-full e-flex e-con e-child\" data-id=\"23a41149\" data-element_type=\"container\" data-e-type=\"container\">\n\t\t\t\t<div class=\"elementor-element elementor-element-6268ba0c elementor-widget elementor-widget-heading\" data-id=\"6268ba0c\" data-element_type=\"widget\" data-e-type=\"widget\" data-widget_type=\"heading.default\">\n\t\t\t\t<div class=\"elementor-widget-container\">\n\t\t\t\t\t<h2 class=\"elementor-heading-title elementor-size-default\">Die Weine des Languedoc-Roussillon<\/h2>\t\t\t\t<\/div>\n\t\t\t\t<\/div>\n\t\t\t\t<div class=\"elementor-element elementor-element-f948b3c elementor-widget elementor-widget-text-editor\" data-id=\"f948b3c\" data-element_type=\"widget\" data-e-type=\"widget\" data-widget_type=\"text-editor.default\">\n\t\t\t\t<div class=\"elementor-widget-container\">\n\t\t\t\t\t\t\t\t\t<p>Languedoc und Roussillon, im S\u00fcdwesten Frankreichs gelegen, sind bekannt f\u00fcr ihre Qualit\u00e4tsweine zu erschwinglichen Preisen. Das warme und trockene mediterrane Klima der Region erm\u00f6glicht in Verbindung mit einer gro\u00dfen Vielfalt an B\u00f6den die Herstellung vieler verschiedener Weinarten, von kr\u00e4ftigen und w\u00fcrzigen Rotweinen bis hin zu frischen und fruchtigen Wei\u00dfweinen.<\/p><p>Die am h\u00e4ufigsten verwendeten Rebsorten f\u00fcr Rotweine in dieser Region sind Syrah, Grenache und Carignan, w\u00e4hrend Wei\u00dfweine in der Regel aus Rebsorten wie Chardonnay und Viognier hergestellt werden. Ros\u00e9weine sind hier ebenfalls sehr beliebt und werden oft aus einer Mischung von roten und wei\u00dfen Rebsorten hergestellt.<\/p>\t\t\t\t\t\t\t\t<\/div>\n\t\t\t\t<\/div>\n\t\t\t\t<\/div>\n\t\t\t\t\t<\/div>\n\t\t\t\t<\/div>\n\t\t<div class=\"elementor-element elementor-element-46d2345d e-flex e-con-boxed e-con e-parent\" data-id=\"46d2345d\" data-element_type=\"container\" data-e-type=\"container\" data-settings=\"{&quot;background_background&quot;:&quot;classic&quot;}\">\n\t\t\t\t\t<div class=\"e-con-inner\">\n\t\t\t\t<div class=\"elementor-element elementor-element-4402afd6 animated-slow elementor-invisible elementor-widget elementor-widget-heading\" data-id=\"4402afd6\" data-element_type=\"widget\" data-e-type=\"widget\" data-settings=\"{&quot;_animation&quot;:&quot;slideInLeft&quot;}\" data-widget_type=\"heading.default\">\n\t\t\t\t<div class=\"elementor-widget-container\">\n\t\t\t\t\t<h2 class=\"elementor-heading-title elementor-size-default\">Die Wei\u00dfweine des Languedoc und Roussillon<\/h2>\t\t\t\t<\/div>\n\t\t\t\t<\/div>\n\t\t\t\t<div class=\"elementor-element elementor-element-62bf9552 elementor-widget elementor-widget-text-editor\" data-id=\"62bf9552\" data-element_type=\"widget\" data-e-type=\"widget\" data-widget_type=\"text-editor.default\">\n\t\t\t\t<div class=\"elementor-widget-container\">\n\t\t\t\t\t\t\t\t\t<table><tbody><tr><td width=\"415\"><p><strong>Domaine de la Rectorie 2023<\/strong> Collioure Ton<\/p><\/td><td width=\"113\"><p>Die Flasche<\/p><\/td><td width=\"66\"><p>70 \u20ac<\/p><\/td><\/tr><tr><td width=\"415\"><p><strong>Domaine de la Rectorie 2019<\/strong> Courne Marie Pr\u00e4zeptorie von Centernach<\/p><\/td><td width=\"113\"><p>Die Flasche<\/p><\/td><td width=\"66\"><p>\u00a0 55 \u20ac<\/p><\/td><\/tr><tr><td width=\"415\"><p><strong>Domaine Christophe Marin Olivia 2020 <\/strong>Katalanische H\u00e4nge<\/p><\/td><td width=\"113\"><p>Die Flasche<\/p><\/td><td width=\"66\"><p>50 \u20ac<\/p><\/td><\/tr><tr><td width=\"415\"><p><strong>Domaine de l\u2019Hortus 2021 <\/strong>Pic Saint Loup<\/p><\/td><td width=\"113\"><p>Die Flasche<\/p><\/td><td width=\"66\"><p>55 \u20ac<\/p><\/td><\/tr><tr><td width=\"415\"><p><strong>Bergerie de l\u2019Hortus 2022 <\/strong>Pic Saint Loup<\/p><\/td><td width=\"113\"><p>Die Flasche<\/p><\/td><td width=\"66\"><p>35 \u20ac<\/p><\/td><\/tr><\/tbody><\/table>\t\t\t\t\t\t\t\t<\/div>\n\t\t\t\t<\/div>\n\t\t\t\t\t<\/div>\n\t\t\t\t<\/div>\n\t\t<div class=\"elementor-element elementor-element-221f64b6 e-flex e-con-boxed e-con e-parent\" data-id=\"221f64b6\" data-element_type=\"container\" data-e-type=\"container\" data-settings=\"{&quot;background_background&quot;:&quot;classic&quot;}\">\n\t\t\t\t\t<div class=\"e-con-inner\">\n\t\t\t\t<div class=\"elementor-element elementor-element-3208e737 animated-slow elementor-invisible elementor-widget elementor-widget-heading\" data-id=\"3208e737\" data-element_type=\"widget\" data-e-type=\"widget\" data-settings=\"{&quot;_animation&quot;:&quot;slideInLeft&quot;}\" data-widget_type=\"heading.default\">\n\t\t\t\t<div class=\"elementor-widget-container\">\n\t\t\t\t\t<h2 class=\"elementor-heading-title elementor-size-default\">Ros\u00e9-, Orange-Weine aus dem Languedoc und Roussillon<\/h2>\t\t\t\t<\/div>\n\t\t\t\t<\/div>\n\t\t\t\t<div class=\"elementor-element elementor-element-6d41cbf1 elementor-widget elementor-widget-text-editor\" data-id=\"6d41cbf1\" data-element_type=\"widget\" data-e-type=\"widget\" data-widget_type=\"text-editor.default\">\n\t\t\t\t<div class=\"elementor-widget-container\">\n\t\t\t\t\t\t\t\t\t<table><tbody><tr><td width=\"415\"><p><strong>Mas Janiel 2021 <\/strong>Sarrat del Mas, Orange Wein Fran\u00e7ois Lurton<\/p><\/td><td width=\"113\"><p>Die Flasche<\/p><\/td><td width=\"66\"><p>50 \u20ac<\/p><\/td><\/tr><tr><td width=\"415\"><p><strong>Domaine de l\u2019Hortus 2021 <\/strong>Ros\u00e9 de saign\u00e9e<\/p><\/td><td width=\"113\"><p>Die Flasche<\/p><\/td><td width=\"66\"><p>40 \u20ac<\/p><\/td><\/tr><tr><td width=\"415\"><p><strong>Domaine de l\u2019Hortus 2023 Le Loup dans la Bergerie<\/strong><\/p><\/td><td width=\"113\"><p>Die Flasche<\/p><\/td><td width=\"66\"><p>35 \u20ac<\/p><\/td><\/tr><\/tbody><\/table>\t\t\t\t\t\t\t\t<\/div>\n\t\t\t\t<\/div>\n\t\t\t\t\t<\/div>\n\t\t\t\t<\/div>\n\t\t<div class=\"elementor-element elementor-element-de64ec6 e-flex e-con-boxed e-con e-parent\" data-id=\"de64ec6\" data-element_type=\"container\" data-e-type=\"container\" data-settings=\"{&quot;background_background&quot;:&quot;classic&quot;}\">\n\t\t\t\t\t<div class=\"e-con-inner\">\n\t\t\t\t<div class=\"elementor-element elementor-element-76d3538 animated-slow elementor-invisible elementor-widget elementor-widget-heading\" data-id=\"76d3538\" data-element_type=\"widget\" data-e-type=\"widget\" data-settings=\"{&quot;_animation&quot;:&quot;slideInLeft&quot;}\" data-widget_type=\"heading.default\">\n\t\t\t\t<div class=\"elementor-widget-container\">\n\t\t\t\t\t<h2 class=\"elementor-heading-title elementor-size-default\">Rotweine aus Languedoc und Roussillon<\/h2>\t\t\t\t<\/div>\n\t\t\t\t<\/div>\n\t\t\t\t<div class=\"elementor-element elementor-element-0f57ed4 elementor-widget elementor-widget-text-editor\" data-id=\"0f57ed4\" data-element_type=\"widget\" data-e-type=\"widget\" data-widget_type=\"text-editor.default\">\n\t\t\t\t<div class=\"elementor-widget-container\">\n\t\t\t\t\t\t\t\t\t<table><tbody><tr><td width=\"415\"><p><strong>Domaine Alquier 2018 Les Premiers \u00a0<\/strong>Faug\u00e8res<\/p><\/td><td width=\"113\"><p>Die Flasche<\/p><\/td><td width=\"66\"><p>45 \u20ac<\/p><\/td><\/tr><tr><td width=\"415\"><p><strong>Domaine Bertrand Berge 2020 <\/strong>Fitou Cuv\u00e9e Ancestrale<\/p><\/td><td width=\"113\"><p>Die Flasche<\/p><\/td><td width=\"66\"><p>50 \u20ac<\/p><\/td><\/tr><tr><td width=\"415\"><p><strong>Mas Foulaquier l\u2019Orph\u00e9e 2021 <\/strong>Pic Saint Loup<\/p><\/td><td width=\"113\"><p>Die Flasche<\/p><\/td><td width=\"66\"><p>55 \u20ac<\/p><\/td><\/tr><tr><td width=\"415\"><p><strong>Domaine de l\u2019Hortus 2023 Le Loup dans la Bergerie<\/strong><\/p><\/td><td width=\"113\"><p>Die Flasche<\/p><\/td><td width=\"66\"><p>40 \u20ac<\/p><\/td><\/tr><tr><td width=\"415\"><p><strong>Bergerie de l\u2019Hortus 2021 <\/strong>Pic Saint Loup<\/p><\/td><td width=\"113\"><p>Die Flasche<\/p><\/td><td width=\"66\"><p>40 \u20ac<\/p><\/td><\/tr><tr><td width=\"415\"><p><strong>Domaine de l\u2019Hortus 2022 <\/strong>Pic Saint Loup<\/p><\/td><td width=\"113\"><p>Die Flasche<\/p><\/td><td width=\"66\"><p>55 \u20ac<\/p><\/td><\/tr><tr><td width=\"415\"><p><strong>Domaine de la Rectorie 2021 <\/strong>Courne Marie Pr\u00e4zeptorie von Centernach<\/p><\/td><td width=\"113\"><p>Die Flasche<\/p><\/td><td width=\"66\"><p>55 \u20ac<\/p><\/td><\/tr><tr><td width=\"415\"><p><strong>Domaine de la Rectorie 2022 <\/strong>Collioure Montagne<\/p><\/td><td width=\"113\"><p>Die Flasche<\/p><\/td><td width=\"66\"><p>75 \u20ac<\/p><\/td><\/tr><tr><td width=\"415\"><p><strong>Domaine de la Rectorie 2023 <\/strong>Collioure Meerseite<\/p><\/td><td width=\"113\"><p>Die Flasche<\/p><\/td><td width=\"66\"><p>60 \u20ac<\/p><\/td><\/tr><tr><td width=\"415\"><p><strong>Le Pilou 2014 <\/strong>Domaine Olivier Pithon<\/p><\/td><td width=\"113\"><p>Die Flasche<\/p><\/td><td width=\"66\"><p>90 \u20ac<\/p><\/td><\/tr><\/tbody><\/table>\t\t\t\t\t\t\t\t<\/div>\n\t\t\t\t<\/div>\n\t\t\t\t\t<\/div>\n\t\t\t\t<\/div>\n\t\t\t\t<\/div>","protected":false},"excerpt":{"rendered":"<p>Les vins du Languedoc &amp; du Roussillon La cave d&rsquo;Olivier Les vins du Languedoc &amp; du Roussillon Le Languedoc et le Roussillon, situ\u00e9s dans le sud-ouest de la France, sont connus pour leurs vins de qualit\u00e9 \u00e0 des prix abordables. Le climat m\u00e9diterran\u00e9en chaud et sec de la r\u00e9gion, combin\u00e9 \u00e0 une grande vari\u00e9t\u00e9 de [&hellip;]<\/p>\n","protected":false},"author":1,"featured_media":0,"parent":0,"menu_order":0,"comment_status":"closed","ping_status":"closed","template":"elementor_header_footer","meta":{"footnotes":""},"class_list":["post-1563","page","type-page","status-publish","hentry"],"_links":{"self":[{"href":"https:\/\/www.demauriceaolivier.be\/de\/wp-json\/wp\/v2\/pages\/1563","targetHints":{"allow":["GET"]}}],"collection":[{"href":"https:\/\/www.demauriceaolivier.be\/de\/wp-json\/wp\/v2\/pages"}],"about":[{"href":"https:\/\/www.demauriceaolivier.be\/de\/wp-json\/wp\/v2\/types\/page"}],"author":[{"embeddable":true,"href":"https:\/\/www.demauriceaolivier.be\/de\/wp-json\/wp\/v2\/users\/1"}],"replies":[{"embeddable":true,"href":"https:\/\/www.demauriceaolivier.be\/de\/wp-json\/wp\/v2\/comments?post=1563"}],"version-history":[{"count":22,"href":"https:\/\/www.demauriceaolivier.be\/de\/wp-json\/wp\/v2\/pages\/1563\/revisions"}],"predecessor-version":[{"id":2897,"href":"https:\/\/www.demauriceaolivier.be\/de\/wp-json\/wp\/v2\/pages\/1563\/revisions\/2897"}],"wp:attachment":[{"href":"https:\/\/www.demauriceaolivier.be\/de\/wp-json\/wp\/v2\/media?parent=1563"}],"curies":[{"name":"wp","href":"https:\/\/api.w.org\/{rel}","templated":true}]}}