{"id":16,"date":"2023-11-16T16:30:17","date_gmt":"2023-11-16T16:30:17","guid":{"rendered":"https:\/\/www.demauriceaolivier.marketing-virtual-tools.com\/?page_id=16"},"modified":"2026-02-06T10:36:30","modified_gmt":"2026-02-06T09:36:30","slug":"accueil","status":"publish","type":"page","link":"https:\/\/www.demauriceaolivier.be\/de\/","title":{"rendered":"Startseite"},"content":{"rendered":"<div data-elementor-type=\"wp-page\" data-elementor-id=\"16\" class=\"elementor elementor-16\" data-elementor-post-type=\"page\">\n\t\t\t\t<div class=\"elementor-element elementor-element-2e81ff1b e-flex e-con-boxed e-con e-parent\" data-id=\"2e81ff1b\" data-element_type=\"container\" data-e-type=\"container\" data-settings=\"{&quot;background_background&quot;:&quot;classic&quot;}\">\n\t\t\t\t\t<div class=\"e-con-inner\">\n\t\t<div class=\"elementor-element elementor-element-d2acc60 e-flex e-con-boxed e-con e-child\" data-id=\"d2acc60\" data-element_type=\"container\" data-e-type=\"container\">\n\t\t\t\t\t<div class=\"e-con-inner\">\n\t\t\t\t<div class=\"elementor-element elementor-element-0443b29 elementor-widget elementor-widget-heading\" data-id=\"0443b29\" data-element_type=\"widget\" data-e-type=\"widget\" data-widget_type=\"heading.default\">\n\t\t\t\t<div class=\"elementor-widget-container\">\n\t\t\t\t\t<h1 class=\"elementor-heading-title elementor-size-default\">Gourmet-Restaurant Br\u00fcssel<\/h1>\t\t\t\t<\/div>\n\t\t\t\t<\/div>\n\t\t\t\t<div class=\"elementor-element elementor-element-43929bc elementor-widget elementor-widget-heading\" data-id=\"43929bc\" data-element_type=\"widget\" data-e-type=\"widget\" data-widget_type=\"heading.default\">\n\t\t\t\t<div class=\"elementor-widget-container\">\n\t\t\t\t\t<h2 class=\"elementor-heading-title elementor-size-default\">&amp; Vertraulich<\/h2>\t\t\t\t<\/div>\n\t\t\t\t<\/div>\n\t\t\t\t\t<\/div>\n\t\t\t\t<\/div>\n\t\t\t\t\t<\/div>\n\t\t\t\t<\/div>\n\t\t<div class=\"elementor-element elementor-element-4c13c6c animated-slow e-flex e-con-boxed elementor-invisible e-con e-parent\" data-id=\"4c13c6c\" data-element_type=\"container\" data-e-type=\"container\" data-settings=\"{&quot;background_background&quot;:&quot;classic&quot;,&quot;animation&quot;:&quot;fadeIn&quot;}\">\n\t\t\t\t\t<div class=\"e-con-inner\">\n\t\t<div class=\"elementor-element elementor-element-e3eeba1 e-con-full e-flex e-con e-child\" data-id=\"e3eeba1\" data-element_type=\"container\" data-e-type=\"container\">\n\t\t\t\t<div class=\"elementor-element elementor-element-7151146 elementor-widget elementor-widget-image\" data-id=\"7151146\" data-element_type=\"widget\" data-e-type=\"widget\" data-widget_type=\"image.default\">\n\t\t\t\t<div class=\"elementor-widget-container\">\n\t\t\t\t\t\t\t\t\t\t\t\t\t\t\t<img fetchpriority=\"high\" decoding=\"async\" width=\"768\" height=\"512\" src=\"https:\/\/www.demauriceaolivier.be\/wp-content\/uploads\/2023\/11\/de-maurice-a-olivier-low-01-126-768x512.jpg\" class=\"attachment-medium_large size-medium_large wp-image-197\" alt=\"Gourmet-Restaurant Br\u00fcssel\" srcset=\"https:\/\/www.demauriceaolivier.be\/wp-content\/uploads\/2023\/11\/de-maurice-a-olivier-low-01-126-768x512.jpg 768w, https:\/\/www.demauriceaolivier.be\/wp-content\/uploads\/2023\/11\/de-maurice-a-olivier-low-01-126-300x200.jpg 300w, https:\/\/www.demauriceaolivier.be\/wp-content\/uploads\/2023\/11\/de-maurice-a-olivier-low-01-126.jpg 800w\" sizes=\"(max-width: 768px) 100vw, 768px\" \/>\t\t\t\t\t\t\t\t\t\t\t\t\t\t\t<\/div>\n\t\t\t\t<\/div>\n\t\t\t\t<\/div>\n\t\t<div class=\"elementor-element elementor-element-4bb633c e-con-full e-flex e-con e-child\" data-id=\"4bb633c\" data-element_type=\"container\" data-e-type=\"container\">\n\t\t\t\t<div class=\"elementor-element elementor-element-8941ca2 elementor-widget elementor-widget-heading\" data-id=\"8941ca2\" data-element_type=\"widget\" data-e-type=\"widget\" data-widget_type=\"heading.default\">\n\t\t\t\t<div class=\"elementor-widget-container\">\n\t\t\t\t\t<h2 class=\"elementor-heading-title elementor-size-default\">Gourmet-Restaurant Br\u00fcssel \u2013 Das einzige, das vertraulich ist<\/h2>\t\t\t\t<\/div>\n\t\t\t\t<\/div>\n\t\t\t\t<div class=\"elementor-element elementor-element-fc1830e elementor-widget elementor-widget-text-editor\" data-id=\"fc1830e\" data-element_type=\"widget\" data-e-type=\"widget\" data-widget_type=\"text-editor.default\">\n\t\t\t\t<div class=\"elementor-widget-container\">\n\t\t\t\t\t\t\t\t\t<p>Das einzige vertrauliche und gastronomische Restaurant in Br\u00fcssel, einzigartig in seiner Art. Es ist ein exklusiver Ort, der Eingeweihten vorbehalten ist, die hochwertige K\u00fcche und das gastronomische Erlebnis sch\u00e4tzen. Olivier's K\u00fcche ist kreativ und erfinderisch und bietet schmackhafte und raffinierte Gerichte, die selbst die anspruchsvollsten Gaumen erfreuen. Das Restaurant De Maurice \u00e0 Olivier befindet sich in Woluwe, geschmackvoll dekoriert, um eine elegante Atmosph\u00e4re zu bieten. Die G\u00e4ste werden mit gr\u00f6\u00dfter Sorgfalt behandelt und profitieren von einem diskreten und aufmerksamen Service. Wenn Sie auf der Suche nach einem einzigartigen kulinarischen Erlebnis in Br\u00fcssel sind, ist unser Restaurant ein Muss f\u00fcr alle Feinschmecker.<\/p>\t\t\t\t\t\t\t\t<\/div>\n\t\t\t\t<\/div>\n\t\t\t\t<\/div>\n\t\t\t\t\t<\/div>\n\t\t\t\t<\/div>\n\t\t<div class=\"elementor-element elementor-element-46a2a0a animated-slow e-flex e-con-boxed elementor-invisible e-con e-parent\" data-id=\"46a2a0a\" data-element_type=\"container\" data-e-type=\"container\" data-settings=\"{&quot;background_background&quot;:&quot;classic&quot;,&quot;animation&quot;:&quot;fadeIn&quot;}\">\n\t\t\t\t\t<div class=\"e-con-inner\">\n\t\t<div class=\"elementor-element elementor-element-cbf528b e-con-full e-flex e-con e-child\" data-id=\"cbf528b\" data-element_type=\"container\" data-e-type=\"container\">\n\t\t\t\t<div class=\"elementor-element elementor-element-491f0d1 elementor-widget elementor-widget-heading\" data-id=\"491f0d1\" data-element_type=\"widget\" data-e-type=\"widget\" data-widget_type=\"heading.default\">\n\t\t\t\t<div class=\"elementor-widget-container\">\n\t\t\t\t\t<h3 class=\"elementor-heading-title elementor-size-default\">Ein Restaurant, in dem jedes Detail z\u00e4hlt<\/h3>\t\t\t\t<\/div>\n\t\t\t\t<\/div>\n\t\t\t\t<div class=\"elementor-element elementor-element-d86c80b elementor-widget elementor-widget-text-editor\" data-id=\"d86c80b\" data-element_type=\"widget\" data-e-type=\"widget\" data-widget_type=\"text-editor.default\">\n\t\t\t\t<div class=\"elementor-widget-container\">\n\t\t\t\t\t\t\t\t\t<p>Unser Restaurant legt gr\u00f6\u00dften Wert auf jedes Detail. Wir verwenden zum Beispiel sorgf\u00e4ltig ausgew\u00e4hlte Teller, die vom ber\u00fchmten Maler Marc Chagall illustriert und signiert wurden. Sobald Sie an unserem Tisch Platz nehmen, werden Sie feststellen, dass jeder Aspekt sorgf\u00e4ltig durchdacht wurde, um Ihnen ein unvergessliches kulinarisches Erlebnis zu bieten.<\/p>\t\t\t\t\t\t\t\t<\/div>\n\t\t\t\t<\/div>\n\t\t\t\t<\/div>\n\t\t<div class=\"elementor-element elementor-element-9ab5905 e-con-full e-flex e-con e-child\" data-id=\"9ab5905\" data-element_type=\"container\" data-e-type=\"container\">\n\t\t\t\t<div class=\"elementor-element elementor-element-0d4853a elementor-widget elementor-widget-image\" data-id=\"0d4853a\" data-element_type=\"widget\" data-e-type=\"widget\" data-widget_type=\"image.default\">\n\t\t\t\t<div class=\"elementor-widget-container\">\n\t\t\t\t\t\t\t\t\t\t\t\t\t\t\t<img decoding=\"async\" width=\"768\" height=\"511\" src=\"https:\/\/www.demauriceaolivier.be\/wp-content\/uploads\/2026\/02\/de-maurice-a-olivier-images-2025-18-768x511.webp\" class=\"attachment-medium_large size-medium_large wp-image-3079\" alt=\"\" srcset=\"https:\/\/www.demauriceaolivier.be\/wp-content\/uploads\/2026\/02\/de-maurice-a-olivier-images-2025-18-768x511.webp 768w, https:\/\/www.demauriceaolivier.be\/wp-content\/uploads\/2026\/02\/de-maurice-a-olivier-images-2025-18-300x200.webp 300w, https:\/\/www.demauriceaolivier.be\/wp-content\/uploads\/2026\/02\/de-maurice-a-olivier-images-2025-18-18x12.webp 18w, https:\/\/www.demauriceaolivier.be\/wp-content\/uploads\/2026\/02\/de-maurice-a-olivier-images-2025-18.webp 1000w\" sizes=\"(max-width: 768px) 100vw, 768px\" \/>\t\t\t\t\t\t\t\t\t\t\t\t\t\t\t<\/div>\n\t\t\t\t<\/div>\n\t\t\t\t<\/div>\n\t\t\t\t\t<\/div>\n\t\t\t\t<\/div>\n\t\t<div class=\"elementor-element elementor-element-5b45e0f animated-slow e-flex e-con-boxed elementor-invisible e-con e-parent\" data-id=\"5b45e0f\" data-element_type=\"container\" data-e-type=\"container\" data-settings=\"{&quot;background_background&quot;:&quot;classic&quot;,&quot;animation&quot;:&quot;fadeIn&quot;}\">\n\t\t\t\t\t<div class=\"e-con-inner\">\n\t\t<div class=\"elementor-element elementor-element-c2256ca e-con-full e-flex e-con e-child\" data-id=\"c2256ca\" data-element_type=\"container\" data-e-type=\"container\">\n\t\t\t\t<div class=\"elementor-element elementor-element-23af517 elementor-widget elementor-widget-image\" data-id=\"23af517\" data-element_type=\"widget\" data-e-type=\"widget\" data-widget_type=\"image.default\">\n\t\t\t\t<div class=\"elementor-widget-container\">\n\t\t\t\t\t\t\t\t\t\t\t\t\t\t\t\t<a href=\"https:\/\/www.demauriceaolivier.be\/de\/unsere-geschichte\/\">\n\t\t\t\t\t\t\t<img decoding=\"async\" width=\"800\" height=\"533\" src=\"https:\/\/www.demauriceaolivier.be\/wp-content\/uploads\/2023\/11\/de-maurice-a-olivier-low-01-248.jpg\" class=\"attachment-large size-large wp-image-319\" alt=\"\" srcset=\"https:\/\/www.demauriceaolivier.be\/wp-content\/uploads\/2023\/11\/de-maurice-a-olivier-low-01-248.jpg 800w, https:\/\/www.demauriceaolivier.be\/wp-content\/uploads\/2023\/11\/de-maurice-a-olivier-low-01-248-300x200.jpg 300w, https:\/\/www.demauriceaolivier.be\/wp-content\/uploads\/2023\/11\/de-maurice-a-olivier-low-01-248-768x512.jpg 768w\" sizes=\"(max-width: 800px) 100vw, 800px\" \/>\t\t\t\t\t\t\t\t<\/a>\n\t\t\t\t\t\t\t\t\t\t\t\t\t\t\t<\/div>\n\t\t\t\t<\/div>\n\t\t\t\t<\/div>\n\t\t<div class=\"elementor-element elementor-element-584bed7 e-con-full e-flex e-con e-child\" data-id=\"584bed7\" data-element_type=\"container\" data-e-type=\"container\">\n\t\t\t\t<div class=\"elementor-element elementor-element-f428f51 elementor-widget elementor-widget-heading\" data-id=\"f428f51\" data-element_type=\"widget\" data-e-type=\"widget\" data-widget_type=\"heading.default\">\n\t\t\t\t<div class=\"elementor-widget-container\">\n\t\t\t\t\t<h2 class=\"elementor-heading-title elementor-size-default\">Olivers K\u00fcche<\/h2>\t\t\t\t<\/div>\n\t\t\t\t<\/div>\n\t\t\t\t<div class=\"elementor-element elementor-element-94489c7 elementor-widget elementor-widget-text-editor\" data-id=\"94489c7\" data-element_type=\"widget\" data-e-type=\"widget\" data-widget_type=\"text-editor.default\">\n\t\t\t\t<div class=\"elementor-widget-container\">\n\t\t\t\t\t\t\t\t\t<p>Wir sind stolz und gl\u00fccklich, Ihnen unseren K\u00fcchenchef Olivier vorstellen zu d\u00fcrfen, einen wahren Kenner der Kochkunst. Mit einer Leidenschaft f\u00fcr die Gastronomie, die der Liebe eines K\u00fcnstlers zu seinem Handwerk gleicht, w\u00e4hlt er sorgf\u00e4ltig die besten und hochwertigsten Zutaten von den renommiertesten Lieferanten aus. Sein Streben nach Exzellenz und Perfektion zeigt sich in den einzigartigen und kreativen Gerichten, die er kreiert, und er ist st\u00e4ndig auf der Suche nach aufregenden neuen Geschmacksrichtungen, um Ihre Geschmacksknospen zu verw\u00f6hnen.\u00a0<\/p>\t\t\t\t\t\t\t\t<\/div>\n\t\t\t\t<\/div>\n\t\t\t\t<div class=\"elementor-element elementor-element-6dc40b1 elementor-widget elementor-widget-text-editor\" data-id=\"6dc40b1\" data-element_type=\"widget\" data-e-type=\"widget\" data-widget_type=\"text-editor.default\">\n\t\t\t\t<div class=\"elementor-widget-container\">\n\t\t\t\t\t\t\t\t\t<p>In seinem Gourmetrestaurant Br\u00fcssel erleben Sie eine einzigartige kulinarische Reise, bei der jedes Gericht ein mit Liebe kreiertes und pr\u00e4sentiertes Kunstwerk ist, das nur die besten Zutaten und Techniken verwendet. Lassen Sie sich von unserem K\u00fcchenchef Olivier auf ein unvergessliches gastronomisches Abenteuer entf\u00fchren, das alle Ihre Sinne erfreuen und inspirieren wird.<\/p>\t\t\t\t\t\t\t\t<\/div>\n\t\t\t\t<\/div>\n\t\t\t\t<\/div>\n\t\t\t\t\t<\/div>\n\t\t\t\t<\/div>\n\t\t<div class=\"elementor-element elementor-element-0b91d26 animated-slow e-flex e-con-boxed elementor-invisible e-con e-parent\" data-id=\"0b91d26\" data-element_type=\"container\" data-e-type=\"container\" data-settings=\"{&quot;background_background&quot;:&quot;classic&quot;,&quot;animation&quot;:&quot;fadeIn&quot;}\">\n\t\t\t\t\t<div class=\"e-con-inner\">\n\t\t<div class=\"elementor-element elementor-element-a0418a4 e-con-full e-flex e-con e-child\" data-id=\"a0418a4\" data-element_type=\"container\" data-e-type=\"container\">\n\t\t\t\t<div class=\"elementor-element elementor-element-420467d elementor-widget elementor-widget-heading\" data-id=\"420467d\" data-element_type=\"widget\" data-e-type=\"widget\" data-widget_type=\"heading.default\">\n\t\t\t\t<div class=\"elementor-widget-container\">\n\t\t\t\t\t<h3 class=\"elementor-heading-title elementor-size-default\">Ein Gourmetrestaurant Br\u00fcssel und nicht wie jedes andere<\/h3>\t\t\t\t<\/div>\n\t\t\t\t<\/div>\n\t\t\t\t<div class=\"elementor-element elementor-element-a2c2428 elementor-widget elementor-widget-text-editor\" data-id=\"a2c2428\" data-element_type=\"widget\" data-e-type=\"widget\" data-widget_type=\"text-editor.default\">\n\t\t\t\t<div class=\"elementor-widget-container\">\n\t\t\t\t\t\t\t\t\t<p>Das Restaurant versteckt sich im hinteren Teil der Buchhandlung, hinter dem ersten Teil des Weinkellers. K\u00fcchenchef Olivier wollte eine Pariser Brasserie-Atmosph\u00e4re schaffen und brachte sogar mehrere Dekorationselemente direkt aus Paris mit. Er wollte jedoch auch einige belgische Akzente setzen, wie ein sch\u00f6nes Originalwerk von Philippe Geluck. Die Atmosph\u00e4re im Restaurant ist gem\u00fctlich und warm, mit einem Hauch von Raffinesse.<\/p>\t\t\t\t\t\t\t\t<\/div>\n\t\t\t\t<\/div>\n\t\t\t\t<\/div>\n\t\t<div class=\"elementor-element elementor-element-68a22f1 e-con-full e-flex e-con e-child\" data-id=\"68a22f1\" data-element_type=\"container\" data-e-type=\"container\">\n\t\t\t\t<div class=\"elementor-element elementor-element-0b0fc78 elementor-widget elementor-widget-image\" data-id=\"0b0fc78\" data-element_type=\"widget\" data-e-type=\"widget\" data-widget_type=\"image.default\">\n\t\t\t\t<div class=\"elementor-widget-container\">\n\t\t\t\t\t\t\t\t\t\t\t\t\t\t\t<img loading=\"lazy\" decoding=\"async\" width=\"800\" height=\"533\" src=\"https:\/\/www.demauriceaolivier.be\/wp-content\/uploads\/2023\/11\/de-maurice-a-olivier-low-02-27.jpg\" class=\"attachment-large size-large wp-image-347\" alt=\"\" srcset=\"https:\/\/www.demauriceaolivier.be\/wp-content\/uploads\/2023\/11\/de-maurice-a-olivier-low-02-27.jpg 800w, https:\/\/www.demauriceaolivier.be\/wp-content\/uploads\/2023\/11\/de-maurice-a-olivier-low-02-27-300x200.jpg 300w, https:\/\/www.demauriceaolivier.be\/wp-content\/uploads\/2023\/11\/de-maurice-a-olivier-low-02-27-768x512.jpg 768w\" sizes=\"(max-width: 800px) 100vw, 800px\" \/>\t\t\t\t\t\t\t\t\t\t\t\t\t\t\t<\/div>\n\t\t\t\t<\/div>\n\t\t\t\t<\/div>\n\t\t\t\t\t<\/div>\n\t\t\t\t<\/div>\n\t\t<div class=\"elementor-element elementor-element-6c8628a animated-slow e-flex e-con-boxed elementor-invisible e-con e-parent\" data-id=\"6c8628a\" data-element_type=\"container\" data-e-type=\"container\" data-settings=\"{&quot;background_background&quot;:&quot;classic&quot;,&quot;animation&quot;:&quot;fadeIn&quot;}\">\n\t\t\t\t\t<div class=\"e-con-inner\">\n\t\t<div class=\"elementor-element elementor-element-b8cd1bb e-con-full e-flex e-con e-child\" data-id=\"b8cd1bb\" data-element_type=\"container\" data-e-type=\"container\">\n\t\t\t\t<div class=\"elementor-element elementor-element-9c0c589 elementor-widget elementor-widget-image\" data-id=\"9c0c589\" data-element_type=\"widget\" data-e-type=\"widget\" data-widget_type=\"image.default\">\n\t\t\t\t<div class=\"elementor-widget-container\">\n\t\t\t\t\t\t\t\t\t\t\t\t\t\t\t\t<a href=\"https:\/\/www.demauriceaolivier.be\/de\/weinkarte\/\">\n\t\t\t\t\t\t\t<img loading=\"lazy\" decoding=\"async\" width=\"799\" height=\"533\" src=\"https:\/\/www.demauriceaolivier.be\/wp-content\/uploads\/2024\/01\/de-maurica-a-olivier-cave-a-vin-low-18.jpg\" class=\"attachment-large size-large wp-image-1770\" alt=\"\" srcset=\"https:\/\/www.demauriceaolivier.be\/wp-content\/uploads\/2024\/01\/de-maurica-a-olivier-cave-a-vin-low-18.jpg 799w, https:\/\/www.demauriceaolivier.be\/wp-content\/uploads\/2024\/01\/de-maurica-a-olivier-cave-a-vin-low-18-300x200.jpg 300w, https:\/\/www.demauriceaolivier.be\/wp-content\/uploads\/2024\/01\/de-maurica-a-olivier-cave-a-vin-low-18-768x512.jpg 768w\" sizes=\"(max-width: 799px) 100vw, 799px\" \/>\t\t\t\t\t\t\t\t<\/a>\n\t\t\t\t\t\t\t\t\t\t\t\t\t\t\t<\/div>\n\t\t\t\t<\/div>\n\t\t\t\t<\/div>\n\t\t<div class=\"elementor-element elementor-element-ba409b3 e-con-full e-flex e-con e-child\" data-id=\"ba409b3\" data-element_type=\"container\" data-e-type=\"container\">\n\t\t\t\t<div class=\"elementor-element elementor-element-82ca214 elementor-widget elementor-widget-heading\" data-id=\"82ca214\" data-element_type=\"widget\" data-e-type=\"widget\" data-widget_type=\"heading.default\">\n\t\t\t\t<div class=\"elementor-widget-container\">\n\t\t\t\t\t<h2 class=\"elementor-heading-title elementor-size-default\">La Cave d'Olivier<\/h2>\t\t\t\t<\/div>\n\t\t\t\t<\/div>\n\t\t\t\t<div class=\"elementor-element elementor-element-c2a45df elementor-widget elementor-widget-text-editor\" data-id=\"c2a45df\" data-element_type=\"widget\" data-e-type=\"widget\" data-widget_type=\"text-editor.default\">\n\t\t\t\t<div class=\"elementor-widget-container\">\n\t\t\t\t\t\t\t\t\t<p>Chef Olivier ist nicht nur ein gro\u00dfartiger Koch, sondern auch ein Kenner guter Weine. Er ist ein Weinliebhaber und gewann 1992 in Namur den Pokal f\u00fcr den besten Sommelier. La Cave d\u2019Olivier ist zweifellos eine der sch\u00f6nsten und bestbest\u00fccktesten Weinkeller in Br\u00fcssel. Dank seines Fachwissens hat er eine au\u00dfergew\u00f6hnliche Weinsammlung f\u00fcr seinen Keller zusammengestellt.<\/p><p>Unser K\u00fcchenchef Olivier gibt Ihnen gerne Empfehlungen und Vorschl\u00e4ge, um Ihr kulinarisches Erlebnis zu verfeinern. Mit seiner Expertise finden Sie sicher etwas, das Ihren Gaumen erfreut und Ihr Essen zu einem unvergesslichen Erlebnis macht.<\/p>\t\t\t\t\t\t\t\t<\/div>\n\t\t\t\t<\/div>\n\t\t\t\t<\/div>\n\t\t\t\t\t<\/div>\n\t\t\t\t<\/div>\n\t\t<div class=\"elementor-element elementor-element-5f3af33 animated-slow e-flex e-con-boxed elementor-invisible e-con e-parent\" data-id=\"5f3af33\" data-element_type=\"container\" data-e-type=\"container\" data-settings=\"{&quot;background_background&quot;:&quot;classic&quot;,&quot;animation&quot;:&quot;fadeIn&quot;}\">\n\t\t\t\t\t<div class=\"e-con-inner\">\n\t\t<div class=\"elementor-element elementor-element-78dc4ec e-con-full e-flex e-con e-child\" data-id=\"78dc4ec\" data-element_type=\"container\" data-e-type=\"container\">\n\t\t\t\t<div class=\"elementor-element elementor-element-5ce50ef elementor-widget elementor-widget-heading\" data-id=\"5ce50ef\" data-element_type=\"widget\" data-e-type=\"widget\" data-widget_type=\"heading.default\">\n\t\t\t\t<div class=\"elementor-widget-container\">\n\t\t\t\t\t<h3 class=\"elementor-heading-title elementor-size-default\">Entdecken Sie eines unserer Degustationsmen\u00fcs<\/h3>\t\t\t\t<\/div>\n\t\t\t\t<\/div>\n\t\t\t\t<div class=\"elementor-element elementor-element-3bb75a3 elementor-widget elementor-widget-text-editor\" data-id=\"3bb75a3\" data-element_type=\"widget\" data-e-type=\"widget\" data-widget_type=\"text-editor.default\">\n\t\t\t\t<div class=\"elementor-widget-container\">\n\t\t\t\t\t\t\t\t\t<p><strong>Men\u00fc Autogramme<\/strong> Ein ma\u00dfgeschneidertes kulinarisches Abenteuer, bei dem Ihnen unser K\u00fcchenchef mit einer Symphonie saisonaler Aromen \u00fcberrascht, die in mehreren G\u00e4ngen arrangiert sind. Lassen Sie sich von seiner Kreativit\u00e4t leiten und buchen Sie noch heute Ihr einzigartiges Erlebnis!<\/p>\t\t\t\t\t\t\t\t<\/div>\n\t\t\t\t<\/div>\n\t\t\t\t<div class=\"elementor-element elementor-element-204f340 elementor-align-center elementor-widget elementor-widget-button\" data-id=\"204f340\" data-element_type=\"widget\" data-e-type=\"widget\" data-widget_type=\"button.default\">\n\t\t\t\t<div class=\"elementor-widget-container\">\n\t\t\t\t\t\t\t\t\t<div class=\"elementor-button-wrapper\">\n\t\t\t\t\t<a class=\"elementor-button elementor-button-link elementor-size-sm\" href=\"https:\/\/www.demauriceaolivier.be\/de\/menu-autograf\/\">\n\t\t\t\t\t\t<span class=\"elementor-button-content-wrapper\">\n\t\t\t\t\t\t\t\t\t<span class=\"elementor-button-text\">Entdecken Sie die Speisekarte<\/span>\n\t\t\t\t\t<\/span>\n\t\t\t\t\t<\/a>\n\t\t\t\t<\/div>\n\t\t\t\t\t\t\t\t<\/div>\n\t\t\t\t<\/div>\n\t\t\t\t<\/div>\n\t\t<div class=\"elementor-element elementor-element-dc703f7 e-con-full e-flex e-con e-child\" data-id=\"dc703f7\" data-element_type=\"container\" data-e-type=\"container\">\n\t\t\t\t<div class=\"elementor-element elementor-element-ed1ae61 elementor-widget elementor-widget-image\" data-id=\"ed1ae61\" data-element_type=\"widget\" data-e-type=\"widget\" data-widget_type=\"image.default\">\n\t\t\t\t<div class=\"elementor-widget-container\">\n\t\t\t\t\t\t\t\t\t\t\t\t\t\t\t<img loading=\"lazy\" decoding=\"async\" width=\"800\" height=\"534\" src=\"https:\/\/www.demauriceaolivier.be\/wp-content\/uploads\/2024\/01\/de-maurice-a-olivier-cave-a-vin-mid-68-1024x683.jpg\" class=\"attachment-large size-large wp-image-1892\" alt=\"\" srcset=\"https:\/\/www.demauriceaolivier.be\/wp-content\/uploads\/2024\/01\/de-maurice-a-olivier-cave-a-vin-mid-68-1024x683.jpg 1024w, https:\/\/www.demauriceaolivier.be\/wp-content\/uploads\/2024\/01\/de-maurice-a-olivier-cave-a-vin-mid-68-300x200.jpg 300w, https:\/\/www.demauriceaolivier.be\/wp-content\/uploads\/2024\/01\/de-maurice-a-olivier-cave-a-vin-mid-68-768x512.jpg 768w, https:\/\/www.demauriceaolivier.be\/wp-content\/uploads\/2024\/01\/de-maurice-a-olivier-cave-a-vin-mid-68.jpg 1279w\" sizes=\"(max-width: 800px) 100vw, 800px\" \/>\t\t\t\t\t\t\t\t\t\t\t\t\t\t\t<\/div>\n\t\t\t\t<\/div>\n\t\t\t\t<\/div>\n\t\t\t\t\t<\/div>\n\t\t\t\t<\/div>\n\t\t\t\t<\/div>","protected":false},"excerpt":{"rendered":"<p>restaurant Gastronomique Bruxelles &amp; Confidentiel restaurant Gastronomique Bruxelles &#8211; Le seul \u00e0 \u00eatre confidentiel Le seul restaurant confidentiel et gastronomique \u00e0 Bruxelles, unique en son genre. C&rsquo;est un lieu exclusif, r\u00e9serv\u00e9 aux initi\u00e9s qui appr\u00e9cient la cuisine de haute qualit\u00e9 et l&rsquo;exp\u00e9rience gastronomique. La cuisine d\u2019Olivier est cr\u00e9ative et inventive, offrant des plats savoureux et [&hellip;]<\/p>\n","protected":false},"author":1,"featured_media":340,"parent":0,"menu_order":0,"comment_status":"closed","ping_status":"closed","template":"elementor_header_footer","meta":{"footnotes":""},"class_list":["post-16","page","type-page","status-publish","has-post-thumbnail","hentry"],"_links":{"self":[{"href":"https:\/\/www.demauriceaolivier.be\/de\/wp-json\/wp\/v2\/pages\/16","targetHints":{"allow":["GET"]}}],"collection":[{"href":"https:\/\/www.demauriceaolivier.be\/de\/wp-json\/wp\/v2\/pages"}],"about":[{"href":"https:\/\/www.demauriceaolivier.be\/de\/wp-json\/wp\/v2\/types\/page"}],"author":[{"embeddable":true,"href":"https:\/\/www.demauriceaolivier.be\/de\/wp-json\/wp\/v2\/users\/1"}],"replies":[{"embeddable":true,"href":"https:\/\/www.demauriceaolivier.be\/de\/wp-json\/wp\/v2\/comments?post=16"}],"version-history":[{"count":187,"href":"https:\/\/www.demauriceaolivier.be\/de\/wp-json\/wp\/v2\/pages\/16\/revisions"}],"predecessor-version":[{"id":3094,"href":"https:\/\/www.demauriceaolivier.be\/de\/wp-json\/wp\/v2\/pages\/16\/revisions\/3094"}],"wp:featuredmedia":[{"embeddable":true,"href":"https:\/\/www.demauriceaolivier.be\/de\/wp-json\/wp\/v2\/media\/340"}],"wp:attachment":[{"href":"https:\/\/www.demauriceaolivier.be\/de\/wp-json\/wp\/v2\/media?parent=16"}],"curies":[{"name":"wp","href":"https:\/\/api.w.org\/{rel}","templated":true}]}}