{"id":1659,"date":"2023-12-14T12:26:36","date_gmt":"2023-12-14T11:26:36","guid":{"rendered":"https:\/\/www.demauriceaolivier.marketing-virtual-tools.com\/?page_id=1659"},"modified":"2025-09-08T18:35:03","modified_gmt":"2025-09-08T16:35:03","slug":"beaujolais-weine","status":"publish","type":"page","link":"https:\/\/www.demauriceaolivier.be\/de\/vins-du-beaujolais\/","title":{"rendered":"Beaujolais-Weine"},"content":{"rendered":"<div data-elementor-type=\"wp-page\" data-elementor-id=\"1659\" class=\"elementor elementor-1659\" data-elementor-post-type=\"page\">\n\t\t\t\t<div class=\"elementor-element elementor-element-dc933e6 e-flex e-con-boxed e-con e-parent\" data-id=\"dc933e6\" data-element_type=\"container\" data-e-type=\"container\" data-settings=\"{&quot;background_background&quot;:&quot;classic&quot;}\">\n\t\t\t\t\t<div class=\"e-con-inner\">\n\t\t<div class=\"elementor-element elementor-element-59dbb3e9 e-flex e-con-boxed e-con e-child\" data-id=\"59dbb3e9\" data-element_type=\"container\" data-e-type=\"container\">\n\t\t\t\t\t<div class=\"e-con-inner\">\n\t\t\t\t<div class=\"elementor-element elementor-element-44c31ca3 elementor-widget elementor-widget-heading\" data-id=\"44c31ca3\" data-element_type=\"widget\" data-e-type=\"widget\" data-widget_type=\"heading.default\">\n\t\t\t\t<div class=\"elementor-widget-container\">\n\t\t\t\t\t<h1 class=\"elementor-heading-title elementor-size-default\">Beaujolais-Weine<\/h1>\t\t\t\t<\/div>\n\t\t\t\t<\/div>\n\t\t\t\t<div class=\"elementor-element elementor-element-2170fc80 elementor-widget elementor-widget-heading\" data-id=\"2170fc80\" data-element_type=\"widget\" data-e-type=\"widget\" data-widget_type=\"heading.default\">\n\t\t\t\t<div class=\"elementor-widget-container\">\n\t\t\t\t\t<h1 class=\"elementor-heading-title elementor-size-default\">Oliviers Keller<\/h1>\t\t\t\t<\/div>\n\t\t\t\t<\/div>\n\t\t\t\t\t<\/div>\n\t\t\t\t<\/div>\n\t\t\t\t\t<\/div>\n\t\t\t\t<\/div>\n\t\t<div class=\"elementor-element elementor-element-1be3de43 animated-slow e-flex e-con-boxed elementor-invisible e-con e-parent\" data-id=\"1be3de43\" data-element_type=\"container\" data-e-type=\"container\" data-settings=\"{&quot;background_background&quot;:&quot;classic&quot;,&quot;animation&quot;:&quot;fadeIn&quot;}\">\n\t\t\t\t\t<div class=\"e-con-inner\">\n\t\t<div class=\"elementor-element elementor-element-38b4c2dd e-con-full e-flex e-con e-child\" data-id=\"38b4c2dd\" data-element_type=\"container\" data-e-type=\"container\">\n\t\t\t\t<div class=\"elementor-element elementor-element-4174231d elementor-widget elementor-widget-image\" data-id=\"4174231d\" data-element_type=\"widget\" data-e-type=\"widget\" data-widget_type=\"image.default\">\n\t\t\t\t<div class=\"elementor-widget-container\">\n\t\t\t\t\t\t\t\t\t\t\t\t\t\t\t<img fetchpriority=\"high\" decoding=\"async\" width=\"799\" height=\"533\" src=\"https:\/\/www.demauriceaolivier.be\/wp-content\/uploads\/2024\/01\/de-maurica-a-olivier-cave-a-vin-low-2.jpg\" class=\"attachment-large size-large wp-image-1754\" alt=\"\" srcset=\"https:\/\/www.demauriceaolivier.be\/wp-content\/uploads\/2024\/01\/de-maurica-a-olivier-cave-a-vin-low-2.jpg 799w, https:\/\/www.demauriceaolivier.be\/wp-content\/uploads\/2024\/01\/de-maurica-a-olivier-cave-a-vin-low-2-300x200.jpg 300w, https:\/\/www.demauriceaolivier.be\/wp-content\/uploads\/2024\/01\/de-maurica-a-olivier-cave-a-vin-low-2-768x512.jpg 768w\" sizes=\"(max-width: 799px) 100vw, 799px\" \/>\t\t\t\t\t\t\t\t\t\t\t\t\t\t\t<\/div>\n\t\t\t\t<\/div>\n\t\t\t\t<\/div>\n\t\t<div class=\"elementor-element elementor-element-1f16d3ac e-con-full e-flex e-con e-child\" data-id=\"1f16d3ac\" data-element_type=\"container\" data-e-type=\"container\">\n\t\t\t\t<div class=\"elementor-element elementor-element-76a96d95 elementor-widget elementor-widget-heading\" data-id=\"76a96d95\" data-element_type=\"widget\" data-e-type=\"widget\" data-widget_type=\"heading.default\">\n\t\t\t\t<div class=\"elementor-widget-container\">\n\t\t\t\t\t<h2 class=\"elementor-heading-title elementor-size-default\">Beaujolais-Weine<\/h2>\t\t\t\t<\/div>\n\t\t\t\t<\/div>\n\t\t\t\t<div class=\"elementor-element elementor-element-3787539d elementor-widget elementor-widget-text-editor\" data-id=\"3787539d\" data-element_type=\"widget\" data-e-type=\"widget\" data-widget_type=\"text-editor.default\">\n\t\t\t\t<div class=\"elementor-widget-container\">\n\t\t\t\t\t\t\t\t\t<p>\u00a0Gelegen im D\u00e9partement Rh\u00f4ne in Frankreich. Die Weine dieser Region werden aus einer einzigen Rebsorte, dem Gamay, gekeltert. Die Beaujolais-Weine zeichnen sich durch ihre rubinrote Farbe und ihre fruchtigen Aromen mit Noten von Kirsche und Himbeere aus. Beaujolais-Weine k\u00f6nnen jung, in den ersten Jahren nach der Abf\u00fcllung, oder auch sp\u00e4ter, nach mehreren Jahren der Reifung, getrunken werden. Junge Weine sind leicht und fruchtig, w\u00e4hrend \u00e4ltere Weine komplexer und eleganter sind.\u00a0<\/p><p>\u00a0<\/p>\t\t\t\t\t\t\t\t<\/div>\n\t\t\t\t<\/div>\n\t\t\t\t<\/div>\n\t\t\t\t\t<\/div>\n\t\t\t\t<\/div>\n\t\t<div class=\"elementor-element elementor-element-2762b76 e-flex e-con-boxed e-con e-parent\" data-id=\"2762b76\" data-element_type=\"container\" data-e-type=\"container\" data-settings=\"{&quot;background_background&quot;:&quot;classic&quot;}\">\n\t\t\t\t\t<div class=\"e-con-inner\">\n\t\t\t\t<div class=\"elementor-element elementor-element-2c315ca animated-slow elementor-invisible elementor-widget elementor-widget-heading\" data-id=\"2c315ca\" data-element_type=\"widget\" data-e-type=\"widget\" data-settings=\"{&quot;_animation&quot;:&quot;slideInLeft&quot;}\" data-widget_type=\"heading.default\">\n\t\t\t\t<div class=\"elementor-widget-container\">\n\t\t\t\t\t<h2 class=\"elementor-heading-title elementor-size-default\">Beaujolais-Weine<\/h2>\t\t\t\t<\/div>\n\t\t\t\t<\/div>\n\t\t\t\t<div class=\"elementor-element elementor-element-4e1c170c elementor-widget elementor-widget-text-editor\" data-id=\"4e1c170c\" data-element_type=\"widget\" data-e-type=\"widget\" data-widget_type=\"text-editor.default\">\n\t\t\t\t<div class=\"elementor-widget-container\">\n\t\t\t\t\t\t\t\t\t<table><tbody><tr><td width=\"415\"><p><strong>Beaujolais Villages 2023 <\/strong>Blanc Ch\u00e2teau des Jacques Beaujolais<\/p><\/td><td width=\"113\"><p>Die Flasche<\/p><\/td><td width=\"57\"><p>50 \u20ac<\/p><\/td><\/tr><tr><td width=\"415\"><p><strong>Brouilly 2022 <\/strong>Domaine Rolland S\u00e9lection Pierre Ferrault<\/p><\/td><td width=\"113\"><p>Die Flasche<\/p><\/td><td width=\"57\"><p>50 \u20ac<\/p><\/td><\/tr><tr><td width=\"415\"><p><strong>Windm\u00fchle 2021 <\/strong>Domaine de l\u2019Eolienne Maison Pierre Ferrault<\/p><\/td><td width=\"113\"><p>Die Flasche<\/p><\/td><td width=\"57\"><p>50 \u20ac<\/p><\/td><\/tr><tr><td width=\"415\"><p><strong>Windm\u00fchle 2022 <\/strong>Ch\u00e2teau des Jacques in Beaujolais<\/p><\/td><td width=\"113\"><p>Die Flasche<\/p><\/td><td width=\"57\"><p>60 \u20ac<\/p><\/td><\/tr><tr><td width=\"415\"><p><strong>Morgon 2022 Les Charmes <\/strong>Domaine Ferraud<\/p><\/td><td width=\"113\"><p>Die Flasche<\/p><\/td><td width=\"57\"><p>45 \u20ac<\/p><\/td><\/tr><tr><td width=\"415\"><p><strong>Morgen 2022 <\/strong>Ch\u00e2teau des Jacques in Beaujolais<\/p><\/td><td width=\"113\"><p>Die Flasche<\/p><\/td><td width=\"57\"><p>50 \u20ac<\/p><\/td><\/tr><tr><td width=\"415\"><p><strong>Chiroubles 2017 La Scandaleuse<\/strong> Domaine Metrat<\/p><\/td><td width=\"113\"><p>Die Flasche<\/p><\/td><td width=\"57\"><p>40 \u20ac<\/p><\/td><\/tr><tr><td width=\"415\"><p><strong>Chiroubles 2022 Le Champ en Pente <\/strong>Ferand Collection<\/p><\/td><td width=\"113\"><p>Die Flasche<\/p><\/td><td width=\"57\"><p>45 \u20ac<\/p><\/td><\/tr><tr><td width=\"415\"><p><strong>Julienas 2021 Les Ravinets <\/strong>Domaine Ferraud<\/p><\/td><td width=\"113\"><p>Die Flasche<\/p><\/td><td width=\"57\"><p>45 \u20ac<\/p><\/td><\/tr><tr><td width=\"415\"><p><strong>Fleurie 2022 Cuv\u00e9e le reposoir <\/strong>Ferand Collection<\/p><\/td><td width=\"113\"><p>Die Flasche<\/p><\/td><td width=\"57\"><p>50 \u20ac<\/p><\/td><\/tr><tr><td width=\"415\"><p><strong>Fleurie Roche Guillon 2020 <\/strong>Familie Graillot<\/p><\/td><td width=\"113\"><p>Die Flasche<\/p><\/td><td width=\"57\"><p>55 \u20ac<\/p><\/td><\/tr><tr><td width=\"415\"><p><strong>Saint Amour 2022 Cuv\u00e9e Ensorceleuse <\/strong>Domaine Ferraud<\/p><\/td><td width=\"113\"><p>Die Flasche<\/p><\/td><td width=\"57\"><p>50 \u20ac<\/p><\/td><\/tr><tr><td width=\"415\"><p><strong>Saint Amour 2012<\/strong> Domaine des Pierres<\/p><\/td><td width=\"113\"><p>Die Flasche<\/p><\/td><td width=\"57\"><p>35 \u20ac<\/p><\/td><\/tr><\/tbody><\/table>\t\t\t\t\t\t\t\t<\/div>\n\t\t\t\t<\/div>\n\t\t\t\t\t<\/div>\n\t\t\t\t<\/div>\n\t\t\t\t<\/div>","protected":false},"excerpt":{"rendered":"<p>Les vins du Beaujolais La cave d&rsquo;Olivier Les vins du Beaujolais \u00a0Situ\u00e9e dans le d\u00e9partement du Rh\u00f4ne en France. Les vins de cette r\u00e9gion sont \u00e9labor\u00e9s \u00e0 partir d&rsquo;un c\u00e9page unique, le gamay. Les vins du Beaujolais se distinguent par leur couleur rouge rubis et leurs ar\u00f4mes fruit\u00e9s, avec des notes de cerise et de [&hellip;]<\/p>\n","protected":false},"author":1,"featured_media":0,"parent":0,"menu_order":0,"comment_status":"closed","ping_status":"closed","template":"elementor_header_footer","meta":{"footnotes":""},"class_list":["post-1659","page","type-page","status-publish","hentry"],"_links":{"self":[{"href":"https:\/\/www.demauriceaolivier.be\/de\/wp-json\/wp\/v2\/pages\/1659","targetHints":{"allow":["GET"]}}],"collection":[{"href":"https:\/\/www.demauriceaolivier.be\/de\/wp-json\/wp\/v2\/pages"}],"about":[{"href":"https:\/\/www.demauriceaolivier.be\/de\/wp-json\/wp\/v2\/types\/page"}],"author":[{"embeddable":true,"href":"https:\/\/www.demauriceaolivier.be\/de\/wp-json\/wp\/v2\/users\/1"}],"replies":[{"embeddable":true,"href":"https:\/\/www.demauriceaolivier.be\/de\/wp-json\/wp\/v2\/comments?post=1659"}],"version-history":[{"count":23,"href":"https:\/\/www.demauriceaolivier.be\/de\/wp-json\/wp\/v2\/pages\/1659\/revisions"}],"predecessor-version":[{"id":2928,"href":"https:\/\/www.demauriceaolivier.be\/de\/wp-json\/wp\/v2\/pages\/1659\/revisions\/2928"}],"wp:attachment":[{"href":"https:\/\/www.demauriceaolivier.be\/de\/wp-json\/wp\/v2\/media?parent=1659"}],"curies":[{"name":"wp","href":"https:\/\/api.w.org\/{rel}","templated":true}]}}