{"id":1989,"date":"2024-01-05T14:56:25","date_gmt":"2024-01-05T13:56:25","guid":{"rendered":"https:\/\/www.demauriceaolivier.marketing-virtual-tools.com\/?page_id=1989"},"modified":"2024-01-05T15:30:47","modified_gmt":"2024-01-05T14:30:47","slug":"magnum-weine","status":"publish","type":"page","link":"https:\/\/www.demauriceaolivier.be\/de\/vins-en-magnum\/","title":{"rendered":"Magnum-Weine"},"content":{"rendered":"<div data-elementor-type=\"wp-page\" data-elementor-id=\"1989\" class=\"elementor elementor-1989\" data-elementor-post-type=\"page\">\n\t\t\t\t<div class=\"elementor-element elementor-element-69bc7571 e-flex e-con-boxed e-con e-parent\" data-id=\"69bc7571\" data-element_type=\"container\" data-e-type=\"container\" data-settings=\"{&quot;background_background&quot;:&quot;classic&quot;}\">\n\t\t\t\t\t<div class=\"e-con-inner\">\n\t\t<div class=\"elementor-element elementor-element-699f086c e-flex e-con-boxed e-con e-child\" data-id=\"699f086c\" data-element_type=\"container\" data-e-type=\"container\">\n\t\t\t\t\t<div class=\"e-con-inner\">\n\t\t\t\t<div class=\"elementor-element elementor-element-6c232040 elementor-widget elementor-widget-heading\" data-id=\"6c232040\" data-element_type=\"widget\" data-e-type=\"widget\" data-widget_type=\"heading.default\">\n\t\t\t\t<div class=\"elementor-widget-container\">\n\t\t\t\t\t<h1 class=\"elementor-heading-title elementor-size-default\">Magnum-Weine<\/h1>\t\t\t\t<\/div>\n\t\t\t\t<\/div>\n\t\t\t\t<div class=\"elementor-element elementor-element-3a70c465 elementor-widget elementor-widget-heading\" data-id=\"3a70c465\" data-element_type=\"widget\" data-e-type=\"widget\" data-widget_type=\"heading.default\">\n\t\t\t\t<div class=\"elementor-widget-container\">\n\t\t\t\t\t<h1 class=\"elementor-heading-title elementor-size-default\">Oliviers Keller<\/h1>\t\t\t\t<\/div>\n\t\t\t\t<\/div>\n\t\t\t\t\t<\/div>\n\t\t\t\t<\/div>\n\t\t\t\t\t<\/div>\n\t\t\t\t<\/div>\n\t\t<div class=\"elementor-element elementor-element-3c44f58a animated-slow e-flex e-con-boxed elementor-invisible e-con e-parent\" data-id=\"3c44f58a\" data-element_type=\"container\" data-e-type=\"container\" data-settings=\"{&quot;background_background&quot;:&quot;classic&quot;,&quot;animation&quot;:&quot;fadeIn&quot;}\">\n\t\t\t\t\t<div class=\"e-con-inner\">\n\t\t<div class=\"elementor-element elementor-element-93013d7 e-con-full e-flex e-con e-child\" data-id=\"93013d7\" data-element_type=\"container\" data-e-type=\"container\">\n\t\t\t\t<div class=\"elementor-element elementor-element-173b7957 elementor-widget elementor-widget-image\" data-id=\"173b7957\" data-element_type=\"widget\" data-e-type=\"widget\" data-widget_type=\"image.default\">\n\t\t\t\t<div class=\"elementor-widget-container\">\n\t\t\t\t\t\t\t\t\t\t\t\t\t\t\t<img fetchpriority=\"high\" decoding=\"async\" width=\"799\" height=\"533\" src=\"https:\/\/www.demauriceaolivier.be\/wp-content\/uploads\/2024\/01\/de-maurica-a-olivier-cave-a-vin-low-4.jpg\" class=\"attachment-large size-large wp-image-1756\" alt=\"\" srcset=\"https:\/\/www.demauriceaolivier.be\/wp-content\/uploads\/2024\/01\/de-maurica-a-olivier-cave-a-vin-low-4.jpg 799w, https:\/\/www.demauriceaolivier.be\/wp-content\/uploads\/2024\/01\/de-maurica-a-olivier-cave-a-vin-low-4-300x200.jpg 300w, https:\/\/www.demauriceaolivier.be\/wp-content\/uploads\/2024\/01\/de-maurica-a-olivier-cave-a-vin-low-4-768x512.jpg 768w\" sizes=\"(max-width: 799px) 100vw, 799px\" \/>\t\t\t\t\t\t\t\t\t\t\t\t\t\t\t<\/div>\n\t\t\t\t<\/div>\n\t\t\t\t<\/div>\n\t\t<div class=\"elementor-element elementor-element-7fa1c3cd e-con-full e-flex e-con e-child\" data-id=\"7fa1c3cd\" data-element_type=\"container\" data-e-type=\"container\">\n\t\t\t\t<div class=\"elementor-element elementor-element-64b8e2a7 elementor-widget elementor-widget-heading\" data-id=\"64b8e2a7\" data-element_type=\"widget\" data-e-type=\"widget\" data-widget_type=\"heading.default\">\n\t\t\t\t<div class=\"elementor-widget-container\">\n\t\t\t\t\t<h2 class=\"elementor-heading-title elementor-size-default\">Magnum-Weine<\/h2>\t\t\t\t<\/div>\n\t\t\t\t<\/div>\n\t\t\t\t<div class=\"elementor-element elementor-element-7f871bef elementor-widget elementor-widget-text-editor\" data-id=\"7f871bef\" data-element_type=\"widget\" data-e-type=\"widget\" data-widget_type=\"text-editor.default\">\n\t\t\t\t<div class=\"elementor-widget-container\">\n\t\t\t\t\t\t\t\t\t<p>Magnum-Weine sind aus verschiedenen Gr\u00fcnden sehr begehrt. Erstens erm\u00f6glicht das 1,5-Liter-Format, die Qualit\u00e4t des Weins l\u00e4nger zu bewahren, da es doppelt so viel Fl\u00fcssigkeit enth\u00e4lt wie eine 75-cl-Flasche. Dar\u00fcber hinaus ist die Alterung in der Flasche in Magnum oft besser, da sie langsamer und gleichm\u00e4\u00dfiger erfolgt, was eine bessere Integration der Aromen und eine gr\u00f6\u00dfere Komplexit\u00e4t der Geschmacksnoten erm\u00f6glicht. Magnums werden im Allgemeinen f\u00fcr gro\u00dfe Lagerweine wie Bordeaux, Burgunder oder Champagner verwendet, sind aber auch f\u00fcr bescheidenere Weine erh\u00e4ltlich.\u00a0<\/p>\t\t\t\t\t\t\t\t<\/div>\n\t\t\t\t<\/div>\n\t\t\t\t<\/div>\n\t\t\t\t\t<\/div>\n\t\t\t\t<\/div>\n\t\t<div class=\"elementor-element elementor-element-3e285ada e-flex e-con-boxed e-con e-parent\" data-id=\"3e285ada\" data-element_type=\"container\" data-e-type=\"container\" data-settings=\"{&quot;background_background&quot;:&quot;classic&quot;}\">\n\t\t\t\t\t<div class=\"e-con-inner\">\n\t\t\t\t<div class=\"elementor-element elementor-element-6bba4412 animated-slow elementor-invisible elementor-widget elementor-widget-heading\" data-id=\"6bba4412\" data-element_type=\"widget\" data-e-type=\"widget\" data-settings=\"{&quot;_animation&quot;:&quot;slideInLeft&quot;}\" data-widget_type=\"heading.default\">\n\t\t\t\t<div class=\"elementor-widget-container\">\n\t\t\t\t\t<h2 class=\"elementor-heading-title elementor-size-default\">Magnum-Weine<\/h2>\t\t\t\t<\/div>\n\t\t\t\t<\/div>\n\t\t\t\t<div class=\"elementor-element elementor-element-183031ae elementor-widget elementor-widget-text-editor\" data-id=\"183031ae\" data-element_type=\"widget\" data-e-type=\"widget\" data-widget_type=\"text-editor.default\">\n\t\t\t\t<div class=\"elementor-widget-container\">\n\t\t\t\t\t\t\t\t\t<table width=\"635\"><tbody><tr><td width=\"439\"><strong>Wei\u00dfweine<\/strong><\/td><td width=\"114\">\u00a0<\/td><td width=\"82\">\u00a0<\/td><\/tr><tr><td>Le S de Po\u00ebte 2019<\/td><td>Die Flasche<\/td><td>115 \u20ac<\/td><\/tr><tr><td>Argos 2017 Pouilly Fum\u00e9<\/td><td>Die Flasche<\/td><td>145 \u20ac<\/td><\/tr><tr><td>Orph\u00e9e 2017 Pouilly Fum\u00e9<\/td><td>Die Flasche<\/td><td>150 \u20ac<\/td><\/tr><tr><td>Chablis Saint Martin 2018\u00a0Domaine Laroche<\/td><td>Die Flasche<\/td><td>135 \u20ac<\/td><\/tr><tr><td>Chablis V\u00e9n\u00e9rable 2012 Domaine La chablisienne<\/td><td>Die Flasche<\/td><td>135 \u20ac<\/td><\/tr><tr><td>Chablis Premier Cru 2012 Domaine La Chablisienne<\/td><td>Die Flasche<\/td><td>165 \u20ac<\/td><\/tr><tr><td>Bourgogne Cuv\u00e9e Saint Vincent 2020 Girardin<\/td><td>Die Flasche<\/td><td>120 \u20ac<\/td><\/tr><tr><td>Bourgogne Aligot\u00e9 2017 Domaine P Piuze<\/td><td>Die Flasche<\/td><td>125 \u20ac<\/td><\/tr><tr><td>Savigny les Beaune 2015 Girardin<\/td><td>Die Flasche<\/td><td>145 \u20ac<\/td><\/tr><tr><td>Meursault Vieilles Vignes 2017 Girardin<\/td><td>Die Flasche<\/td><td>225 \u20ac<\/td><\/tr><tr><td>Condrieu Clos Ch\u00e9ry 2019 Domaine Joseph Perret<\/td><td>Die Flasche<\/td><td>235 \u20ac<\/td><\/tr><\/tbody><\/table>\t\t\t\t\t\t\t\t<\/div>\n\t\t\t\t<\/div>\n\t\t\t\t\t<\/div>\n\t\t\t\t<\/div>\n\t\t<div class=\"elementor-element elementor-element-5dcdeb1 e-flex e-con-boxed e-con e-parent\" data-id=\"5dcdeb1\" data-element_type=\"container\" data-e-type=\"container\" data-settings=\"{&quot;background_background&quot;:&quot;classic&quot;}\">\n\t\t\t\t\t<div class=\"e-con-inner\">\n\t\t\t\t<div class=\"elementor-element elementor-element-6e878a0c elementor-widget elementor-widget-text-editor\" data-id=\"6e878a0c\" data-element_type=\"widget\" data-e-type=\"widget\" data-widget_type=\"text-editor.default\">\n\t\t\t\t<div class=\"elementor-widget-container\">\n\t\t\t\t\t\t\t\t\t<table width=\"635\"><tbody><tr><td width=\"439\"><strong>Rotweine<\/strong><\/td><td width=\"114\">\u00a0<\/td><td width=\"82\">\u00a0<\/td><\/tr><tr><td>Die Flasche Ch\u00e2teau Penin Grande S\u00e9lection 2015 Bordeaux<\/td><td>Die Flasche<\/td><td>75 \u20ac<\/td><\/tr><tr><td>Ch\u00e2teau Les Ormes de Sorbet 2018 M\u00e9doc<\/td><td>Die Flasche<\/td><td>125 \u20ac<\/td><\/tr><tr><td>Les Bruli\u00e8res de Beychevelle 2015 M\u00e9doc<\/td><td>Die Flasche<\/td><td>175 \u20ac<\/td><\/tr><tr><td>Ch\u00e2teau Bel Air Gloria 2016 Haut M\u00e9doc<\/td><td>Die Flasche<\/td><td>115 \u20ac<\/td><\/tr><tr><td>Ch\u00e2teau Chasse-Spleen 2018 Moulis<\/td><td>Die Flasche<\/td><td>130 \u20ac<\/td><\/tr><tr><td>Les Hauts de la Gaffeli\u00e8re 2017 Saint Emilion<\/td><td>Die Flasche<\/td><td>120 \u20ac<\/td><\/tr><tr><td>Ch\u00e2teau La rose Brisson 2018 Saint Emilion<\/td><td>Die Flasche<\/td><td>115 \u20ac<\/td><\/tr><tr><td>Schloss Daugay 2018 Saint Emilion<\/td><td>Die Flasche<\/td><td>140 \u20ac<\/td><\/tr><tr><td>Ch\u00e2teau Les Hauts Conseillants 2015 Lalande<\/td><td>Die Flasche<\/td><td>135 \u20ac<\/td><\/tr><tr><td>Bastide de Dauzac 2015 Margaux<\/td><td>Die Flasche<\/td><td>160 \u20ac<\/td><\/tr><tr><td>La R\u00e9serve de L\u00e9oville Barton 2015 Saint Julien<\/td><td>Die Flasche<\/td><td>205 \u20ac<\/td><\/tr><tr><td>Saint Joseph 2019 Domaine Joseph Perret<\/td><td>Die Flasche<\/td><td>120 \u20ac<\/td><\/tr><tr><td>Ch\u00e2teau neuf du pape 2017 Domaine Vieux Lazaret<\/td><td>Die Flasche<\/td><td>145 \u20ac<\/td><\/tr><tr><td>Crozes Hermitage Alb\u00e9ric 2019 Domaine Gilles Robin<\/td><td>Die Flasche<\/td><td>105 \u20ac<\/td><\/tr><tr><td>Hermitage 2019 Domaine Gilles Robin<\/td><td>Die Flasche<\/td><td>225 \u20ac<\/td><\/tr><tr><td>Odyssee Poesie 2017<\/td><td>Die Flasche<\/td><td>150 \u20ac<\/td><\/tr><tr><td>Bourgogne Cuv\u00e9e Saint Vincent 2017 Girardin<\/td><td>Die Flasche<\/td><td>115 \u20ac<\/td><\/tr><tr><td>Santenay Les Gravi\u00e8res Premier Cru 2017 Girardin<\/td><td>Die Flasche<\/td><td>175 \u20ac<\/td><\/tr><tr><td>Rully Premier Cru \u00ab Les Champs Martin \u00bb 2020 Jacqueson<\/td><td>Die Flasche<\/td><td>185 \u20ac<\/td><\/tr><tr><td>Mercurey premier cru \u00ab Pr\u00e9aux \u00bb 2020 Jacqueson<\/td><td>Die Flasche<\/td><td>175 \u20ac<\/td><\/tr><tr><td>Gevrey Chambertin 2018 Domaine Henri Magnien<\/td><td>Die Flasche<\/td><td>225 \u20ac<\/td><\/tr><\/tbody><\/table>\t\t\t\t\t\t\t\t<\/div>\n\t\t\t\t<\/div>\n\t\t\t\t\t<\/div>\n\t\t\t\t<\/div>\n\t\t\t\t<\/div>","protected":false},"excerpt":{"rendered":"<p>Les vins en Magnum La cave d&rsquo;Olivier Les vins en Magnum Les vins en magnum sont tr\u00e8s pris\u00e9s pour diverses raisons. Tout d&rsquo;abord, le format de 1,5 litre permet de pr\u00e9server la qualit\u00e9 du vin plus longtemps, car il contient deux fois plus de liquide qu&rsquo;une bouteille de 75 cl. De plus, le vieillissement en [&hellip;]<\/p>\n","protected":false},"author":1,"featured_media":0,"parent":0,"menu_order":0,"comment_status":"closed","ping_status":"closed","template":"elementor_header_footer","meta":{"footnotes":""},"class_list":["post-1989","page","type-page","status-publish","hentry"],"_links":{"self":[{"href":"https:\/\/www.demauriceaolivier.be\/de\/wp-json\/wp\/v2\/pages\/1989","targetHints":{"allow":["GET"]}}],"collection":[{"href":"https:\/\/www.demauriceaolivier.be\/de\/wp-json\/wp\/v2\/pages"}],"about":[{"href":"https:\/\/www.demauriceaolivier.be\/de\/wp-json\/wp\/v2\/types\/page"}],"author":[{"embeddable":true,"href":"https:\/\/www.demauriceaolivier.be\/de\/wp-json\/wp\/v2\/users\/1"}],"replies":[{"embeddable":true,"href":"https:\/\/www.demauriceaolivier.be\/de\/wp-json\/wp\/v2\/comments?post=1989"}],"version-history":[{"count":16,"href":"https:\/\/www.demauriceaolivier.be\/de\/wp-json\/wp\/v2\/pages\/1989\/revisions"}],"predecessor-version":[{"id":2018,"href":"https:\/\/www.demauriceaolivier.be\/de\/wp-json\/wp\/v2\/pages\/1989\/revisions\/2018"}],"wp:attachment":[{"href":"https:\/\/www.demauriceaolivier.be\/de\/wp-json\/wp\/v2\/media?parent=1989"}],"curies":[{"name":"wp","href":"https:\/\/api.w.org\/{rel}","templated":true}]}}