{"id":2005,"date":"2024-01-05T15:18:55","date_gmt":"2024-01-05T14:18:55","guid":{"rendered":"https:\/\/www.demauriceaolivier.marketing-virtual-tools.com\/?page_id=2005"},"modified":"2024-04-25T10:30:50","modified_gmt":"2024-04-25T08:30:50","slug":"ausergewohnliche-alkohole","status":"publish","type":"page","link":"https:\/\/www.demauriceaolivier.be\/de\/alcools-dexception\/","title":{"rendered":"Alcools d&rsquo;exception"},"content":{"rendered":"<div data-elementor-type=\"wp-page\" data-elementor-id=\"2005\" class=\"elementor elementor-2005\" data-elementor-post-type=\"page\">\n\t\t\t\t<div class=\"elementor-element elementor-element-5cae2ae6 e-flex e-con-boxed e-con e-parent\" data-id=\"5cae2ae6\" data-element_type=\"container\" data-e-type=\"container\" data-settings=\"{&quot;background_background&quot;:&quot;classic&quot;}\">\n\t\t\t\t\t<div class=\"e-con-inner\">\n\t\t<div class=\"elementor-element elementor-element-6231bd3 e-flex e-con-boxed e-con e-child\" data-id=\"6231bd3\" data-element_type=\"container\" data-e-type=\"container\">\n\t\t\t\t\t<div class=\"e-con-inner\">\n\t\t\t\t<div class=\"elementor-element elementor-element-150acf15 elementor-widget elementor-widget-heading\" data-id=\"150acf15\" data-element_type=\"widget\" data-e-type=\"widget\" data-widget_type=\"heading.default\">\n\t\t\t\t<div class=\"elementor-widget-container\">\n\t\t\t\t\t<h1 class=\"elementor-heading-title elementor-size-default\">Exzellente alkoholische Getr\u00e4nke<\/h1>\t\t\t\t<\/div>\n\t\t\t\t<\/div>\n\t\t\t\t<div class=\"elementor-element elementor-element-714658ac elementor-widget elementor-widget-heading\" data-id=\"714658ac\" data-element_type=\"widget\" data-e-type=\"widget\" data-widget_type=\"heading.default\">\n\t\t\t\t<div class=\"elementor-widget-container\">\n\t\t\t\t\t<h1 class=\"elementor-heading-title elementor-size-default\">Oliviers Keller<\/h1>\t\t\t\t<\/div>\n\t\t\t\t<\/div>\n\t\t\t\t\t<\/div>\n\t\t\t\t<\/div>\n\t\t\t\t\t<\/div>\n\t\t\t\t<\/div>\n\t\t<div class=\"elementor-element elementor-element-13210278 animated-slow e-flex e-con-boxed elementor-invisible e-con e-parent\" data-id=\"13210278\" data-element_type=\"container\" data-e-type=\"container\" data-settings=\"{&quot;background_background&quot;:&quot;classic&quot;,&quot;animation&quot;:&quot;fadeIn&quot;}\">\n\t\t\t\t\t<div class=\"e-con-inner\">\n\t\t<div class=\"elementor-element elementor-element-5559a013 e-con-full e-flex e-con e-child\" data-id=\"5559a013\" data-element_type=\"container\" data-e-type=\"container\">\n\t\t\t\t<div class=\"elementor-element elementor-element-47e5fc7e elementor-widget elementor-widget-image\" data-id=\"47e5fc7e\" data-element_type=\"widget\" data-e-type=\"widget\" data-widget_type=\"image.default\">\n\t\t\t\t<div class=\"elementor-widget-container\">\n\t\t\t\t\t\t\t\t\t\t\t\t\t\t\t<img fetchpriority=\"high\" decoding=\"async\" width=\"800\" height=\"533\" src=\"https:\/\/www.demauriceaolivier.be\/wp-content\/uploads\/2023\/11\/de-maurice-a-olivier-low-01-140.jpg\" class=\"attachment-large size-large wp-image-211\" alt=\"Ausnahmen-Alkohol\" srcset=\"https:\/\/www.demauriceaolivier.be\/wp-content\/uploads\/2023\/11\/de-maurice-a-olivier-low-01-140.jpg 800w, https:\/\/www.demauriceaolivier.be\/wp-content\/uploads\/2023\/11\/de-maurice-a-olivier-low-01-140-300x200.jpg 300w, https:\/\/www.demauriceaolivier.be\/wp-content\/uploads\/2023\/11\/de-maurice-a-olivier-low-01-140-768x512.jpg 768w\" sizes=\"(max-width: 800px) 100vw, 800px\" \/>\t\t\t\t\t\t\t\t\t\t\t\t\t\t\t<\/div>\n\t\t\t\t<\/div>\n\t\t\t\t<\/div>\n\t\t<div class=\"elementor-element elementor-element-38db72c0 e-con-full e-flex e-con e-child\" data-id=\"38db72c0\" data-element_type=\"container\" data-e-type=\"container\">\n\t\t\t\t<div class=\"elementor-element elementor-element-4bbe812c elementor-widget elementor-widget-heading\" data-id=\"4bbe812c\" data-element_type=\"widget\" data-e-type=\"widget\" data-widget_type=\"heading.default\">\n\t\t\t\t<div class=\"elementor-widget-container\">\n\t\t\t\t\t<h2 class=\"elementor-heading-title elementor-size-default\">Exzellente alkoholische Getr\u00e4nke<\/h2>\t\t\t\t<\/div>\n\t\t\t\t<\/div>\n\t\t\t\t<div class=\"elementor-element elementor-element-23440806 elementor-widget elementor-widget-text-editor\" data-id=\"23440806\" data-element_type=\"widget\" data-e-type=\"widget\" data-widget_type=\"text-editor.default\">\n\t\t\t\t<div class=\"elementor-widget-container\">\n\t\t\t\t\t\t\t\t\t<p>Au\u00dfergew\u00f6hnliche Spirituosen werden oft \u00fcber lange Zeitr\u00e4ume gereift, um eine \u00fcberlegene Qualit\u00e4t zu erreichen. Cognac und Armagnac, zwei in Frankreich hergestellte Branntweinsorten, reifen jahrzehntelang in Eichenf\u00e4ssern, wodurch reichhaltige und komplexe Aromen entstehen. Whiskys, die in verschiedenen L\u00e4ndern hergestellt werden, weisen je nach Herkunftsregion unterschiedliche Stile auf, werden aber in der Regel mehrere Jahre lang gereift und ihr Geschmack wird durch die verwendeten Getreidesorten beeinflusst. Calvados, ebenfalls in Frankreich hergestellt, sind Apfelbr\u00e4nde, die mehrere Jahre lang gereift werden, um fruchtige Aromen und Geschmacksnoten zu entwickeln. Rums, die in tropischen Regionen der Welt hergestellt werden, reifen in Eichenf\u00e4ssern und weisen eine Reihe komplexer Aromen auf, von s\u00fc\u00df und fruchtig bis herzhaft und rauchig.<\/p>\t\t\t\t\t\t\t\t<\/div>\n\t\t\t\t<\/div>\n\t\t\t\t<\/div>\n\t\t\t\t\t<\/div>\n\t\t\t\t<\/div>\n\t\t<div class=\"elementor-element elementor-element-2d3256c7 e-flex e-con-boxed e-con e-parent\" data-id=\"2d3256c7\" data-element_type=\"container\" data-e-type=\"container\" data-settings=\"{&quot;background_background&quot;:&quot;classic&quot;}\">\n\t\t\t\t\t<div class=\"e-con-inner\">\n\t\t\t\t<div class=\"elementor-element elementor-element-6c8d03a9 animated-slow elementor-invisible elementor-widget elementor-widget-heading\" data-id=\"6c8d03a9\" data-element_type=\"widget\" data-e-type=\"widget\" data-settings=\"{&quot;_animation&quot;:&quot;slideInLeft&quot;}\" data-widget_type=\"heading.default\">\n\t\t\t\t<div class=\"elementor-widget-container\">\n\t\t\t\t\t<h2 class=\"elementor-heading-title elementor-size-default\">Die Cognacs<\/h2>\t\t\t\t<\/div>\n\t\t\t\t<\/div>\n\t\t\t\t<div class=\"elementor-element elementor-element-7a81657c elementor-widget elementor-widget-text-editor\" data-id=\"7a81657c\" data-element_type=\"widget\" data-e-type=\"widget\" data-widget_type=\"text-editor.default\">\n\t\t\t\t<div class=\"elementor-widget-container\">\n\t\t\t\t\t\t\t\t\t<table width=\"553\"><tbody><tr><td width=\"439\">Camus Borderies Familiales (40\u00b0)<\/td><td width=\"114\">35 \u20ac<\/td><\/tr><tr><td>Camus Dunkel und Intensiv (40\u00b0)<\/td><td>95 \u20ac<\/td><\/tr><tr><td>Delamain Revelation Malaville (45\u00b0)<\/td><td>40 \u20ac<\/td><\/tr><tr><td>Delamain Tr\u00e8s V\u00e9n\u00e9r\u00e9 (40\u00b0)<\/td><td>65 \u20ac<\/td><\/tr><tr><td>Delamain Plenitude 1980 (42\u00b0)<\/td><td>95 \u20ac<\/td><\/tr><tr><td>Delamain Apog\u00e9e Ancestral (43,5\u00b0)<\/td><td>125 \u20ac<\/td><\/tr><tr><td>Delamain Verriere 1965 (44\u00b0)<\/td><td>165 \u20ac<\/td><\/tr><tr><td>Delamain Grand Vintage 1989 (42\u00b0)<\/td><td>95 \u20ac<\/td><\/tr><tr><td>Delamain Grand Vintage 30 Jahre 1986 (40\u00b0)<\/td><td>105 \u20ac<\/td><\/tr><tr><td>Delamain Grand Vintage 40 Jahre 1977 (40\u00b0)<\/td><td>115 \u20ac<\/td><\/tr><tr><td>Delamain Grand Vintage 5 Jahre 1966 (40\u00b0)<\/td><td>125 \u20ac<\/td><\/tr><tr><td>Fillioux Familienreserve<\/td><td>55 \u20ac<\/td><\/tr><tr><td>L\u00e9opold Gourmel Cognac Quintessence (52\u00b0)<\/td><td>65 \u20ac<\/td><\/tr><tr><td>Royer 28 Jahre (Grande Champagne) Premier Cru des Cognacs (43\u00b0)<\/td><td>65 \u20ac<\/td><\/tr><\/tbody><\/table>\t\t\t\t\t\t\t\t<\/div>\n\t\t\t\t<\/div>\n\t\t\t\t\t<\/div>\n\t\t\t\t<\/div>\n\t\t<div class=\"elementor-element elementor-element-6ed05f2b e-flex e-con-boxed e-con e-parent\" data-id=\"6ed05f2b\" data-element_type=\"container\" data-e-type=\"container\" data-settings=\"{&quot;background_background&quot;:&quot;classic&quot;}\">\n\t\t\t\t\t<div class=\"e-con-inner\">\n\t\t\t\t<div class=\"elementor-element elementor-element-5399ef6d animated-slow elementor-invisible elementor-widget elementor-widget-heading\" data-id=\"5399ef6d\" data-element_type=\"widget\" data-e-type=\"widget\" data-settings=\"{&quot;_animation&quot;:&quot;slideInLeft&quot;}\" data-widget_type=\"heading.default\">\n\t\t\t\t<div class=\"elementor-widget-container\">\n\t\t\t\t\t<h2 class=\"elementor-heading-title elementor-size-default\">Die Armagnacs<\/h2>\t\t\t\t<\/div>\n\t\t\t\t<\/div>\n\t\t\t\t<div class=\"elementor-element elementor-element-4df9f6cf elementor-widget elementor-widget-text-editor\" data-id=\"4df9f6cf\" data-element_type=\"widget\" data-e-type=\"widget\" data-widget_type=\"text-editor.default\">\n\t\t\t\t<div class=\"elementor-widget-container\">\n\t\t\t\t\t\t\t\t\t<table width=\"553\"><tbody><tr><td width=\"439\">Bas Armagnac Les grands assemblages 50 Jahre (43\u00b0)<\/td><td width=\"114\">55 \u20ac<\/td><\/tr><tr><td>Bas Armagnac Les Pi\u00e8ces oubli\u00e9es 36 Jahre (38\u00b0) N\u00b0 58<\/td><td>35 \u20ac<\/td><\/tr><tr><td>Bas Armagnac Darroze 1962 Domaine de Gaube (46,5\u00b0)<\/td><td>75 \u20ac<\/td><\/tr><tr><td>Bas Armagnac Darroze 1970 Domaine de Gaube (46,5\u00b0)<\/td><td>45 \u20ac<\/td><\/tr><tr><td>Bas Armagnac Darroze 1972 Domaine de Gaube (46,5\u00b0)<\/td><td>35 \u20ac<\/td><\/tr><tr><td>Bas Armagnac Darroze 1976 Domaine de la poste (46,5\u00b0)<\/td><td>32 \u20ac<\/td><\/tr><tr><td>Bas Armagnac Darroze 1977 Domaine de Peyrot (46,5\u00b0)<\/td><td>29 \u20ac<\/td><\/tr><tr><td>Bas Armagnac Darroze 1981 Domaine de Jaanchicot (43,3\u00b0)<\/td><td>25 \u20ac<\/td><\/tr><tr><td>Bas Armagnac Darroze 1981 Ch\u00e2teau Lahitte (43,3\u00b0)<\/td><td>25 \u20ac<\/td><\/tr><tr><td>Bas Armagnac Darroze 1984 Domaine de Jaanchicot (43,3\u00b0)<\/td><td>25 \u20ac<\/td><\/tr><tr><td>Bas Armagnac Darroze 1987 Domaine de Jaanchicot (40,5\u00b0)<\/td><td>22 \u20ac<\/td><\/tr><tr><td>Bas Armagnac Darroze 1988 Domaine de Jaanchicot (47\u00b0)<\/td><td>20 \u20ac<\/td><\/tr><tr><td>Bas Armagnac Darroze 1990 Domaine Au Martin Colombard Folle Blanche (50\u00b0)<\/td><td>22 \u20ac<\/td><\/tr><tr><td>Bas Armagnac Darroze 1991 Domaine de Lamarquette (50\u00b0)<\/td><td>22 \u20ac<\/td><\/tr><tr><td>Bas Armagnac Darroze 1996 Domaine de Sall\u00e9 (50\u00b0)<\/td><td>20 \u20ac<\/td><\/tr><tr><td>Bas Armagnac Darroze 2000 Domaine Petit Lassis (53\u00b0)<\/td><td>18 \u20ac<\/td><\/tr><tr><td>Bas Armagnac Darroze 2001 Domaine de Martin (53\u00b0)<\/td><td>17 \u20ac<\/td><\/tr><tr><td>Bas Armagnac Darroze 2003 Domaine de Monturon (53\u00b0)<\/td><td>16 \u20ac<\/td><\/tr><tr><td>Bas Armagnac Darroze 2005 Domaine de Paguy (53\u00b0)<\/td><td>15 \u20ac<\/td><\/tr><\/tbody><\/table>\t\t\t\t\t\t\t\t<\/div>\n\t\t\t\t<\/div>\n\t\t\t\t\t<\/div>\n\t\t\t\t<\/div>\n\t\t<div class=\"elementor-element elementor-element-a6ac708 e-flex e-con-boxed e-con e-parent\" data-id=\"a6ac708\" data-element_type=\"container\" data-e-type=\"container\" data-settings=\"{&quot;background_background&quot;:&quot;classic&quot;}\">\n\t\t\t\t\t<div class=\"e-con-inner\">\n\t\t\t\t<div class=\"elementor-element elementor-element-8cc12fd animated-slow elementor-invisible elementor-widget elementor-widget-heading\" data-id=\"8cc12fd\" data-element_type=\"widget\" data-e-type=\"widget\" data-settings=\"{&quot;_animation&quot;:&quot;slideInLeft&quot;}\" data-widget_type=\"heading.default\">\n\t\t\t\t<div class=\"elementor-widget-container\">\n\t\t\t\t\t<h2 class=\"elementor-heading-title elementor-size-default\">Die Whiskys<\/h2>\t\t\t\t<\/div>\n\t\t\t\t<\/div>\n\t\t\t\t<div class=\"elementor-element elementor-element-5a0320e elementor-widget elementor-widget-text-editor\" data-id=\"5a0320e\" data-element_type=\"widget\" data-e-type=\"widget\" data-widget_type=\"text-editor.default\">\n\t\t\t\t<div class=\"elementor-widget-container\">\n\t\t\t\t\t\t\t\t\t<table width=\"553\"><tbody><tr><td width=\"439\">Auchentoshan 1992 26 Jahre (50,4\u00b0)<\/td><td width=\"114\">40 \u20ac<\/td><\/tr><tr><td>Blair Athol 1991 25 Jahre (46 \u00b0)<\/td><td>45 \u20ac<\/td><\/tr><tr><td>Bowmore 25 Jahre (43%)<\/td><td>45 \u20ac<\/td><\/tr><tr><td>Bunnahabhain 25 Jahre (46%)<\/td><td>90 \u20ac<\/td><\/tr><tr><td>Bunnahabhain 30 Jahre (46%)<\/td><td>125 \u20ac<\/td><\/tr><tr><td>Bunnahabhain 40 Jahre (42\u00b0)<\/td><td>395 \u20ac<\/td><\/tr><tr><td>Deanston 2002 Organic PX (50 %)<\/td><td>35 \u20ac<\/td><\/tr><tr><td>Deanston 40 Jahre (45 \u00b0)<\/td><td>290 \u20ac<\/td><\/tr><tr><td>Glencadam 25 Jahre (43 \u00b0)<\/td><td>80 \u20ac<\/td><\/tr><tr><td>Glenfiddich 26 Jahre (43 \u00b0)<\/td><td>75 \u20ac<\/td><\/tr><tr><td>Mannochmore 2016 25 Jahre (53,4\u00b0)<\/td><td>75 \u20ac<\/td><\/tr><tr><td>Tomitoul 25 Jahre (43\u00b0)<\/td><td>80 \u20ac<\/td><\/tr><tr><td>Tomitoul 30 Jahre Robert Fleming (50\u00b0)<\/td><td>115 \u20ac<\/td><\/tr><\/tbody><\/table>\t\t\t\t\t\t\t\t<\/div>\n\t\t\t\t<\/div>\n\t\t\t\t\t<\/div>\n\t\t\t\t<\/div>\n\t\t<div class=\"elementor-element elementor-element-edc39ca e-flex e-con-boxed e-con e-parent\" data-id=\"edc39ca\" data-element_type=\"container\" data-e-type=\"container\" data-settings=\"{&quot;background_background&quot;:&quot;classic&quot;}\">\n\t\t\t\t\t<div class=\"e-con-inner\">\n\t\t\t\t<div class=\"elementor-element elementor-element-7fdbc55 animated-slow elementor-invisible elementor-widget elementor-widget-heading\" data-id=\"7fdbc55\" data-element_type=\"widget\" data-e-type=\"widget\" data-settings=\"{&quot;_animation&quot;:&quot;slideInLeft&quot;}\" data-widget_type=\"heading.default\">\n\t\t\t\t<div class=\"elementor-widget-container\">\n\t\t\t\t\t<h2 class=\"elementor-heading-title elementor-size-default\">Die Calvados<\/h2>\t\t\t\t<\/div>\n\t\t\t\t<\/div>\n\t\t\t\t<div class=\"elementor-element elementor-element-ac71107 elementor-widget elementor-widget-text-editor\" data-id=\"ac71107\" data-element_type=\"widget\" data-e-type=\"widget\" data-widget_type=\"text-editor.default\">\n\t\t\t\t<div class=\"elementor-widget-container\">\n\t\t\t\t\t\t\t\t\t<table width=\"553\"><tbody><tr><td width=\"439\">Auchentoshan 1992 26 Jahre (50,4\u00b0)<\/td><td width=\"114\">40 \u20ac<\/td><\/tr><tr><td>Blair Athol 1991 25 Jahre (46 \u00b0)<\/td><td>45 \u20ac<\/td><\/tr><tr><td>Bowmore 25 Jahre (43%)<\/td><td>45 \u20ac<\/td><\/tr><tr><td>Bunnahabhain 25 Jahre (46%)<\/td><td>90 \u20ac<\/td><\/tr><tr><td>Bunnahabhain 30 Jahre (46%)<\/td><td>125 \u20ac<\/td><\/tr><tr><td>Bunnahabhain 40 Jahre (42\u00b0)<\/td><td>395 \u20ac<\/td><\/tr><tr><td>Deanston 2002 Organic PX (50 %)<\/td><td>35 \u20ac<\/td><\/tr><tr><td>Deanston 40 Jahre (45 \u00b0)<\/td><td>290 \u20ac<\/td><\/tr><tr><td>Glencadam 25 Jahre (43 \u00b0)<\/td><td>80 \u20ac<\/td><\/tr><tr><td>Glenfiddich 26 Jahre (43 \u00b0)<\/td><td>75 \u20ac<\/td><\/tr><tr><td>Mannochmore 2016 25 Jahre (53,4\u00b0)<\/td><td>75 \u20ac<\/td><\/tr><tr><td>Tomitoul 25 Jahre (43\u00b0)<\/td><td>80 \u20ac<\/td><\/tr><tr><td>Tomitoul 30 Jahre Robert Fleming (50\u00b0)<\/td><td>115 \u20ac<\/td><\/tr><\/tbody><\/table>\t\t\t\t\t\t\t\t<\/div>\n\t\t\t\t<\/div>\n\t\t\t\t\t<\/div>\n\t\t\t\t<\/div>\n\t\t<div class=\"elementor-element elementor-element-5079173 e-flex e-con-boxed e-con e-parent\" data-id=\"5079173\" data-element_type=\"container\" data-e-type=\"container\" data-settings=\"{&quot;background_background&quot;:&quot;classic&quot;}\">\n\t\t\t\t\t<div class=\"e-con-inner\">\n\t\t\t\t<div class=\"elementor-element elementor-element-0dec43b animated-slow elementor-invisible elementor-widget elementor-widget-heading\" data-id=\"0dec43b\" data-element_type=\"widget\" data-e-type=\"widget\" data-settings=\"{&quot;_animation&quot;:&quot;slideInLeft&quot;}\" data-widget_type=\"heading.default\">\n\t\t\t\t<div class=\"elementor-widget-container\">\n\t\t\t\t\t<h2 class=\"elementor-heading-title elementor-size-default\">Die Rums<\/h2>\t\t\t\t<\/div>\n\t\t\t\t<\/div>\n\t\t\t\t<div class=\"elementor-element elementor-element-8cfbbba elementor-widget elementor-widget-text-editor\" data-id=\"8cfbbba\" data-element_type=\"widget\" data-e-type=\"widget\" data-widget_type=\"text-editor.default\">\n\t\t\t\t<div class=\"elementor-widget-container\">\n\t\t\t\t\t\t\t\t\t<table width=\"553\"><tbody><tr><td width=\"439\">Diplomatico Ambassador (47 \u00b0)<\/td><td width=\"114\">40 \u20ac<\/td><\/tr><tr><td>Zacapa Cent Royal (45\u00b0)<\/td><td>45 \u20ac<\/td><\/tr><tr><td>Cl\u00e9ment Vieux Agricole 1970 (44\u00b0)<\/td><td>125 \u20ac<\/td><\/tr><tr><td>JM Tr\u00e8s Vieux Agricole 2004 (42 \u00b0)<\/td><td>45 \u20ac<\/td><\/tr><\/tbody><\/table>\t\t\t\t\t\t\t\t<\/div>\n\t\t\t\t<\/div>\n\t\t\t\t\t<\/div>\n\t\t\t\t<\/div>\n\t\t\t\t<\/div>","protected":false},"excerpt":{"rendered":"<p>Les alcools d&rsquo;exception La cave d&rsquo;Olivier Les alcools d&rsquo;exception Les alcools d&rsquo;exception souvent vieillies pendant de longues p\u00e9riodes pour atteindre une qualit\u00e9 sup\u00e9rieure. Les cognacs et les armagnacs, deux types de brandy fabriqu\u00e9s en France, sont vieillis dans des f\u00fbts de ch\u00eane pendant des d\u00e9cennies, donnant des saveurs riches et complexes. Les whiskys, produits dans [&hellip;]<\/p>\n","protected":false},"author":1,"featured_media":0,"parent":0,"menu_order":0,"comment_status":"closed","ping_status":"closed","template":"elementor_header_footer","meta":{"footnotes":""},"class_list":["post-2005","page","type-page","status-publish","hentry"],"_links":{"self":[{"href":"https:\/\/www.demauriceaolivier.be\/de\/wp-json\/wp\/v2\/pages\/2005","targetHints":{"allow":["GET"]}}],"collection":[{"href":"https:\/\/www.demauriceaolivier.be\/de\/wp-json\/wp\/v2\/pages"}],"about":[{"href":"https:\/\/www.demauriceaolivier.be\/de\/wp-json\/wp\/v2\/types\/page"}],"author":[{"embeddable":true,"href":"https:\/\/www.demauriceaolivier.be\/de\/wp-json\/wp\/v2\/users\/1"}],"replies":[{"embeddable":true,"href":"https:\/\/www.demauriceaolivier.be\/de\/wp-json\/wp\/v2\/comments?post=2005"}],"version-history":[{"count":13,"href":"https:\/\/www.demauriceaolivier.be\/de\/wp-json\/wp\/v2\/pages\/2005\/revisions"}],"predecessor-version":[{"id":2367,"href":"https:\/\/www.demauriceaolivier.be\/de\/wp-json\/wp\/v2\/pages\/2005\/revisions\/2367"}],"wp:attachment":[{"href":"https:\/\/www.demauriceaolivier.be\/de\/wp-json\/wp\/v2\/media?parent=2005"}],"curies":[{"name":"wp","href":"https:\/\/api.w.org\/{rel}","templated":true}]}}