{"id":2040,"date":"2024-01-05T16:27:12","date_gmt":"2024-01-05T15:27:12","guid":{"rendered":"https:\/\/www.demauriceaolivier.marketing-virtual-tools.com\/?page_id=2040"},"modified":"2024-01-11T18:30:23","modified_gmt":"2024-01-11T17:30:23","slug":"cognacs","status":"publish","type":"page","link":"https:\/\/www.demauriceaolivier.be\/de\/cognacs\/","title":{"rendered":"Kognak"},"content":{"rendered":"<div data-elementor-type=\"wp-page\" data-elementor-id=\"2040\" class=\"elementor elementor-2040\" data-elementor-post-type=\"page\">\n\t\t\t\t<div class=\"elementor-element elementor-element-34d73cb5 e-flex e-con-boxed e-con e-parent\" data-id=\"34d73cb5\" data-element_type=\"container\" data-e-type=\"container\" data-settings=\"{&quot;background_background&quot;:&quot;classic&quot;}\">\n\t\t\t\t\t<div class=\"e-con-inner\">\n\t\t<div class=\"elementor-element elementor-element-3f7877fa e-flex e-con-boxed e-con e-child\" data-id=\"3f7877fa\" data-element_type=\"container\" data-e-type=\"container\">\n\t\t\t\t\t<div class=\"e-con-inner\">\n\t\t\t\t<div class=\"elementor-element elementor-element-57efaaa4 elementor-widget elementor-widget-heading\" data-id=\"57efaaa4\" data-element_type=\"widget\" data-e-type=\"widget\" data-widget_type=\"heading.default\">\n\t\t\t\t<div class=\"elementor-widget-container\">\n\t\t\t\t\t<h1 class=\"elementor-heading-title elementor-size-default\">Die Cognacs<\/h1>\t\t\t\t<\/div>\n\t\t\t\t<\/div>\n\t\t\t\t<div class=\"elementor-element elementor-element-782eac4a elementor-widget elementor-widget-heading\" data-id=\"782eac4a\" data-element_type=\"widget\" data-e-type=\"widget\" data-widget_type=\"heading.default\">\n\t\t\t\t<div class=\"elementor-widget-container\">\n\t\t\t\t\t<h1 class=\"elementor-heading-title elementor-size-default\">Oliviers Keller<\/h1>\t\t\t\t<\/div>\n\t\t\t\t<\/div>\n\t\t\t\t\t<\/div>\n\t\t\t\t<\/div>\n\t\t\t\t\t<\/div>\n\t\t\t\t<\/div>\n\t\t<div class=\"elementor-element elementor-element-312db54e animated-slow e-flex e-con-boxed elementor-invisible e-con e-parent\" data-id=\"312db54e\" data-element_type=\"container\" data-e-type=\"container\" data-settings=\"{&quot;background_background&quot;:&quot;classic&quot;,&quot;animation&quot;:&quot;fadeIn&quot;}\">\n\t\t\t\t\t<div class=\"e-con-inner\">\n\t\t<div class=\"elementor-element elementor-element-6d9addba e-con-full e-flex e-con e-child\" data-id=\"6d9addba\" data-element_type=\"container\" data-e-type=\"container\">\n\t\t\t\t<div class=\"elementor-element elementor-element-21be8e2f elementor-widget elementor-widget-image\" data-id=\"21be8e2f\" data-element_type=\"widget\" data-e-type=\"widget\" data-widget_type=\"image.default\">\n\t\t\t\t<div class=\"elementor-widget-container\">\n\t\t\t\t\t\t\t\t\t\t\t\t\t\t\t<img fetchpriority=\"high\" decoding=\"async\" width=\"799\" height=\"533\" src=\"https:\/\/www.demauriceaolivier.be\/wp-content\/uploads\/2024\/01\/de-maurica-a-olivier-cave-a-vin-low-67.jpg\" class=\"attachment-large size-large wp-image-1819\" alt=\"\" srcset=\"https:\/\/www.demauriceaolivier.be\/wp-content\/uploads\/2024\/01\/de-maurica-a-olivier-cave-a-vin-low-67.jpg 799w, https:\/\/www.demauriceaolivier.be\/wp-content\/uploads\/2024\/01\/de-maurica-a-olivier-cave-a-vin-low-67-300x200.jpg 300w, https:\/\/www.demauriceaolivier.be\/wp-content\/uploads\/2024\/01\/de-maurica-a-olivier-cave-a-vin-low-67-768x512.jpg 768w\" sizes=\"(max-width: 799px) 100vw, 799px\" \/>\t\t\t\t\t\t\t\t\t\t\t\t\t\t\t<\/div>\n\t\t\t\t<\/div>\n\t\t\t\t<\/div>\n\t\t<div class=\"elementor-element elementor-element-40b45659 e-con-full e-flex e-con e-child\" data-id=\"40b45659\" data-element_type=\"container\" data-e-type=\"container\">\n\t\t\t\t<div class=\"elementor-element elementor-element-7f80fd02 elementor-widget elementor-widget-heading\" data-id=\"7f80fd02\" data-element_type=\"widget\" data-e-type=\"widget\" data-widget_type=\"heading.default\">\n\t\t\t\t<div class=\"elementor-widget-container\">\n\t\t\t\t\t<h2 class=\"elementor-heading-title elementor-size-default\">Die Cognacs<\/h2>\t\t\t\t<\/div>\n\t\t\t\t<\/div>\n\t\t\t\t<div class=\"elementor-element elementor-element-60fd66c1 elementor-widget elementor-widget-text-editor\" data-id=\"60fd66c1\" data-element_type=\"widget\" data-e-type=\"widget\" data-widget_type=\"text-editor.default\">\n\t\t\t\t<div class=\"elementor-widget-container\">\n\t\t\t\t\t\t\t\t\t<p><em>Vielleicht die reinste aller Br\u00e4nde, durch geheimnisvolle Alchemie, Zeit, Tradition und Reifung, verwandelt sich das einst Ungetrunkene in eine exquisite Mischung, die sehr komplex an Blumen, Gew\u00fcrze und Holz erinnert und manchmal eine leichte S\u00fc\u00dfe aufweist<\/em><\/p>\t\t\t\t\t\t\t\t<\/div>\n\t\t\t\t<\/div>\n\t\t\t\t<\/div>\n\t\t\t\t\t<\/div>\n\t\t\t\t<\/div>\n\t\t<div class=\"elementor-element elementor-element-5fb50e49 e-flex e-con-boxed e-con e-parent\" data-id=\"5fb50e49\" data-element_type=\"container\" data-e-type=\"container\" data-settings=\"{&quot;background_background&quot;:&quot;classic&quot;}\">\n\t\t\t\t\t<div class=\"e-con-inner\">\n\t\t\t\t<div class=\"elementor-element elementor-element-7ddf6ada animated-slow elementor-invisible elementor-widget elementor-widget-heading\" data-id=\"7ddf6ada\" data-element_type=\"widget\" data-e-type=\"widget\" data-settings=\"{&quot;_animation&quot;:&quot;slideInLeft&quot;}\" data-widget_type=\"heading.default\">\n\t\t\t\t<div class=\"elementor-widget-container\">\n\t\t\t\t\t<h2 class=\"elementor-heading-title elementor-size-default\">Maison Jean Fillioux<\/h2>\t\t\t\t<\/div>\n\t\t\t\t<\/div>\n\t\t\t\t<div class=\"elementor-element elementor-element-97d5537 elementor-widget elementor-widget-text-editor\" data-id=\"97d5537\" data-element_type=\"widget\" data-e-type=\"widget\" data-widget_type=\"text-editor.default\">\n\t\t\t\t<div class=\"elementor-widget-container\">\n\t\t\t\t\t\t\t\t\t<p><em>Die Familie Fillioux besitzt, auf einer Anh\u00f6he im Herzen der Grande Charente, ein Herrenhaus, das jeden Eindringling zur\u00fcckzudr\u00e4ngen scheint und die umliegenden Weinberge \u00fcberragt. Im Jahr 1880 lie\u00df sich Honor\u00e9 Fillioux, der einer bereits bekannten Familie von Kellermeistern angeh\u00f6rte, die heute in der siebten Generation bei Hennessy vertreten ist, dort nieder, um mit der Herstellung von Cognac zu beginnen. Heute leitet sein Urenkel Pascal das 22 Hektar gro\u00dfe Anwesen und ist f\u00fcr seine Br\u00e4nde aus Grande Champagne von au\u00dfergew\u00f6hnlicher Qualit\u00e4t verantwortlich.<\/em><\/p>\t\t\t\t\t\t\t\t<\/div>\n\t\t\t\t<\/div>\n\t\t\t\t<div class=\"elementor-element elementor-element-7aa1b20 elementor-widget elementor-widget-text-editor\" data-id=\"7aa1b20\" data-element_type=\"widget\" data-e-type=\"widget\" data-widget_type=\"text-editor.default\">\n\t\t\t\t<div class=\"elementor-widget-container\">\n\t\t\t\t\t\t\t\t\t<table width=\"553\"><tbody><tr><td width=\"439\">Cognac VS (40%)<\/td><td width=\"114\">8 \u20ac<\/td><\/tr><tr><td>La pouyade (Vieille Grande Champagne) Premier Cru des Cognacs (42 %%)<\/td><td>9 \u20ac<\/td><\/tr><tr><td>Cep d\u2019or (Sehr alte Grande Champagne) Premier Cru des Cognacs (40%)<\/td><td>12 \u20ac<\/td><\/tr><tr><td>Sehr alt (Tr\u00e8s Vieille Grande Champagne) Premier Cru du Cognac (40%)<\/td><td>15 \u20ac<\/td><\/tr><tr><td>Cognac 16 Jahre alt<\/td><td>18 \u20ac<\/td><\/tr><tr><td>Private Sammlung von Pascal Fillioux Jahrgang 1992 ()<\/td><td>17 \u20ac<\/td><\/tr><tr><td>Privatsammlung von Pascal Fillioux Jahrgang 1994 (43%)\u00a0\u00a0<\/td><td>17 \u20ac<\/td><\/tr><tr><td>Cognac So Elegantissimo (41%)<\/td><td>23 \u20ac<\/td><\/tr><tr><td>Familienreserve ( Jahre) (Sehr alte Grande Champagne)<\/td><td>55 \u20ac<\/td><\/tr><tr><td>Cognac mit einer wundersch\u00f6nen Pflaumennase, die auf eine gro\u00dfe Herkunft hinweist.<\/td><td>\u00a0<\/td><\/tr><\/tbody><\/table>\t\t\t\t\t\t\t\t<\/div>\n\t\t\t\t<\/div>\n\t\t\t\t\t<\/div>\n\t\t\t\t<\/div>\n\t\t<div class=\"elementor-element elementor-element-568c787 e-flex e-con-boxed e-con e-parent\" data-id=\"568c787\" data-element_type=\"container\" data-e-type=\"container\" data-settings=\"{&quot;background_background&quot;:&quot;classic&quot;}\">\n\t\t\t\t\t<div class=\"e-con-inner\">\n\t\t\t\t<div class=\"elementor-element elementor-element-9518274 animated-slow elementor-invisible elementor-widget elementor-widget-heading\" data-id=\"9518274\" data-element_type=\"widget\" data-e-type=\"widget\" data-settings=\"{&quot;_animation&quot;:&quot;slideInLeft&quot;}\" data-widget_type=\"heading.default\">\n\t\t\t\t<div class=\"elementor-widget-container\">\n\t\t\t\t\t<h2 class=\"elementor-heading-title elementor-size-default\">Maison Louis Royer<\/h2>\t\t\t\t<\/div>\n\t\t\t\t<\/div>\n\t\t\t\t<div class=\"elementor-element elementor-element-3b2bf7f elementor-widget elementor-widget-text-editor\" data-id=\"3b2bf7f\" data-element_type=\"widget\" data-e-type=\"widget\" data-widget_type=\"text-editor.default\">\n\t\t\t\t<div class=\"elementor-widget-container\">\n\t\t\t\t\t\t\t\t\t<p><em>Ein sehr angesehenes Cognac-Haus, das noch vor wenigen Jahren im Besitz der Familie Royer war, aber nach einem Familienstreit schlie\u00dflich an die Suntory-Gruppe verkauft wurde. Alain Royer, sein Direktor, hatte versucht, das Haus mit eher leichten Assemblagen mit eleganter Struktur und trockenem Geschmack wieder an die Spitze zu bringen. Die Br\u00e4nde von Royer sind edel, sorgf\u00e4ltig und fruchtig \u2013 die restriktive Verwendung der drei besten Cru's aus Grande und Petite Champagne sowie den Borderies, aber auch die freie Wahl bei alten oder sehr alten Cognacs aus den Reserven, haben Royer Cognacs zu wahren Klassikern gemacht.<\/em><\/p>\t\t\t\t\t\t\t\t<\/div>\n\t\t\t\t<\/div>\n\t\t\t\t<div class=\"elementor-element elementor-element-9cef7a6 elementor-widget elementor-widget-text-editor\" data-id=\"9cef7a6\" data-element_type=\"widget\" data-e-type=\"widget\" data-widget_type=\"text-editor.default\">\n\t\t\t\t<div class=\"elementor-widget-container\">\n\t\t\t\t\t\t\t\t\t<table width=\"553\"><tbody><tr><td width=\"439\">Distillerie d\u2019Aumagne Cognac Vieux Fins Bois (40%)<\/td><td width=\"114\">10 \u20ac<\/td><\/tr><tr><td>Distillerie de l\u2019\u00e9cole Cognac tr\u00e8s vieux (40%)<\/td><td>12 \u20ac<\/td><\/tr><tr><td>Cognac X.O. (40%)<\/td><td>17 \u20ac<\/td><\/tr><tr><td>Cognac 28 Jahre (Grande Champagne) Premier Cru des Cognacs (43%)<\/td><td>60 \u20ac<\/td><\/tr><tr><td>Kraft 53\u00a0(53%)<\/td><td>12 \u20ac<\/td><\/tr><\/tbody><\/table>\t\t\t\t\t\t\t\t<\/div>\n\t\t\t\t<\/div>\n\t\t\t\t\t<\/div>\n\t\t\t\t<\/div>\n\t\t<div class=\"elementor-element elementor-element-491da25b e-flex e-con-boxed e-con e-parent\" data-id=\"491da25b\" data-element_type=\"container\" data-e-type=\"container\" data-settings=\"{&quot;background_background&quot;:&quot;classic&quot;}\">\n\t\t\t\t\t<div class=\"e-con-inner\">\n\t\t\t\t<div class=\"elementor-element elementor-element-3f402941 animated-slow elementor-invisible elementor-widget elementor-widget-heading\" data-id=\"3f402941\" data-element_type=\"widget\" data-e-type=\"widget\" data-settings=\"{&quot;_animation&quot;:&quot;slideInLeft&quot;}\" data-widget_type=\"heading.default\">\n\t\t\t\t<div class=\"elementor-widget-container\">\n\t\t\t\t\t<h2 class=\"elementor-heading-title elementor-size-default\">Maison Leopold Gourmel<\/h2>\t\t\t\t<\/div>\n\t\t\t\t<\/div>\n\t\t\t\t<div class=\"elementor-element elementor-element-a846555 elementor-widget elementor-widget-text-editor\" data-id=\"a846555\" data-element_type=\"widget\" data-e-type=\"widget\" data-widget_type=\"text-editor.default\">\n\t\t\t\t<div class=\"elementor-widget-container\">\n\t\t\t\t\t\t\t\t\t<table width=\"553\"><tbody><tr><td width=\"439\">Cognac XO<\/td><td width=\"114\">10 \u20ac<\/td><\/tr><tr><td>Cognac VSOP<\/td><td>18 \u20ac<\/td><\/tr><tr><td>Cognac Premi\u00e8res Saveurs ()<\/td><td>10 \u20ac<\/td><\/tr><tr><td>Cognac Age du Fruit (41%)<\/td><td>14 \u20ac<\/td><\/tr><tr><td>Cognac Age des Fleurs (42%)<\/td><td>20 \u20ac<\/td><\/tr><tr><td>Cognac Age des Epices (43%)<\/td><td>30 \u20ac<\/td><\/tr><tr><td>Cognac Quintessence (52%)<\/td><td>60 \u20ac<\/td><\/tr><\/tbody><\/table>\t\t\t\t\t\t\t\t<\/div>\n\t\t\t\t<\/div>\n\t\t\t\t\t<\/div>\n\t\t\t\t<\/div>\n\t\t<div class=\"elementor-element elementor-element-729b6e8 e-flex e-con-boxed e-con e-parent\" data-id=\"729b6e8\" data-element_type=\"container\" data-e-type=\"container\" data-settings=\"{&quot;background_background&quot;:&quot;classic&quot;}\">\n\t\t\t\t\t<div class=\"e-con-inner\">\n\t\t\t\t<div class=\"elementor-element elementor-element-0b02204 animated-slow elementor-invisible elementor-widget elementor-widget-heading\" data-id=\"0b02204\" data-element_type=\"widget\" data-e-type=\"widget\" data-settings=\"{&quot;_animation&quot;:&quot;slideInLeft&quot;}\" data-widget_type=\"heading.default\">\n\t\t\t\t<div class=\"elementor-widget-container\">\n\t\t\t\t\t<h2 class=\"elementor-heading-title elementor-size-default\">Maison Delamain<\/h2>\t\t\t\t<\/div>\n\t\t\t\t<\/div>\n\t\t\t\t<div class=\"elementor-element elementor-element-76a2181 elementor-widget elementor-widget-text-editor\" data-id=\"76a2181\" data-element_type=\"widget\" data-e-type=\"widget\" data-widget_type=\"text-editor.default\">\n\t\t\t\t<div class=\"elementor-widget-container\">\n\t\t\t\t\t\t\t\t\t<table width=\"553\"><tbody><tr><td width=\"439\">Delamain X.O. Premier Cru du Cognac \u00ab Pale &amp; Dry \u00bb (40%)<\/td><td width=\"114\">14 \u20ac<\/td><\/tr><tr><td>Delamain X.O. Premier Cru du Cognac \u00ab Pale &amp; Dry \u00bb Centenaire (40%)<\/td><td>20 \u20ac<\/td><\/tr><tr><td>Delamain Vesper Grande Champagne (40%)<\/td><td>25 \u20ac<\/td><\/tr><tr><td>Delamain R\u00e9velation Malaville Grande Champagne (45%)<\/td><td>28 \u20ac<\/td><\/tr><tr><td>Delamain Malaville Single Cask Fut 706-1 Grande Champagne (49%)<\/td><td>30 \u20ac<\/td><\/tr><tr><td>Delamain le tres venere Grande Champagne (40%)<\/td><td>55 \u20ac<\/td><\/tr><tr><td>Delamain Plenitude 1980 Grande Champagne (42%)<\/td><td>80 \u20ac<\/td><\/tr><tr><td>Delamain Apog\u00e9e Ancestral Grande Champagne (43,5%)<\/td><td>90 \u20ac<\/td><\/tr><tr><td>Delamain Jahrgang 1989 Grande Champagne (42%)<\/td><td>85 \u20ac<\/td><\/tr><tr><td>Delamain Apog\u00e9e Verriere 1965 Grande Champagne (44%)<\/td><td>140 \u20ac<\/td><\/tr><\/tbody><\/table>\t\t\t\t\t\t\t\t<\/div>\n\t\t\t\t<\/div>\n\t\t\t\t\t<\/div>\n\t\t\t\t<\/div>\n\t\t<div class=\"elementor-element elementor-element-3f510a5 e-flex e-con-boxed e-con e-parent\" data-id=\"3f510a5\" data-element_type=\"container\" data-e-type=\"container\" data-settings=\"{&quot;background_background&quot;:&quot;classic&quot;}\">\n\t\t\t\t\t<div class=\"e-con-inner\">\n\t\t\t\t<div class=\"elementor-element elementor-element-edf485e animated-slow elementor-invisible elementor-widget elementor-widget-heading\" data-id=\"edf485e\" data-element_type=\"widget\" data-e-type=\"widget\" data-settings=\"{&quot;_animation&quot;:&quot;slideInLeft&quot;}\" data-widget_type=\"heading.default\">\n\t\t\t\t<div class=\"elementor-widget-container\">\n\t\t\t\t\t<h2 class=\"elementor-heading-title elementor-size-default\">Camus<\/h2>\t\t\t\t<\/div>\n\t\t\t\t<\/div>\n\t\t\t\t<div class=\"elementor-element elementor-element-2e0a0ff elementor-widget elementor-widget-text-editor\" data-id=\"2e0a0ff\" data-element_type=\"widget\" data-e-type=\"widget\" data-widget_type=\"text-editor.default\">\n\t\t\t\t<div class=\"elementor-widget-container\">\n\t\t\t\t\t\t\t\t\t<table width=\"553\"><tbody><tr><td width=\"439\">VS El\u00e9gance (40%)<\/td><td width=\"114\">8 \u20ac<\/td><\/tr><tr><td>VSOP El\u00e9gance (40%)<\/td><td>10 \u20ac<\/td><\/tr><tr><td>XO Intensiv aromatisch (40%)<\/td><td>35 \u20ac<\/td><\/tr><tr><td>Camus Borderies VSOP (40%)<\/td><td>10 \u20ac<\/td><\/tr><tr><td>Camus Borderies XO Family Reserve (40%)<\/td><td>35 \u20ac<\/td><\/tr><tr><td>Camus VS Port-Fassreifung (43,2%)\u00a0\u00a0\u00a0<\/td><td>12 \u20ac<\/td><\/tr><tr><td>Camus ST Aulaye Montbazillac Cask Finish (40%)\u00a0\u00a0\u00a0\u00a0<\/td><td>12 \u20ac<\/td><\/tr><tr><td>Camus R\u00fcckkehr nach Saint-Aulaye 2016 ()<\/td><td>25 \u20ac<\/td><\/tr><tr><td>Camus Karibik Expedition (45,3%)<\/td><td>25 \u20ac<\/td><\/tr><tr><td>Camus Dunkel &amp; Intensiv (40%)<\/td><td>70 \u20ac<\/td><\/tr><tr><td>\u00a0<\/td><td>\u00a0<\/td><\/tr><tr><td>Camus Ile de R\u00e9 Fine Island Cognac (40%)\u00a0\u00a0\u00a0\u00a0<\/td><td>12 \u20ac<\/td><\/tr><tr><td>Camus Ile de R\u00e9 Double Reifung ( )<\/td><td>14 \u20ac<\/td><\/tr><tr><td>Camus Keller an der Steilk\u00fcste von \u00cele de R\u00e9 (%)<\/td><td>16 \u20ac<\/td><\/tr><\/tbody><\/table>\t\t\t\t\t\t\t\t<\/div>\n\t\t\t\t<\/div>\n\t\t\t\t\t<\/div>\n\t\t\t\t<\/div>\n\t\t<div class=\"elementor-element elementor-element-4073f74 e-flex e-con-boxed e-con e-parent\" data-id=\"4073f74\" data-element_type=\"container\" data-e-type=\"container\" data-settings=\"{&quot;background_background&quot;:&quot;classic&quot;}\">\n\t\t\t\t\t<div class=\"e-con-inner\">\n\t\t\t\t<div class=\"elementor-element elementor-element-4b46a9a animated-slow elementor-invisible elementor-widget elementor-widget-heading\" data-id=\"4b46a9a\" data-element_type=\"widget\" data-e-type=\"widget\" data-settings=\"{&quot;_animation&quot;:&quot;slideInLeft&quot;}\" data-widget_type=\"heading.default\">\n\t\t\t\t<div class=\"elementor-widget-container\">\n\t\t\t\t\t<h2 class=\"elementor-heading-title elementor-size-default\">Haus A.E.DOR<\/h2>\t\t\t\t<\/div>\n\t\t\t\t<\/div>\n\t\t\t\t<div class=\"elementor-element elementor-element-e9abd7c elementor-widget elementor-widget-text-editor\" data-id=\"e9abd7c\" data-element_type=\"widget\" data-e-type=\"widget\" data-widget_type=\"text-editor.default\">\n\t\t\t\t<div class=\"elementor-widget-container\">\n\t\t\t\t\t\t\t\t\t<table width=\"553\"><tbody><tr><td width=\"439\">Cognac V.S. S\u00e9lection (40%)<\/td><td width=\"114\">8 \u20ac<\/td><\/tr><tr><td>Cognac V.S.O .P. Fine Champagne Rare (40%)<\/td><td>12 \u20ac<\/td><\/tr><\/tbody><\/table>\t\t\t\t\t\t\t\t<\/div>\n\t\t\t\t<\/div>\n\t\t\t\t\t<\/div>\n\t\t\t\t<\/div>\n\t\t<div class=\"elementor-element elementor-element-b09b7e4 e-flex e-con-boxed e-con e-parent\" data-id=\"b09b7e4\" data-element_type=\"container\" data-e-type=\"container\" data-settings=\"{&quot;background_background&quot;:&quot;classic&quot;}\">\n\t\t\t\t\t<div class=\"e-con-inner\">\n\t\t\t\t<div class=\"elementor-element elementor-element-144370d animated-slow elementor-invisible elementor-widget elementor-widget-heading\" data-id=\"144370d\" data-element_type=\"widget\" data-e-type=\"widget\" data-settings=\"{&quot;_animation&quot;:&quot;slideInLeft&quot;}\" data-widget_type=\"heading.default\">\n\t\t\t\t<div class=\"elementor-widget-container\">\n\t\t\t\t\t<h2 class=\"elementor-heading-title elementor-size-default\">Maison Chabasse<\/h2>\t\t\t\t<\/div>\n\t\t\t\t<\/div>\n\t\t\t\t<div class=\"elementor-element elementor-element-fc223eb elementor-widget elementor-widget-text-editor\" data-id=\"fc223eb\" data-element_type=\"widget\" data-e-type=\"widget\" data-widget_type=\"text-editor.default\">\n\t\t\t\t<div class=\"elementor-widget-container\">\n\t\t\t\t\t\t\t\t\t<table width=\"553\"><tbody><tr><td width=\"439\">Cognac V.S. (40%)<\/td><td width=\"114\">9 \u20ac<\/td><\/tr><tr><td>Cognac Napoleon (40%9<\/td><td>12 \u20ac<\/td><\/tr><\/tbody><\/table>\t\t\t\t\t\t\t\t<\/div>\n\t\t\t\t<\/div>\n\t\t\t\t\t<\/div>\n\t\t\t\t<\/div>\n\t\t<div class=\"elementor-element elementor-element-7f6174b e-flex e-con-boxed e-con e-parent\" data-id=\"7f6174b\" data-element_type=\"container\" data-e-type=\"container\" data-settings=\"{&quot;background_background&quot;:&quot;classic&quot;}\">\n\t\t\t\t\t<div class=\"e-con-inner\">\n\t\t\t\t<div class=\"elementor-element elementor-element-92bbe9f animated-slow elementor-invisible elementor-widget elementor-widget-heading\" data-id=\"92bbe9f\" data-element_type=\"widget\" data-e-type=\"widget\" data-settings=\"{&quot;_animation&quot;:&quot;slideInLeft&quot;}\" data-widget_type=\"heading.default\">\n\t\t\t\t<div class=\"elementor-widget-container\">\n\t\t\t\t\t<h2 class=\"elementor-heading-title elementor-size-default\">Die anderen<\/h2>\t\t\t\t<\/div>\n\t\t\t\t<\/div>\n\t\t\t\t<div class=\"elementor-element elementor-element-7d2dff2 elementor-widget elementor-widget-text-editor\" data-id=\"7d2dff2\" data-element_type=\"widget\" data-e-type=\"widget\" data-widget_type=\"text-editor.default\">\n\t\t\t\t<div class=\"elementor-widget-container\">\n\t\t\t\t\t\t\t\t\t<table width=\"553\"><tbody><tr><td width=\"439\">R\u00e9my Martin Grand Cru V.S. Petite Champagne (40%)<\/td><td width=\"114\">10 \u20ac<\/td><\/tr><tr><td>R\u00e9my Martin C\u0153ur de Cognac (40%)<\/td><td>10 \u20ac<\/td><\/tr><tr><td>Frapin VS (40%)<\/td><td>10 \u20ac<\/td><\/tr><tr><td>Davidoff V.S.O.P. de luxe Grande et Petite Champagne (40%)<\/td><td>13 \u20ac<\/td><\/tr><tr><td>Davidoff Extra Coupe von bemerkenswerter Feinheit (43%)<\/td><td>16 \u20ac<\/td><\/tr><tr><td>Hennessy Fine de Cognac (40%)<\/td><td>12 \u20ac<\/td><\/tr><tr><td>Hennessy Paradis (40%)<\/td><td>165 \u20ac<\/td><\/tr><tr><td>Abk6, VSOP Premium (40%)\u00a0<\/td><td>12 \u20ac<\/td><\/tr><\/tbody><\/table>\t\t\t\t\t\t\t\t<\/div>\n\t\t\t\t<\/div>\n\t\t\t\t\t<\/div>\n\t\t\t\t<\/div>\n\t\t\t\t<\/div>","protected":false},"excerpt":{"rendered":"<p>Les Cognacs La cave d&rsquo;Olivier Les Cognacs Peut-\u00eatre la plus pure des eaux-de-vie par une myst\u00e9rieuse alchimie, le temps, la tradition et l\u2019\u00e9levage m\u00e9tamorphosent ce qui \u00e9tait au d\u00e9part imbuvable, en un m\u00e9lange superbe \u00e9voquant de fa\u00e7on tr\u00e8s complexe les fleurs, les \u00e9pices et le bois, en affichant parfois un l\u00e9ger moelleux Maison Jean Fillioux [&hellip;]<\/p>\n","protected":false},"author":1,"featured_media":0,"parent":0,"menu_order":0,"comment_status":"closed","ping_status":"closed","template":"elementor_header_footer","meta":{"footnotes":""},"class_list":["post-2040","page","type-page","status-publish","hentry"],"_links":{"self":[{"href":"https:\/\/www.demauriceaolivier.be\/de\/wp-json\/wp\/v2\/pages\/2040","targetHints":{"allow":["GET"]}}],"collection":[{"href":"https:\/\/www.demauriceaolivier.be\/de\/wp-json\/wp\/v2\/pages"}],"about":[{"href":"https:\/\/www.demauriceaolivier.be\/de\/wp-json\/wp\/v2\/types\/page"}],"author":[{"embeddable":true,"href":"https:\/\/www.demauriceaolivier.be\/de\/wp-json\/wp\/v2\/users\/1"}],"replies":[{"embeddable":true,"href":"https:\/\/www.demauriceaolivier.be\/de\/wp-json\/wp\/v2\/comments?post=2040"}],"version-history":[{"count":20,"href":"https:\/\/www.demauriceaolivier.be\/de\/wp-json\/wp\/v2\/pages\/2040\/revisions"}],"predecessor-version":[{"id":2228,"href":"https:\/\/www.demauriceaolivier.be\/de\/wp-json\/wp\/v2\/pages\/2040\/revisions\/2228"}],"wp:attachment":[{"href":"https:\/\/www.demauriceaolivier.be\/de\/wp-json\/wp\/v2\/media?parent=2040"}],"curies":[{"name":"wp","href":"https:\/\/api.w.org\/{rel}","templated":true}]}}