{"id":2055,"date":"2024-01-05T16:43:55","date_gmt":"2024-01-05T15:43:55","guid":{"rendered":"https:\/\/www.demauriceaolivier.marketing-virtual-tools.com\/?page_id=2055"},"modified":"2024-08-10T19:30:51","modified_gmt":"2024-08-10T17:30:51","slug":"armagnac","status":"publish","type":"page","link":"https:\/\/www.demauriceaolivier.be\/de\/armagnac\/","title":{"rendered":"Armagnac"},"content":{"rendered":"<div data-elementor-type=\"wp-page\" data-elementor-id=\"2055\" class=\"elementor elementor-2055\" data-elementor-post-type=\"page\">\n\t\t\t\t<div class=\"elementor-element elementor-element-5825e390 e-flex e-con-boxed e-con e-parent\" data-id=\"5825e390\" data-element_type=\"container\" data-e-type=\"container\" data-settings=\"{&quot;background_background&quot;:&quot;classic&quot;}\">\n\t\t\t\t\t<div class=\"e-con-inner\">\n\t\t<div class=\"elementor-element elementor-element-7722a290 e-flex e-con-boxed e-con e-child\" data-id=\"7722a290\" data-element_type=\"container\" data-e-type=\"container\">\n\t\t\t\t\t<div class=\"e-con-inner\">\n\t\t\t\t<div class=\"elementor-element elementor-element-2bf0c928 elementor-widget elementor-widget-heading\" data-id=\"2bf0c928\" data-element_type=\"widget\" data-e-type=\"widget\" data-widget_type=\"heading.default\">\n\t\t\t\t<div class=\"elementor-widget-container\">\n\t\t\t\t\t<h1 class=\"elementor-heading-title elementor-size-default\">Armagnac &amp; Bas Armagnac<\/h1>\t\t\t\t<\/div>\n\t\t\t\t<\/div>\n\t\t\t\t<div class=\"elementor-element elementor-element-35aa3dd5 elementor-widget elementor-widget-heading\" data-id=\"35aa3dd5\" data-element_type=\"widget\" data-e-type=\"widget\" data-widget_type=\"heading.default\">\n\t\t\t\t<div class=\"elementor-widget-container\">\n\t\t\t\t\t<h1 class=\"elementor-heading-title elementor-size-default\">Oliviers Keller<\/h1>\t\t\t\t<\/div>\n\t\t\t\t<\/div>\n\t\t\t\t\t<\/div>\n\t\t\t\t<\/div>\n\t\t\t\t\t<\/div>\n\t\t\t\t<\/div>\n\t\t<div class=\"elementor-element elementor-element-21153617 animated-slow e-flex e-con-boxed elementor-invisible e-con e-parent\" data-id=\"21153617\" data-element_type=\"container\" data-e-type=\"container\" data-settings=\"{&quot;background_background&quot;:&quot;classic&quot;,&quot;animation&quot;:&quot;fadeIn&quot;}\">\n\t\t\t\t\t<div class=\"e-con-inner\">\n\t\t<div class=\"elementor-element elementor-element-489ade82 e-con-full e-flex e-con e-child\" data-id=\"489ade82\" data-element_type=\"container\" data-e-type=\"container\">\n\t\t\t\t<div class=\"elementor-element elementor-element-4f915422 elementor-widget elementor-widget-image\" data-id=\"4f915422\" data-element_type=\"widget\" data-e-type=\"widget\" data-widget_type=\"image.default\">\n\t\t\t\t<div class=\"elementor-widget-container\">\n\t\t\t\t\t\t\t\t\t\t\t\t\t\t\t<img fetchpriority=\"high\" decoding=\"async\" width=\"799\" height=\"533\" src=\"https:\/\/www.demauriceaolivier.be\/wp-content\/uploads\/2024\/01\/de-maurica-a-olivier-cave-a-vin-low-52.jpg\" class=\"attachment-large size-large wp-image-1804\" alt=\"Armagnac &amp; Bas Armagnac\" srcset=\"https:\/\/www.demauriceaolivier.be\/wp-content\/uploads\/2024\/01\/de-maurica-a-olivier-cave-a-vin-low-52.jpg 799w, https:\/\/www.demauriceaolivier.be\/wp-content\/uploads\/2024\/01\/de-maurica-a-olivier-cave-a-vin-low-52-300x200.jpg 300w, https:\/\/www.demauriceaolivier.be\/wp-content\/uploads\/2024\/01\/de-maurica-a-olivier-cave-a-vin-low-52-768x512.jpg 768w\" sizes=\"(max-width: 799px) 100vw, 799px\" \/>\t\t\t\t\t\t\t\t\t\t\t\t\t\t\t<\/div>\n\t\t\t\t<\/div>\n\t\t\t\t<\/div>\n\t\t<div class=\"elementor-element elementor-element-136db74e e-con-full e-flex e-con e-child\" data-id=\"136db74e\" data-element_type=\"container\" data-e-type=\"container\">\n\t\t\t\t<div class=\"elementor-element elementor-element-7e6bcdcd elementor-widget elementor-widget-heading\" data-id=\"7e6bcdcd\" data-element_type=\"widget\" data-e-type=\"widget\" data-widget_type=\"heading.default\">\n\t\t\t\t<div class=\"elementor-widget-container\">\n\t\t\t\t\t<h2 class=\"elementor-heading-title elementor-size-default\">Armagnac &amp; Bas Armagnac<\/h2>\t\t\t\t<\/div>\n\t\t\t\t<\/div>\n\t\t\t\t<div class=\"elementor-element elementor-element-40ba5294 elementor-widget elementor-widget-text-editor\" data-id=\"40ba5294\" data-element_type=\"widget\" data-e-type=\"widget\" data-widget_type=\"text-editor.default\">\n\t\t\t\t<div class=\"elementor-widget-container\">\n\t\t\t\t\t\t\t\t\t<p>Armagnac ist ein Brandy, der im S\u00fcdwesten Frankreichs mit traditionellen Kupferbrennblasen hergestellt und mindestens zwei Jahre in Eichenf\u00e4ssern gereift wird. Er ist bekannt f\u00fcr seine komplexen Aromen von Fr\u00fcchten, Vanille und Gew\u00fcrzen. Bas Armagnac ist ein Brandy, der in der Region Bas-Armagnac hergestellt wird und einen leichteren, fruchtigeren Geschmack als die anderen Regionen aufweist. Er gilt als von h\u00f6chster Qualit\u00e4t und reift zehn Jahre, bevor er abgef\u00fcllt wird.<\/p>\t\t\t\t\t\t\t\t<\/div>\n\t\t\t\t<\/div>\n\t\t\t\t<\/div>\n\t\t\t\t\t<\/div>\n\t\t\t\t<\/div>\n\t\t<div class=\"elementor-element elementor-element-6589b68e e-flex e-con-boxed e-con e-parent\" data-id=\"6589b68e\" data-element_type=\"container\" data-e-type=\"container\" data-settings=\"{&quot;background_background&quot;:&quot;classic&quot;}\">\n\t\t\t\t\t<div class=\"e-con-inner\">\n\t\t\t\t<div class=\"elementor-element elementor-element-5f5806cc animated-slow elementor-invisible elementor-widget elementor-widget-heading\" data-id=\"5f5806cc\" data-element_type=\"widget\" data-e-type=\"widget\" data-settings=\"{&quot;_animation&quot;:&quot;slideInLeft&quot;}\" data-widget_type=\"heading.default\">\n\t\t\t\t<div class=\"elementor-widget-container\">\n\t\t\t\t\t<h2 class=\"elementor-heading-title elementor-size-default\">Marc et Francis Darroze<\/h2>\t\t\t\t<\/div>\n\t\t\t\t<\/div>\n\t\t\t\t<div class=\"elementor-element elementor-element-21caa783 elementor-widget elementor-widget-text-editor\" data-id=\"21caa783\" data-element_type=\"widget\" data-e-type=\"widget\" data-widget_type=\"text-editor.default\">\n\t\t\t\t<div class=\"elementor-widget-container\">\n\t\t\t\t\t\t\t\t\t<table width=\"553\"><tbody><tr><td width=\"439\">Bas Armagnac Les grands assemblages 8 Jahre (43\u00b0)<\/td><td width=\"114\">12 \u20ac<\/td><\/tr><tr><td>Bas Armagnac Les grands assemblages 12 Jahre (43\u00b0)<\/td><td>14 \u20ac<\/td><\/tr><tr><td>Bas Armagnac Les grandes assemblages 20 Ans (43\u00b0)<\/td><td>17 \u20ac<\/td><\/tr><tr><td>Bas Armagnac Les grandes assemblages 30 Jahre (43\u00b0)<\/td><td>23 \u20ac<\/td><\/tr><tr><td>Bas Armagnac Les grandes assemblages 40 Jahre (43\u00b0)<\/td><td>35 \u20ac<\/td><\/tr><tr><td>Bas Armagnac Les grands assemblages 50 Jahre (43\u00b0)<\/td><td>55 \u20ac<\/td><\/tr><tr><td>Bas Armagnac Les Pi\u00e8ces oubli\u00e9es 36 Jahre (38\u00b0) N\u00b0 58<\/td><td>35 \u20ac<\/td><\/tr><tr><td>Bas Armagnac Darroze 1962 Domaine de Gaube (46,5\u00b0)<\/td><td>75 \u20ac<\/td><\/tr><tr><td>Bas Armagnac Darroze 1970 Domaine de Gaube (46,5\u00b0)<\/td><td>45 \u20ac<\/td><\/tr><tr><td>Bas Armagnac Darroze 1972 Domaine de Gaube (46,5\u00b0)<\/td><td>35 \u20ac<\/td><\/tr><tr><td>Bas Armagnac Darroze 1976 Domaine de la poste (46,5\u00b0)<\/td><td>32 \u20ac<\/td><\/tr><tr><td>Bas Armagnac Darroze 1977 Domaine de Peyrot (46,5\u00b0)<\/td><td>29 \u20ac<\/td><\/tr><tr><td>Bas Armagnac Darroze 1981 Domaine de Jaanchicot (43,3\u00b0)<\/td><td>25 \u20ac<\/td><\/tr><tr><td>Bas Armagnac Darroze 1981 Ch\u00e2teau Lahitte (43,3\u00b0)<\/td><td>25 \u20ac<\/td><\/tr><tr><td>Bas Armagnac Darroze 1984 Domaine de Jaanchicot (43,3\u00b0)<\/td><td>25 \u20ac<\/td><\/tr><tr><td>Bas Armagnac Darroze 1987 Domaine de Jaanchicot (40,5\u00b0)<\/td><td>22 \u20ac<\/td><\/tr><tr><td>Bas Armagnac Darroze 1988 Domaine de Jaanchicot (47\u00b0)<\/td><td>20 \u20ac<\/td><\/tr><tr><td>Bas Armagnac Darroze 1990 Domaine Au Martin Colombard Folle Blanche (50\u00b0)<\/td><td>22 \u20ac<\/td><\/tr><tr><td>Bas Armagnac Darroze 1991 Domaine de Lamarquette (50\u00b0)<\/td><td>22 \u20ac<\/td><\/tr><tr><td>Bas Armagnac Darroze 1996 Domaine de Sall\u00e9 (50\u00b0)<\/td><td>20 \u20ac<\/td><\/tr><tr><td>Bas Armagnac Darroze 2000 Domaine Petit Lassis (53\u00b0)<\/td><td>18 \u20ac<\/td><\/tr><tr><td>Bas Armagnac Darroze 2001 Domaine de Martin (53\u00b0)<\/td><td>17 \u20ac<\/td><\/tr><tr><td>Bas Armagnac Darroze 2003 Domaine de Monturon (53\u00b0)<\/td><td>16 \u20ac<\/td><\/tr><tr><td>Bas Armagnac Darroze 2005 Domaine de Paguy (53\u00b0)<\/td><td>15 \u20ac<\/td><\/tr><tr><td>\u00a0<\/td><td>\u00a0<\/td><\/tr><tr><td><strong>Die biologische Palette<\/strong><\/td><td>\u00a0<\/td><\/tr><tr><td>Darroze biologic 7 Jahre Folle Blanche 100%<\/td><td>12 \u20ac<\/td><\/tr><tr><td>Darroze biologic 2000 Folle blanche 100%<\/td><td>14 \u20ac<\/td><\/tr><\/tbody><\/table>\t\t\t\t\t\t\t\t<\/div>\n\t\t\t\t<\/div>\n\t\t\t\t\t<\/div>\n\t\t\t\t<\/div>\n\t\t<div class=\"elementor-element elementor-element-4e3c9fed e-flex e-con-boxed e-con e-parent\" data-id=\"4e3c9fed\" data-element_type=\"container\" data-e-type=\"container\" data-settings=\"{&quot;background_background&quot;:&quot;classic&quot;}\">\n\t\t\t\t\t<div class=\"e-con-inner\">\n\t\t\t\t<div class=\"elementor-element elementor-element-6bd08521 animated-slow elementor-invisible elementor-widget elementor-widget-heading\" data-id=\"6bd08521\" data-element_type=\"widget\" data-e-type=\"widget\" data-settings=\"{&quot;_animation&quot;:&quot;slideInLeft&quot;}\" data-widget_type=\"heading.default\">\n\t\t\t\t<div class=\"elementor-widget-container\">\n\t\t\t\t\t<h2 class=\"elementor-heading-title elementor-size-default\">Dartigalongue<\/h2>\t\t\t\t<\/div>\n\t\t\t\t<\/div>\n\t\t\t\t<div class=\"elementor-element elementor-element-4932dac elementor-widget elementor-widget-text-editor\" data-id=\"4932dac\" data-element_type=\"widget\" data-e-type=\"widget\" data-widget_type=\"text-editor.default\">\n\t\t\t\t<div class=\"elementor-widget-container\">\n\t\t\t\t\t\t\t\t\t<table width=\"553\"><tbody><tr><td width=\"439\">Dartigalongue Hors d\u2019\u00e2ge (40%)<\/td><td width=\"114\">10 \u20ac<\/td><\/tr><tr><td>Dartigalongue VSOP (40%)<\/td><td>12 \u20ac<\/td><\/tr><tr><td>Dartigalongue 15 Jahre (40%)<\/td><td>12 \u20ac<\/td><\/tr><tr><td>Dartigalongue 20 Jahre (40%)<\/td><td>14 \u20ac<\/td><\/tr><tr><td>Dartigalongue 25 Jahre (40%)<\/td><td>16 \u20ac<\/td><\/tr><tr><td>Dartigalongue 30 Jahre (%)<\/td><td>18 \u20ac<\/td><\/tr><\/tbody><\/table>\t\t\t\t\t\t\t\t<\/div>\n\t\t\t\t<\/div>\n\t\t\t\t\t<\/div>\n\t\t\t\t<\/div>\n\t\t<div class=\"elementor-element elementor-element-bb49740 e-flex e-con-boxed e-con e-parent\" data-id=\"bb49740\" data-element_type=\"container\" data-e-type=\"container\" data-settings=\"{&quot;background_background&quot;:&quot;classic&quot;}\">\n\t\t\t\t\t<div class=\"e-con-inner\">\n\t\t\t\t<div class=\"elementor-element elementor-element-19df4e2 animated-slow elementor-invisible elementor-widget elementor-widget-heading\" data-id=\"19df4e2\" data-element_type=\"widget\" data-e-type=\"widget\" data-settings=\"{&quot;_animation&quot;:&quot;slideInLeft&quot;}\" data-widget_type=\"heading.default\">\n\t\t\t\t<div class=\"elementor-widget-container\">\n\t\t\t\t\t<h2 class=\"elementor-heading-title elementor-size-default\">Ch\u00e2teau de Maniban Famille Castarede<\/h2>\t\t\t\t<\/div>\n\t\t\t\t<\/div>\n\t\t\t\t<div class=\"elementor-element elementor-element-9de94e7 elementor-widget elementor-widget-text-editor\" data-id=\"9de94e7\" data-element_type=\"widget\" data-e-type=\"widget\" data-widget_type=\"text-editor.default\">\n\t\t\t\t<div class=\"elementor-widget-container\">\n\t\t\t\t\t\t\t\t\t<table width=\"553\"><tbody><tr><td width=\"439\">Bas Armagnac V.S. (40%)<\/td><td width=\"114\">7 \u20ac<\/td><\/tr><tr><td>Bas Armagnac V.S.O.P. (40%)<\/td><td>10 \u20ac<\/td><\/tr><tr><td>Bas Armagnac 1995 (40%)<\/td><td>16 \u20ac<\/td><\/tr><tr><td>Bas Armagnac Intemporel Hors d\u2019age (40%)<\/td><td>10 \u20ac<\/td><\/tr><tr><td>Bas Armagnac Jahrgang 1979 (40%)<\/td><td>22 \u20ac<\/td><\/tr><\/tbody><\/table>\t\t\t\t\t\t\t\t<\/div>\n\t\t\t\t<\/div>\n\t\t\t\t\t<\/div>\n\t\t\t\t<\/div>\n\t\t\t\t<\/div>","protected":false},"excerpt":{"rendered":"<p>Armagnac &#038; Bas Armagnac La cave d&rsquo;Olivier Armagnac &#038; Bas Armagnac L&rsquo;Armagnac est du brandy produit dans le sud-ouest de la France en utilisant des alambics en cuivre traditionnels et vieilli en f\u00fbts de ch\u00eane pendant deux ans ou plus. Il est connu pour ses ar\u00f4mes complexes de fruits, de vanille et d&rsquo;\u00e9pices. Le Bas [&hellip;]<\/p>\n","protected":false},"author":1,"featured_media":0,"parent":0,"menu_order":0,"comment_status":"closed","ping_status":"closed","template":"elementor_header_footer","meta":{"footnotes":""},"class_list":["post-2055","page","type-page","status-publish","hentry"],"_links":{"self":[{"href":"https:\/\/www.demauriceaolivier.be\/de\/wp-json\/wp\/v2\/pages\/2055","targetHints":{"allow":["GET"]}}],"collection":[{"href":"https:\/\/www.demauriceaolivier.be\/de\/wp-json\/wp\/v2\/pages"}],"about":[{"href":"https:\/\/www.demauriceaolivier.be\/de\/wp-json\/wp\/v2\/types\/page"}],"author":[{"embeddable":true,"href":"https:\/\/www.demauriceaolivier.be\/de\/wp-json\/wp\/v2\/users\/1"}],"replies":[{"embeddable":true,"href":"https:\/\/www.demauriceaolivier.be\/de\/wp-json\/wp\/v2\/comments?post=2055"}],"version-history":[{"count":16,"href":"https:\/\/www.demauriceaolivier.be\/de\/wp-json\/wp\/v2\/pages\/2055\/revisions"}],"predecessor-version":[{"id":2494,"href":"https:\/\/www.demauriceaolivier.be\/de\/wp-json\/wp\/v2\/pages\/2055\/revisions\/2494"}],"wp:attachment":[{"href":"https:\/\/www.demauriceaolivier.be\/de\/wp-json\/wp\/v2\/media?parent=2055"}],"curies":[{"name":"wp","href":"https:\/\/api.w.org\/{rel}","templated":true}]}}