{"id":2066,"date":"2024-01-05T17:07:39","date_gmt":"2024-01-05T16:07:39","guid":{"rendered":"https:\/\/www.demauriceaolivier.marketing-virtual-tools.com\/?page_id=2066"},"modified":"2024-01-05T17:21:59","modified_gmt":"2024-01-05T16:21:59","slug":"calvados","status":"publish","type":"page","link":"https:\/\/www.demauriceaolivier.be\/de\/calvados\/","title":{"rendered":"Calvados"},"content":{"rendered":"<div data-elementor-type=\"wp-page\" data-elementor-id=\"2066\" class=\"elementor elementor-2066\" data-elementor-post-type=\"page\">\n\t\t\t\t<div class=\"elementor-element elementor-element-174f4146 e-flex e-con-boxed e-con e-parent\" data-id=\"174f4146\" data-element_type=\"container\" data-e-type=\"container\" data-settings=\"{&quot;background_background&quot;:&quot;classic&quot;}\">\n\t\t\t\t\t<div class=\"e-con-inner\">\n\t\t<div class=\"elementor-element elementor-element-18b0f39e e-flex e-con-boxed e-con e-child\" data-id=\"18b0f39e\" data-element_type=\"container\" data-e-type=\"container\">\n\t\t\t\t\t<div class=\"e-con-inner\">\n\t\t\t\t<div class=\"elementor-element elementor-element-49c1bfe6 elementor-widget elementor-widget-heading\" data-id=\"49c1bfe6\" data-element_type=\"widget\" data-e-type=\"widget\" data-widget_type=\"heading.default\">\n\t\t\t\t<div class=\"elementor-widget-container\">\n\t\t\t\t\t<h1 class=\"elementor-heading-title elementor-size-default\">Calvados<\/h1>\t\t\t\t<\/div>\n\t\t\t\t<\/div>\n\t\t\t\t<div class=\"elementor-element elementor-element-1538e452 elementor-widget elementor-widget-heading\" data-id=\"1538e452\" data-element_type=\"widget\" data-e-type=\"widget\" data-widget_type=\"heading.default\">\n\t\t\t\t<div class=\"elementor-widget-container\">\n\t\t\t\t\t<h1 class=\"elementor-heading-title elementor-size-default\">Oliviers Keller<\/h1>\t\t\t\t<\/div>\n\t\t\t\t<\/div>\n\t\t\t\t\t<\/div>\n\t\t\t\t<\/div>\n\t\t\t\t\t<\/div>\n\t\t\t\t<\/div>\n\t\t<div class=\"elementor-element elementor-element-55a0da6a animated-slow e-flex e-con-boxed elementor-invisible e-con e-parent\" data-id=\"55a0da6a\" data-element_type=\"container\" data-e-type=\"container\" data-settings=\"{&quot;background_background&quot;:&quot;classic&quot;,&quot;animation&quot;:&quot;fadeIn&quot;}\">\n\t\t\t\t\t<div class=\"e-con-inner\">\n\t\t<div class=\"elementor-element elementor-element-191baa18 e-con-full e-flex e-con e-child\" data-id=\"191baa18\" data-element_type=\"container\" data-e-type=\"container\">\n\t\t\t\t<div class=\"elementor-element elementor-element-3ceac2fe elementor-widget elementor-widget-image\" data-id=\"3ceac2fe\" data-element_type=\"widget\" data-e-type=\"widget\" data-widget_type=\"image.default\">\n\t\t\t\t<div class=\"elementor-widget-container\">\n\t\t\t\t\t\t\t\t\t\t\t\t\t\t\t<img fetchpriority=\"high\" decoding=\"async\" width=\"800\" height=\"533\" src=\"https:\/\/www.demauriceaolivier.be\/wp-content\/uploads\/2023\/11\/de-maurice-a-olivier-low-01-140.jpg\" class=\"attachment-large size-large wp-image-211\" alt=\"Ausnahmen-Alkohol\" srcset=\"https:\/\/www.demauriceaolivier.be\/wp-content\/uploads\/2023\/11\/de-maurice-a-olivier-low-01-140.jpg 800w, https:\/\/www.demauriceaolivier.be\/wp-content\/uploads\/2023\/11\/de-maurice-a-olivier-low-01-140-300x200.jpg 300w, https:\/\/www.demauriceaolivier.be\/wp-content\/uploads\/2023\/11\/de-maurice-a-olivier-low-01-140-768x512.jpg 768w\" sizes=\"(max-width: 800px) 100vw, 800px\" \/>\t\t\t\t\t\t\t\t\t\t\t\t\t\t\t<\/div>\n\t\t\t\t<\/div>\n\t\t\t\t<\/div>\n\t\t<div class=\"elementor-element elementor-element-7159f381 e-con-full e-flex e-con e-child\" data-id=\"7159f381\" data-element_type=\"container\" data-e-type=\"container\">\n\t\t\t\t<div class=\"elementor-element elementor-element-1488e836 elementor-widget elementor-widget-heading\" data-id=\"1488e836\" data-element_type=\"widget\" data-e-type=\"widget\" data-widget_type=\"heading.default\">\n\t\t\t\t<div class=\"elementor-widget-container\">\n\t\t\t\t\t<h2 class=\"elementor-heading-title elementor-size-default\">Calvados<\/h2>\t\t\t\t<\/div>\n\t\t\t\t<\/div>\n\t\t\t\t<div class=\"elementor-element elementor-element-3fff12e9 elementor-widget elementor-widget-text-editor\" data-id=\"3fff12e9\" data-element_type=\"widget\" data-e-type=\"widget\" data-widget_type=\"text-editor.default\">\n\t\t\t\t<div class=\"elementor-widget-container\">\n\t\t\t\t\t\t\t\t\t<p>Calvados wird durch die Destillation von normannischem Cidre gewonnen. Er wird traditionell im D\u00e9partement Calvados in der Normandie hergestellt, woher er auch seinen Namen hat. Der Herstellungsprozess von Calvados beginnt mit der Ernte der \u00c4pfel, die dann gepresst werden, um den Saft zu gewinnen, der anschlie\u00dfend zu Cidre vergoren wird. Der Cidre wird dann destilliert, um einen Alkohol mit einem Gehalt von etwa 70 Grad zu erhalten. Der Alkohol wird dann mindestens zwei Jahre, oft auch l\u00e4nger, in Eichenf\u00e4ssern gelagert, um ihm seinen charakteristischen Geschmack zu verleihen.<br \/><br \/><\/p>\t\t\t\t\t\t\t\t<\/div>\n\t\t\t\t<\/div>\n\t\t\t\t<\/div>\n\t\t\t\t\t<\/div>\n\t\t\t\t<\/div>\n\t\t<div class=\"elementor-element elementor-element-3e0a492a e-flex e-con-boxed e-con e-parent\" data-id=\"3e0a492a\" data-element_type=\"container\" data-e-type=\"container\" data-settings=\"{&quot;background_background&quot;:&quot;classic&quot;}\">\n\t\t\t\t\t<div class=\"e-con-inner\">\n\t\t\t\t<div class=\"elementor-element elementor-element-30af4d63 animated-slow elementor-invisible elementor-widget elementor-widget-heading\" data-id=\"30af4d63\" data-element_type=\"widget\" data-e-type=\"widget\" data-settings=\"{&quot;_animation&quot;:&quot;slideInLeft&quot;}\" data-widget_type=\"heading.default\">\n\t\t\t\t<div class=\"elementor-widget-container\">\n\t\t\t\t\t<h2 class=\"elementor-heading-title elementor-size-default\">Maison Adrien Camut in La Lande Saint L\u00e9ger<\/h2>\t\t\t\t<\/div>\n\t\t\t\t<\/div>\n\t\t\t\t<div class=\"elementor-element elementor-element-4203c716 elementor-widget elementor-widget-text-editor\" data-id=\"4203c716\" data-element_type=\"widget\" data-e-type=\"widget\" data-widget_type=\"text-editor.default\">\n\t\t\t\t<div class=\"elementor-widget-container\">\n\t\t\t\t\t\t\t\t\t<table width=\"553\"><tbody><tr><td width=\"439\">Calvados 6 Jahre%(40 %)<\/td><td width=\"114\">12 \u20ac<\/td><\/tr><tr><td>Calvados 12 Jahre alt (%)<\/td><td>15 \u20ac<\/td><\/tr><tr><td>Calvados 18 Jahre alt (40%)<\/td><td>22 \u20ac<\/td><\/tr><tr><td>Calvados R\u00e9serve de Semainville 25 Jahre alt (40%)<\/td><td>35 \u20ac<\/td><\/tr><tr><td>Calvados d\u2019Adrien 25\/40 Jahre alt (40%)\u00a0\u00a0\u00a0<\/td><td>45 \u20ac<\/td><\/tr><\/tbody><\/table>\t\t\t\t\t\t\t\t<\/div>\n\t\t\t\t<\/div>\n\t\t\t\t\t<\/div>\n\t\t\t\t<\/div>\n\t\t<div class=\"elementor-element elementor-element-2d29e288 e-flex e-con-boxed e-con e-parent\" data-id=\"2d29e288\" data-element_type=\"container\" data-e-type=\"container\" data-settings=\"{&quot;background_background&quot;:&quot;classic&quot;}\">\n\t\t\t\t\t<div class=\"e-con-inner\">\n\t\t\t\t<div class=\"elementor-element elementor-element-710e6371 animated-slow elementor-invisible elementor-widget elementor-widget-heading\" data-id=\"710e6371\" data-element_type=\"widget\" data-e-type=\"widget\" data-settings=\"{&quot;_animation&quot;:&quot;slideInLeft&quot;}\" data-widget_type=\"heading.default\">\n\t\t\t\t<div class=\"elementor-widget-container\">\n\t\t\t\t\t<h2 class=\"elementor-heading-title elementor-size-default\">Haus Dupont<\/h2>\t\t\t\t<\/div>\n\t\t\t\t<\/div>\n\t\t\t\t<div class=\"elementor-element elementor-element-112265f2 elementor-widget elementor-widget-text-editor\" data-id=\"112265f2\" data-element_type=\"widget\" data-e-type=\"widget\" data-widget_type=\"text-editor.default\">\n\t\t\t\t<div class=\"elementor-widget-container\">\n\t\t\t\t\t\t\t\t\t<table width=\"553\"><tbody><tr><td width=\"439\">Calvados Original (42%)<\/td><td width=\"114\">8 \u20ac<\/td><\/tr><tr><td>Calvados Vieille R\u00e9serve (42%)<\/td><td>11 \u20ac<\/td><\/tr><tr><td>Calvados VSOP (42%)<\/td><td>13 \u20ac<\/td><\/tr><tr><td>Calvados Hors d\u2019\u00e2ge (42%)<\/td><td>15 \u20ac<\/td><\/tr><tr><td>Calvados Plus de 12 ans (42%)<\/td><td>16 \u20ac<\/td><\/tr><tr><td>Calvados Plus de 15 ans (42%)<\/td><td>18 \u20ac<\/td><\/tr><tr><td>Calvados Plus de 20 ans (42%)<\/td><td>20 \u20ac<\/td><\/tr><tr><td>Calvados Plus de 30 ans non r\u00e9duit (52%)<\/td><td>45 \u20ac<\/td><\/tr><tr><td>Calvados Plus de 50 ans (52%)<\/td><td>60 \u20ac<\/td><\/tr><tr><td>Calvados Plus de 50 ans non r\u00e9duit (%)<\/td><td>65 \u20ac<\/td><\/tr><tr><td>Calvados Mill\u00e9sime 2000 (40%)<\/td><td>17 \u20ac<\/td><\/tr><tr><td>Calvados Jahrgang 1989 (42%)<\/td><td>22 \u20ac<\/td><\/tr><tr><td>Calvados Mill\u00e9sime 1986 (42%)<\/td><td>25 \u20ac<\/td><\/tr><tr><td>Calvados Mill\u00e9sime 1980 (42%)<\/td><td>30 \u20ac<\/td><\/tr><tr><td>Calvados Mill\u00e9sime 1977 ungefiltert (45%)<\/td><td>50 \u20ac<\/td><\/tr><tr><td>Calvados Mill\u00e9sime 1972 (45%)<\/td><td>60 \u20ac<\/td><\/tr><tr><td>Gefrorener Cidre Jahrgang 2009. 50 cl<\/td><td>55 \u20ac<\/td><\/tr><\/tbody><\/table>\t\t\t\t\t\t\t\t<\/div>\n\t\t\t\t<\/div>\n\t\t\t\t\t<\/div>\n\t\t\t\t<\/div>\n\t\t<div class=\"elementor-element elementor-element-573dee9 e-flex e-con-boxed e-con e-parent\" data-id=\"573dee9\" data-element_type=\"container\" data-e-type=\"container\" data-settings=\"{&quot;background_background&quot;:&quot;classic&quot;}\">\n\t\t\t\t\t<div class=\"e-con-inner\">\n\t\t\t\t<div class=\"elementor-element elementor-element-496626e animated-slow elementor-invisible elementor-widget elementor-widget-heading\" data-id=\"496626e\" data-element_type=\"widget\" data-e-type=\"widget\" data-settings=\"{&quot;_animation&quot;:&quot;slideInLeft&quot;}\" data-widget_type=\"heading.default\">\n\t\t\t\t<div class=\"elementor-widget-container\">\n\t\t\t\t\t<h2 class=\"elementor-heading-title elementor-size-default\">Maison Coquerel<\/h2>\t\t\t\t<\/div>\n\t\t\t\t<\/div>\n\t\t\t\t<div class=\"elementor-element elementor-element-0d9f202 elementor-widget elementor-widget-text-editor\" data-id=\"0d9f202\" data-element_type=\"widget\" data-e-type=\"widget\" data-widget_type=\"text-editor.default\">\n\t\t\t\t<div class=\"elementor-widget-container\">\n\t\t\t\t\t\t\t\t\t<table width=\"553\"><tbody><tr><td width=\"439\">Alter Calvados<\/td><td width=\"114\">9 \u20ac<\/td><\/tr><tr><td>Calvados XO<\/td><td>11 \u20ac<\/td><\/tr><tr><td>Calvados 20 Jahre<\/td><td>15 \u20ac<\/td><\/tr><tr><td>Calvados 30 Jahre<\/td><td>20 \u20ac<\/td><\/tr><tr><td>Calvados Fini in Bourbon-Fass 4 Jahre\u00a0\u00a0\u00a0<\/td><td>12 \u20ac<\/td><\/tr><\/tbody><\/table>\t\t\t\t\t\t\t\t<\/div>\n\t\t\t\t<\/div>\n\t\t\t\t\t<\/div>\n\t\t\t\t<\/div>\n\t\t<div class=\"elementor-element elementor-element-58718b6 e-flex e-con-boxed e-con e-parent\" data-id=\"58718b6\" data-element_type=\"container\" data-e-type=\"container\" data-settings=\"{&quot;background_background&quot;:&quot;classic&quot;}\">\n\t\t\t\t\t<div class=\"e-con-inner\">\n\t\t\t\t<div class=\"elementor-element elementor-element-e511263 animated-slow elementor-invisible elementor-widget elementor-widget-heading\" data-id=\"e511263\" data-element_type=\"widget\" data-e-type=\"widget\" data-settings=\"{&quot;_animation&quot;:&quot;slideInLeft&quot;}\" data-widget_type=\"heading.default\">\n\t\t\t\t<div class=\"elementor-widget-container\">\n\t\t\t\t\t<h2 class=\"elementor-heading-title elementor-size-default\">Groult-Haus<\/h2>\t\t\t\t<\/div>\n\t\t\t\t<\/div>\n\t\t\t\t<div class=\"elementor-element elementor-element-dcac94c elementor-widget elementor-widget-text-editor\" data-id=\"dcac94c\" data-element_type=\"widget\" data-e-type=\"widget\" data-widget_type=\"text-editor.default\">\n\t\t\t\t<div class=\"elementor-widget-container\">\n\t\t\t\t\t\t\t\t\t<table width=\"553\"><tbody><tr><td width=\"439\">Calvados 8 Jahre (41%)<\/td><td width=\"114\">10 \u20ac<\/td><\/tr><tr><td>Calvados 15 Jahre (41%)<\/td><td>12 \u20ac<\/td><\/tr><\/tbody><\/table>\t\t\t\t\t\t\t\t<\/div>\n\t\t\t\t<\/div>\n\t\t\t\t\t<\/div>\n\t\t\t\t<\/div>\n\t\t<div class=\"elementor-element elementor-element-1333678 e-flex e-con-boxed e-con e-parent\" data-id=\"1333678\" data-element_type=\"container\" data-e-type=\"container\" data-settings=\"{&quot;background_background&quot;:&quot;classic&quot;}\">\n\t\t\t\t\t<div class=\"e-con-inner\">\n\t\t\t\t<div class=\"elementor-element elementor-element-c46ff27 animated-slow elementor-invisible elementor-widget elementor-widget-heading\" data-id=\"c46ff27\" data-element_type=\"widget\" data-e-type=\"widget\" data-settings=\"{&quot;_animation&quot;:&quot;slideInLeft&quot;}\" data-widget_type=\"heading.default\">\n\t\t\t\t<div class=\"elementor-widget-container\">\n\t\t\t\t\t<h2 class=\"elementor-heading-title elementor-size-default\">Maison Apreval<\/h2>\t\t\t\t<\/div>\n\t\t\t\t<\/div>\n\t\t\t\t<div class=\"elementor-element elementor-element-b13734c elementor-widget elementor-widget-text-editor\" data-id=\"b13734c\" data-element_type=\"widget\" data-e-type=\"widget\" data-widget_type=\"text-editor.default\">\n\t\t\t\t<div class=\"elementor-widget-container\">\n\t\t\t\t\t\t\t\t\t<table width=\"553\"><tbody><tr><td width=\"439\">Calvados R\u00e9serve (42%)<\/td><td width=\"114\">9 \u20ac<\/td><\/tr><tr><td>Calvados Grande R\u00e9serve (42%)<\/td><td>12 \u20ac<\/td><\/tr><tr><td>Calvados Jahrgang 1989 (42%)<\/td><td>19 \u20ac<\/td><\/tr><tr><td>Calvados Mill\u00e9sime 1980 (42%)<\/td><td>24 \u20ac<\/td><\/tr><tr><td>\u00a0<\/td><td>\u00a0<\/td><\/tr><tr><td>Busnel Fein ()<\/td><td>8 \u20ac<\/td><\/tr><tr><td>Busnel Vieille R\u00e9serve V.S.O.P. (40%)<\/td><td>9 \u20ac<\/td><\/tr><\/tbody><\/table>\t\t\t\t\t\t\t\t<\/div>\n\t\t\t\t<\/div>\n\t\t\t\t\t<\/div>\n\t\t\t\t<\/div>\n\t\t\t\t<\/div>","protected":false},"excerpt":{"rendered":"<p>Calvados La cave d&rsquo;Olivier Calvados Le Calvados est obtenue par distillation du cidre normand. Il est traditionnellement produit dans le d\u00e9partement du Calvados en Normandie, d&rsquo;o\u00f9 il tire son nom. Le processus de production du Calvados commence par la cueillette des pommes qui sont ensuite press\u00e9es pour en extraire le jus qui est ensuite ferment\u00e9 [&hellip;]<\/p>\n","protected":false},"author":1,"featured_media":0,"parent":0,"menu_order":0,"comment_status":"closed","ping_status":"closed","template":"elementor_header_footer","meta":{"footnotes":""},"class_list":["post-2066","page","type-page","status-publish","hentry"],"_links":{"self":[{"href":"https:\/\/www.demauriceaolivier.be\/de\/wp-json\/wp\/v2\/pages\/2066","targetHints":{"allow":["GET"]}}],"collection":[{"href":"https:\/\/www.demauriceaolivier.be\/de\/wp-json\/wp\/v2\/pages"}],"about":[{"href":"https:\/\/www.demauriceaolivier.be\/de\/wp-json\/wp\/v2\/types\/page"}],"author":[{"embeddable":true,"href":"https:\/\/www.demauriceaolivier.be\/de\/wp-json\/wp\/v2\/users\/1"}],"replies":[{"embeddable":true,"href":"https:\/\/www.demauriceaolivier.be\/de\/wp-json\/wp\/v2\/comments?post=2066"}],"version-history":[{"count":7,"href":"https:\/\/www.demauriceaolivier.be\/de\/wp-json\/wp\/v2\/pages\/2066\/revisions"}],"predecessor-version":[{"id":2075,"href":"https:\/\/www.demauriceaolivier.be\/de\/wp-json\/wp\/v2\/pages\/2066\/revisions\/2075"}],"wp:attachment":[{"href":"https:\/\/www.demauriceaolivier.be\/de\/wp-json\/wp\/v2\/media?parent=2066"}],"curies":[{"name":"wp","href":"https:\/\/api.w.org\/{rel}","templated":true}]}}