{"id":2111,"date":"2024-01-05T18:01:13","date_gmt":"2024-01-05T17:01:13","guid":{"rendered":"https:\/\/www.demauriceaolivier.marketing-virtual-tools.com\/?page_id=2111"},"modified":"2024-01-05T18:08:35","modified_gmt":"2024-01-05T17:08:35","slug":"gin","status":"publish","type":"page","link":"https:\/\/www.demauriceaolivier.be\/de\/gin\/","title":{"rendered":"Gin"},"content":{"rendered":"<div data-elementor-type=\"wp-page\" data-elementor-id=\"2111\" class=\"elementor elementor-2111\" data-elementor-post-type=\"page\">\n\t\t\t\t<div class=\"elementor-element elementor-element-801772 e-flex e-con-boxed e-con e-parent\" data-id=\"801772\" data-element_type=\"container\" data-e-type=\"container\" data-settings=\"{&quot;background_background&quot;:&quot;classic&quot;}\">\n\t\t\t\t\t<div class=\"e-con-inner\">\n\t\t<div class=\"elementor-element elementor-element-7285d2fc e-flex e-con-boxed e-con e-child\" data-id=\"7285d2fc\" data-element_type=\"container\" data-e-type=\"container\">\n\t\t\t\t\t<div class=\"e-con-inner\">\n\t\t\t\t<div class=\"elementor-element elementor-element-3db0844c elementor-widget elementor-widget-heading\" data-id=\"3db0844c\" data-element_type=\"widget\" data-e-type=\"widget\" data-widget_type=\"heading.default\">\n\t\t\t\t<div class=\"elementor-widget-container\">\n\t\t\t\t\t<h1 class=\"elementor-heading-title elementor-size-default\">Die Gins<\/h1>\t\t\t\t<\/div>\n\t\t\t\t<\/div>\n\t\t\t\t<div class=\"elementor-element elementor-element-7f6784e1 elementor-widget elementor-widget-heading\" data-id=\"7f6784e1\" data-element_type=\"widget\" data-e-type=\"widget\" data-widget_type=\"heading.default\">\n\t\t\t\t<div class=\"elementor-widget-container\">\n\t\t\t\t\t<h1 class=\"elementor-heading-title elementor-size-default\">Oliviers Keller<\/h1>\t\t\t\t<\/div>\n\t\t\t\t<\/div>\n\t\t\t\t\t<\/div>\n\t\t\t\t<\/div>\n\t\t\t\t\t<\/div>\n\t\t\t\t<\/div>\n\t\t<div class=\"elementor-element elementor-element-4e29a33d animated-slow e-flex e-con-boxed elementor-invisible e-con e-parent\" data-id=\"4e29a33d\" data-element_type=\"container\" data-e-type=\"container\" data-settings=\"{&quot;background_background&quot;:&quot;classic&quot;,&quot;animation&quot;:&quot;fadeIn&quot;}\">\n\t\t\t\t\t<div class=\"e-con-inner\">\n\t\t<div class=\"elementor-element elementor-element-568a245 e-con-full e-flex e-con e-child\" data-id=\"568a245\" data-element_type=\"container\" data-e-type=\"container\">\n\t\t\t\t<div class=\"elementor-element elementor-element-3d4dc2ab elementor-widget elementor-widget-image\" data-id=\"3d4dc2ab\" data-element_type=\"widget\" data-e-type=\"widget\" data-widget_type=\"image.default\">\n\t\t\t\t<div class=\"elementor-widget-container\">\n\t\t\t\t\t\t\t\t\t\t\t\t\t\t\t<img fetchpriority=\"high\" decoding=\"async\" width=\"799\" height=\"533\" src=\"https:\/\/www.demauriceaolivier.be\/wp-content\/uploads\/2024\/01\/de-maurica-a-olivier-cave-a-vin-low-52.jpg\" class=\"attachment-large size-large wp-image-1804\" alt=\"Armagnac &amp; Bas Armagnac\" srcset=\"https:\/\/www.demauriceaolivier.be\/wp-content\/uploads\/2024\/01\/de-maurica-a-olivier-cave-a-vin-low-52.jpg 799w, https:\/\/www.demauriceaolivier.be\/wp-content\/uploads\/2024\/01\/de-maurica-a-olivier-cave-a-vin-low-52-300x200.jpg 300w, https:\/\/www.demauriceaolivier.be\/wp-content\/uploads\/2024\/01\/de-maurica-a-olivier-cave-a-vin-low-52-768x512.jpg 768w\" sizes=\"(max-width: 799px) 100vw, 799px\" \/>\t\t\t\t\t\t\t\t\t\t\t\t\t\t\t<\/div>\n\t\t\t\t<\/div>\n\t\t\t\t<\/div>\n\t\t<div class=\"elementor-element elementor-element-f34814c e-con-full e-flex e-con e-child\" data-id=\"f34814c\" data-element_type=\"container\" data-e-type=\"container\">\n\t\t\t\t<div class=\"elementor-element elementor-element-16418d7b elementor-widget elementor-widget-heading\" data-id=\"16418d7b\" data-element_type=\"widget\" data-e-type=\"widget\" data-widget_type=\"heading.default\">\n\t\t\t\t<div class=\"elementor-widget-container\">\n\t\t\t\t\t<h2 class=\"elementor-heading-title elementor-size-default\">Die Gins<\/h2>\t\t\t\t<\/div>\n\t\t\t\t<\/div>\n\t\t\t\t<div class=\"elementor-element elementor-element-5172024c elementor-widget elementor-widget-text-editor\" data-id=\"5172024c\" data-element_type=\"widget\" data-e-type=\"widget\" data-widget_type=\"text-editor.default\">\n\t\t\t\t<div class=\"elementor-widget-container\">\n\t\t\t\t\t\t\t\t\t<p>\u00a0Hergestellt aus Wacholderbeeren und anderen aromatischen Pflanzen. Er wird aus fermentierten Getreidesorten wie Gerste, Weizen oder Roggen destilliert und hat in der Regel einen Alkoholgehalt von etwa 40%. Gin ist vor allem f\u00fcr seinen aromatischen, kr\u00e4utrigen und erdigen Geschmack bekannt, mit Noten von Wacholderbeeren und Gew\u00fcrzen wie Koriander, Angelikawurzel, Kardamom oder Zitronenschale.\u00a0<\/p>\t\t\t\t\t\t\t\t<\/div>\n\t\t\t\t<\/div>\n\t\t\t\t<\/div>\n\t\t\t\t\t<\/div>\n\t\t\t\t<\/div>\n\t\t<div class=\"elementor-element elementor-element-69c6818c e-flex e-con-boxed e-con e-parent\" data-id=\"69c6818c\" data-element_type=\"container\" data-e-type=\"container\" data-settings=\"{&quot;background_background&quot;:&quot;classic&quot;}\">\n\t\t\t\t\t<div class=\"e-con-inner\">\n\t\t\t\t<div class=\"elementor-element elementor-element-7d07e312 animated-slow elementor-invisible elementor-widget elementor-widget-heading\" data-id=\"7d07e312\" data-element_type=\"widget\" data-e-type=\"widget\" data-settings=\"{&quot;_animation&quot;:&quot;slideInLeft&quot;}\" data-widget_type=\"heading.default\">\n\t\t\t\t<div class=\"elementor-widget-container\">\n\t\t\t\t\t<h2 class=\"elementor-heading-title elementor-size-default\">Die Gins<\/h2>\t\t\t\t<\/div>\n\t\t\t\t<\/div>\n\t\t\t\t<div class=\"elementor-element elementor-element-35e2f64e elementor-widget elementor-widget-text-editor\" data-id=\"35e2f64e\" data-element_type=\"widget\" data-e-type=\"widget\" data-widget_type=\"text-editor.default\">\n\t\t\t\t<div class=\"elementor-widget-container\">\n\t\t\t\t\t\t\t\t\t<table width=\"553\"><tbody><tr><td width=\"439\">Cala Kumquat (41%)<\/td><td width=\"114\">10 \u20ac<\/td><\/tr><tr><td>Ceder's Ros\u00e9 Sans Alcool<\/td><td>10 \u20ac<\/td><\/tr><tr><td>Ceder\u2019s Crisp alkoholfrei<\/td><td>10 \u20ac<\/td><\/tr><tr><td>Citrum Gin (40%)\u00a0\u00a0\u00a0\u00a0\u00a0\u00a0\u00a0<\/td><td>10 \u20ac<\/td><\/tr><tr><td>Christian Drouin(%)<\/td><td>10 \u20ac<\/td><\/tr><tr><td>Etsu(43%)<\/td><td>12 \u20ac<\/td><\/tr><tr><td>Gez\u00fcchtet von Bertinchamps%Botanisch<\/td><td>10 \u20ac<\/td><\/tr><tr><td>Gez\u00fcchtet von Bertinchamps (43%)Fruited<\/td><td>10 \u20ac<\/td><\/tr><tr><td>Gez\u00fcchtet von Bertinchamps () Gastronomisch<\/td><td>12 \u20ac<\/td><\/tr><tr><td>Jinzu(41,4%)\u00a0\u00a0\u00a0<\/td><td>10 \u20ac<\/td><\/tr><tr><td>Kinobi (45,7%)<\/td><td>12 \u20ac<\/td><\/tr><tr><td>Komasa Hojicha (40%)<\/td><td>12 \u20ac<\/td><\/tr><tr><td>Komasa Komikan (40%)<\/td><td>12 \u20ac<\/td><\/tr><tr><td>The London n\u00b01 (47%)<\/td><td>10 \u20ac<\/td><\/tr><tr><td>Hendrick\u2019s\u00a0(41,4%)<\/td><td>10 \u20ac<\/td><\/tr><tr><td>Der Botaniker (46%)<\/td><td>10 \u20ac<\/td><\/tr><tr><td>Maredessous (40%) A\u00e9quatis<\/td><td>\u00a0<\/td><\/tr><tr><td>Maredessous (40%) unbesiegbar<\/td><td>\u00a0<\/td><\/tr><tr><td>Maredessous (40%) Val\u00e9o<\/td><td>\u00a0<\/td><\/tr><tr><td>Nikka Coffey Gin (47%)<\/td><td>12 \u20ac<\/td><\/tr><tr><td>Normindia (%)<\/td><td>10 \u20ac<\/td><\/tr><tr><td>Okinawa (47%)<\/td><td>12 \u20ac<\/td><\/tr><tr><td>Sakurao (47%)<\/td><td>12 \u20ac<\/td><\/tr><tr><td>Sakurao Hamagou (47%)<\/td><td>14 \u20ac<\/td><\/tr><tr><td>Sorgin Gelb Maury-Oberfl\u00e4che ()<\/td><td>12 \u20ac<\/td><\/tr><tr><td>Sorgin Gelb Rueda (42%)<\/td><td>12 \u20ac<\/td><\/tr><tr><td>Silent Pool (43%)<\/td><td>10 \u20ac<\/td><\/tr><tr><td>Silent Pool seltene Zitrusfr\u00fcchte (43%)<\/td><td>10 \u20ac<\/td><\/tr><tr><td>Tokio N\u00e4chte (43%)<\/td><td>10 \u20ac<\/td><\/tr><tr><td>Vig\u2019ne Floraison(43%)<\/td><td>10 \u20ac<\/td><\/tr><\/tbody><\/table>\t\t\t\t\t\t\t\t<\/div>\n\t\t\t\t<\/div>\n\t\t\t\t\t<\/div>\n\t\t\t\t<\/div>\n\t\t\t\t<\/div>","protected":false},"excerpt":{"rendered":"<p>Les Gins La cave d&rsquo;Olivier Les Gins \u00a0A base de baies de geni\u00e8vre et d&rsquo;autres plantes aromatiques. Il est distill\u00e9 \u00e0 partir de c\u00e9r\u00e9ales ferment\u00e9es telles que l&rsquo;orge, le bl\u00e9 ou encore le seigle et est g\u00e9n\u00e9ralement pr\u00e9sent\u00e9 avec une teneur en alcool d&rsquo;environ 40%. Le gin est plus connu pour son go\u00fbt aromatique, herbac\u00e9 [&hellip;]<\/p>\n","protected":false},"author":1,"featured_media":0,"parent":0,"menu_order":0,"comment_status":"closed","ping_status":"closed","template":"elementor_header_footer","meta":{"footnotes":""},"class_list":["post-2111","page","type-page","status-publish","hentry"],"_links":{"self":[{"href":"https:\/\/www.demauriceaolivier.be\/de\/wp-json\/wp\/v2\/pages\/2111","targetHints":{"allow":["GET"]}}],"collection":[{"href":"https:\/\/www.demauriceaolivier.be\/de\/wp-json\/wp\/v2\/pages"}],"about":[{"href":"https:\/\/www.demauriceaolivier.be\/de\/wp-json\/wp\/v2\/types\/page"}],"author":[{"embeddable":true,"href":"https:\/\/www.demauriceaolivier.be\/de\/wp-json\/wp\/v2\/users\/1"}],"replies":[{"embeddable":true,"href":"https:\/\/www.demauriceaolivier.be\/de\/wp-json\/wp\/v2\/comments?post=2111"}],"version-history":[{"count":7,"href":"https:\/\/www.demauriceaolivier.be\/de\/wp-json\/wp\/v2\/pages\/2111\/revisions"}],"predecessor-version":[{"id":2119,"href":"https:\/\/www.demauriceaolivier.be\/de\/wp-json\/wp\/v2\/pages\/2111\/revisions\/2119"}],"wp:attachment":[{"href":"https:\/\/www.demauriceaolivier.be\/de\/wp-json\/wp\/v2\/media?parent=2111"}],"curies":[{"name":"wp","href":"https:\/\/api.w.org\/{rel}","templated":true}]}}