{"id":2121,"date":"2024-01-05T18:16:53","date_gmt":"2024-01-05T17:16:53","guid":{"rendered":"https:\/\/www.demauriceaolivier.marketing-virtual-tools.com\/?page_id=2121"},"modified":"2024-01-05T19:11:39","modified_gmt":"2024-01-05T18:11:39","slug":"edelbrand-likor","status":"publish","type":"page","link":"https:\/\/www.demauriceaolivier.be\/de\/eau-de-vie-liqueur\/","title":{"rendered":"Edelbrand &amp; Lik\u00f6r"},"content":{"rendered":"<div data-elementor-type=\"wp-page\" data-elementor-id=\"2121\" class=\"elementor elementor-2121\" data-elementor-post-type=\"page\">\n\t\t\t\t<div class=\"elementor-element elementor-element-37f90cf0 e-flex e-con-boxed e-con e-parent\" data-id=\"37f90cf0\" data-element_type=\"container\" data-e-type=\"container\" data-settings=\"{&quot;background_background&quot;:&quot;classic&quot;}\">\n\t\t\t\t\t<div class=\"e-con-inner\">\n\t\t<div class=\"elementor-element elementor-element-3a1f1a5 e-flex e-con-boxed e-con e-child\" data-id=\"3a1f1a5\" data-element_type=\"container\" data-e-type=\"container\">\n\t\t\t\t\t<div class=\"e-con-inner\">\n\t\t\t\t<div class=\"elementor-element elementor-element-3e173847 elementor-widget elementor-widget-heading\" data-id=\"3e173847\" data-element_type=\"widget\" data-e-type=\"widget\" data-widget_type=\"heading.default\">\n\t\t\t\t<div class=\"elementor-widget-container\">\n\t\t\t\t\t<h1 class=\"elementor-heading-title elementor-size-default\">Eau de Vie &amp; Lik\u00f6r<\/h1>\t\t\t\t<\/div>\n\t\t\t\t<\/div>\n\t\t\t\t<div class=\"elementor-element elementor-element-12b396e3 elementor-widget elementor-widget-heading\" data-id=\"12b396e3\" data-element_type=\"widget\" data-e-type=\"widget\" data-widget_type=\"heading.default\">\n\t\t\t\t<div class=\"elementor-widget-container\">\n\t\t\t\t\t<h1 class=\"elementor-heading-title elementor-size-default\">Oliviers Keller<\/h1>\t\t\t\t<\/div>\n\t\t\t\t<\/div>\n\t\t\t\t\t<\/div>\n\t\t\t\t<\/div>\n\t\t\t\t\t<\/div>\n\t\t\t\t<\/div>\n\t\t<div class=\"elementor-element elementor-element-59881ffc animated-slow e-flex e-con-boxed elementor-invisible e-con e-parent\" data-id=\"59881ffc\" data-element_type=\"container\" data-e-type=\"container\" data-settings=\"{&quot;background_background&quot;:&quot;classic&quot;,&quot;animation&quot;:&quot;fadeIn&quot;}\">\n\t\t\t\t\t<div class=\"e-con-inner\">\n\t\t<div class=\"elementor-element elementor-element-663c9390 e-con-full e-flex e-con e-child\" data-id=\"663c9390\" data-element_type=\"container\" data-e-type=\"container\">\n\t\t\t\t<div class=\"elementor-element elementor-element-59b33298 elementor-widget elementor-widget-image\" data-id=\"59b33298\" data-element_type=\"widget\" data-e-type=\"widget\" data-widget_type=\"image.default\">\n\t\t\t\t<div class=\"elementor-widget-container\">\n\t\t\t\t\t\t\t\t\t\t\t\t\t\t\t<img fetchpriority=\"high\" decoding=\"async\" width=\"768\" height=\"512\" src=\"https:\/\/www.demauriceaolivier.be\/wp-content\/uploads\/2024\/01\/pexels-eva-bronzini-7254863-768x512.jpg\" class=\"attachment-medium_large size-medium_large wp-image-2103\" alt=\"Rhum Br\u00fcssel\" srcset=\"https:\/\/www.demauriceaolivier.be\/wp-content\/uploads\/2024\/01\/pexels-eva-bronzini-7254863-768x512.jpg 768w, https:\/\/www.demauriceaolivier.be\/wp-content\/uploads\/2024\/01\/pexels-eva-bronzini-7254863-300x200.jpg 300w, https:\/\/www.demauriceaolivier.be\/wp-content\/uploads\/2024\/01\/pexels-eva-bronzini-7254863-1024x683.jpg 1024w, https:\/\/www.demauriceaolivier.be\/wp-content\/uploads\/2024\/01\/pexels-eva-bronzini-7254863-1536x1024.jpg 1536w, https:\/\/www.demauriceaolivier.be\/wp-content\/uploads\/2024\/01\/pexels-eva-bronzini-7254863-2048x1365.jpg 2048w\" sizes=\"(max-width: 768px) 100vw, 768px\" \/>\t\t\t\t\t\t\t\t\t\t\t\t\t\t\t<\/div>\n\t\t\t\t<\/div>\n\t\t\t\t<\/div>\n\t\t<div class=\"elementor-element elementor-element-30ce1fe0 e-con-full e-flex e-con e-child\" data-id=\"30ce1fe0\" data-element_type=\"container\" data-e-type=\"container\">\n\t\t\t\t<div class=\"elementor-element elementor-element-4f1cc809 elementor-widget elementor-widget-heading\" data-id=\"4f1cc809\" data-element_type=\"widget\" data-e-type=\"widget\" data-widget_type=\"heading.default\">\n\t\t\t\t<div class=\"elementor-widget-container\">\n\t\t\t\t\t<h2 class=\"elementor-heading-title elementor-size-default\">Obstbrand<\/h2>\t\t\t\t<\/div>\n\t\t\t\t<\/div>\n\t\t\t\t<div class=\"elementor-element elementor-element-761dff29 elementor-widget elementor-widget-text-editor\" data-id=\"761dff29\" data-element_type=\"widget\" data-e-type=\"widget\" data-widget_type=\"text-editor.default\">\n\t\t\t\t<div class=\"elementor-widget-container\">\n\t\t\t\t\t\t\t\t\t<p>Hergestellt aus fermentierten und destillierten Fr\u00fcchten. Die am h\u00e4ufigsten verwendeten Fr\u00fcchte f\u00fcr die Herstellung von Obstbr\u00e4nden sind Pflaumen, Kirschen, Birnen und Trauben, aber auch andere Fr\u00fcchte wie \u00c4pfel, Aprikosen und Pfirsiche werden verwendet. Der Herstellungsprozess umfasst die Schritte der Fermentation, Destillation und Reifung, die je nach Art des hergestellten Obstbrands variieren k\u00f6nnen.<\/p>\t\t\t\t\t\t\t\t<\/div>\n\t\t\t\t<\/div>\n\t\t\t\t<div class=\"elementor-element elementor-element-034f922 elementor-widget elementor-widget-heading\" data-id=\"034f922\" data-element_type=\"widget\" data-e-type=\"widget\" data-widget_type=\"heading.default\">\n\t\t\t\t<div class=\"elementor-widget-container\">\n\t\t\t\t\t<h2 class=\"elementor-heading-title elementor-size-default\">Lik\u00f6r<\/h2>\t\t\t\t<\/div>\n\t\t\t\t<\/div>\n\t\t\t\t<div class=\"elementor-element elementor-element-dd30726 elementor-widget elementor-widget-text-editor\" data-id=\"dd30726\" data-element_type=\"widget\" data-e-type=\"widget\" data-widget_type=\"text-editor.default\">\n\t\t\t\t<div class=\"elementor-widget-container\">\n\t\t\t\t\t\t\t\t\t<p>Die f\u00fcr Lik\u00f6re verwendeten Zutaten variieren je nach Herkunft, aber sie enthalten im Allgemeinen Pflanzen-, Frucht- oder Gew\u00fcrzextrakte, Zucker und Alkohol. Diese Zutaten werden oft mehrere Wochen lang gemischt und mazeriert, um die Aromen und Geschmacksstoffe zu extrahieren. Lik\u00f6re k\u00f6nnen einen Alkoholgehalt zwischen 15 und 55 %haben, aber die meisten haben einen Alkoholgehalt von etwa 20 %.<\/p>\t\t\t\t\t\t\t\t<\/div>\n\t\t\t\t<\/div>\n\t\t\t\t<\/div>\n\t\t\t\t\t<\/div>\n\t\t\t\t<\/div>\n\t\t<div class=\"elementor-element elementor-element-4818b7e6 e-flex e-con-boxed e-con e-parent\" data-id=\"4818b7e6\" data-element_type=\"container\" data-e-type=\"container\" data-settings=\"{&quot;background_background&quot;:&quot;classic&quot;}\">\n\t\t\t\t\t<div class=\"e-con-inner\">\n\t\t\t\t<div class=\"elementor-element elementor-element-21c592a6 elementor-widget elementor-widget-text-editor\" data-id=\"21c592a6\" data-element_type=\"widget\" data-e-type=\"widget\" data-widget_type=\"text-editor.default\">\n\t\t\t\t<div class=\"elementor-widget-container\">\n\t\t\t\t\t\t\t\t\t<table width=\"553\"><tbody><tr><td width=\"439\"><strong>Die Trester<\/strong><\/td><td width=\"114\">\u00a0<\/td><\/tr><tr><td>Fine de Bourgogne Hors d\u2019age Guy Roulot (43%)<\/td><td>16 \u20ac<\/td><\/tr><tr><td>Alter Marc de Bourgogne Joseph Drouhin (40%)<\/td><td>12 \u20ac<\/td><\/tr><tr><td>Vieux Marc de Bourgogne A la Mascotte Louis Jadot (40%)<\/td><td>12 \u20ac<\/td><\/tr><tr><td>Vieux Marc de Bourgogne Louis Jadot (40%)<\/td><td>12 \u20ac<\/td><\/tr><tr><td>Vieux Marc de Champagne Club 1911 (40%)<\/td><td>12 \u20ac<\/td><\/tr><tr><td>Vieux Marc de Champagne Exclusive XO ( %)<\/td><td>14 \u20ac<\/td><\/tr><tr><td>Marc de Banyuls (40%)<\/td><td>8 \u20ac<\/td><\/tr><tr><td>Marc de Franche Comt\u00e9 Domaine Berthet Bondet (48%)<\/td><td>8 \u20ac<\/td><\/tr><tr><td>Marc de Chateauneuf du Pape Domaine Duclaux (42%)<\/td><td>12 \u20ac<\/td><\/tr><tr><td>Marc d\u2019Alsace Dopff &amp; Irion Gew\u00fcrztraminer (45%)<\/td><td>8 \u20ac<\/td><\/tr><tr><td>Marc d\u2019Alsace Miclo Gewurztraminer (45%)<\/td><td>8 \u20ac<\/td><\/tr><tr><td>Marc d\u2019Alsace Mett\u00e9 Gewurztraminer (45%)<\/td><td>8 \u20ac<\/td><\/tr><tr><td>\u00a0<\/td><td>\u00a0<\/td><\/tr><tr><td><strong>Die Grappa<\/strong><\/td><td>\u00a0<\/td><\/tr><tr><td>Grappa Chardonnay Borgo ()<\/td><td>10 \u20ac<\/td><\/tr><tr><td>Grappa Amarone Barricata Borgo (40%)<\/td><td>12 \u20ac<\/td><\/tr><tr><td>Grappa Brunello di Montalcino ( %)<\/td><td>12 \u20ac<\/td><\/tr><tr><td>Grappa Nonino Riserva 8 Jahre (43%)<\/td><td>20 \u20ac<\/td><\/tr><tr><td>Grappa Nonino Legend\u00e4re Cru Monovitigno (50%)<\/td><td>25 \u20ac<\/td><\/tr><tr><td>\u00a0<\/td><td>\u00a0<\/td><\/tr><tr><td><strong>Brennerei Bierc\u00e9e<\/strong><\/td><td>\u00a0<\/td><\/tr><tr><td>Poire Williams N\u00b01 (43%)<\/td><td>8 \u20ac<\/td><\/tr><tr><td>Mirabelle (40%)<\/td><td>8 \u20ac<\/td><\/tr><tr><td>Biercine (35%)<\/td><td>8 \u20ac<\/td><\/tr><tr><td>Eau de Vill\u00e9e (40%)<\/td><td>8 \u20ac<\/td><\/tr><tr><td>\u00a0<\/td><td>\u00a0<\/td><\/tr><tr><td><strong>Destillerie Miclo<\/strong><\/td><td>\u00a0<\/td><\/tr><tr><td>Wiliamsbirne Grande R\u00e9serve ( %)<\/td><td>9 \u20ac<\/td><\/tr><tr><td>Mirabelle grande r\u00e9serve (43%)<\/td><td>9 \u20ac<\/td><\/tr><tr><td>Schlehengeist ()<\/td><td>9 \u20ac<\/td><\/tr><tr><td>Wilde Himbeere Miclo (43%)<\/td><td>9 \u20ac<\/td><\/tr><tr><td>Herz der Heizung%Birne Williams Miclo (45%)<\/td><td>14 \u20ac<\/td><\/tr><tr><td>Marc d\u2019Alsace Miclo Gewurztraminer (45%)<\/td><td>8 \u20ac<\/td><\/tr><tr><td>Marc d\u2019Alsace Miclo Sp\u00e4tburgunder (45%)<\/td><td>8 \u20ac<\/td><\/tr><tr><td>\u00a0<\/td><td>\u00a0<\/td><\/tr><tr><td>Williamine Poire Morand (43%)<\/td><td>10 \u20ac<\/td><\/tr><tr><td>Williamine Framboise Morand (43%)<\/td><td>10 \u20ac<\/td><\/tr><tr><td>Liqueur Morand Williamine (35%)<\/td><td>10 \u20ac<\/td><\/tr><tr><td>Bierblume<\/td><td>8 \u20ac<\/td><\/tr><tr><td>\u00a0<\/td><td>\u00a0<\/td><\/tr><tr><td><strong>Haus Louis Roque<\/strong><\/td><td>\u00a0<\/td><\/tr><tr><td>Altpflaumenbrand Louis Roque (42%)<\/td><td>12 \u20ac<\/td><\/tr><tr><td>Alte Pflaume Centenaire Louis Roque (42%)<\/td><td>14 \u20ac<\/td><\/tr><tr><td>Alte Pflaume Kaiserin Louis Roque (42%)\u00a0\u00a0\u00a0<\/td><td>16 \u20ac<\/td><\/tr><tr><td>Alte Walnuss Louis Roque (30%)<\/td><td>8 \u20ac<\/td><\/tr><tr><td>\u00a0<\/td><td>\u00a0<\/td><\/tr><tr><td>Chartreuse-G\u00e9n\u00e9pi ()<\/td><td>10 \u20ac<\/td><\/tr><tr><td>Chartreuse verte V.E.P. 42%Vol. Die Kart\u00e4user (42% )<\/td><td>20 \u20ac<\/td><\/tr><tr><td>Chartreuse Jaune V.E.P. 54%Vol. Die Kart\u00e4userm\u00f6nche (54% )<\/td><td>20 \u20ac<\/td><\/tr><tr><td>Chartreuse reine der Lik\u00f6re (43%)<\/td><td>14 \u20ac<\/td><\/tr><tr><td>Chartreuse Lik\u00f6r des 900-j\u00e4hrigen Jubil\u00e4ums (47%)<\/td><td>12 \u20ac<\/td><\/tr><tr><td>Absinth Absente (55%)<\/td><td>12 \u20ac<\/td><\/tr><tr><td>Limoncino (30%)<\/td><td>8 \u20ac<\/td><\/tr><tr><td>Cointreau (40%)<\/td><td>8 \u20ac<\/td><\/tr><tr><td>Mandarine Napoleon (38%)<\/td><td>8 \u20ac<\/td><\/tr><tr><td>Grand Marnier (40%)<\/td><td>8 \u20ac<\/td><\/tr><tr><td>Amaretto Disaronno (28%)\u00a0\u00a0<\/td><td>8 \u20ac<\/td><\/tr><tr><td>Vincacao Excellence Lik\u00f6r Cognac und Schokolade (25%)<\/td><td>12 \u20ac<\/td><\/tr><tr><td>Baileys Original (%)<\/td><td>8 \u20ac<\/td><\/tr><\/tbody><\/table>\t\t\t\t\t\t\t\t<\/div>\n\t\t\t\t<\/div>\n\t\t\t\t\t<\/div>\n\t\t\t\t<\/div>\n\t\t\t\t<\/div>","protected":false},"excerpt":{"rendered":"<p>Eau de Vie &#038; Liqueur La cave d&rsquo;Olivier Eau de Vie Fabriqu\u00e9s \u00e0 partir de fruits ferment\u00e9s et distill\u00e9s. Les fruits les plus courants utilis\u00e9s pour la production d&rsquo;eaux-de-vie sont les prunes, les cerises, les poires et les raisins, mais d&rsquo;autres fruits sont \u00e9galement utilis\u00e9s comme les pommes, les abricots et les p\u00eaches. Le processus [&hellip;]<\/p>\n","protected":false},"author":1,"featured_media":0,"parent":0,"menu_order":0,"comment_status":"closed","ping_status":"closed","template":"elementor_header_footer","meta":{"footnotes":""},"class_list":["post-2121","page","type-page","status-publish","hentry"],"_links":{"self":[{"href":"https:\/\/www.demauriceaolivier.be\/de\/wp-json\/wp\/v2\/pages\/2121","targetHints":{"allow":["GET"]}}],"collection":[{"href":"https:\/\/www.demauriceaolivier.be\/de\/wp-json\/wp\/v2\/pages"}],"about":[{"href":"https:\/\/www.demauriceaolivier.be\/de\/wp-json\/wp\/v2\/types\/page"}],"author":[{"embeddable":true,"href":"https:\/\/www.demauriceaolivier.be\/de\/wp-json\/wp\/v2\/users\/1"}],"replies":[{"embeddable":true,"href":"https:\/\/www.demauriceaolivier.be\/de\/wp-json\/wp\/v2\/comments?post=2121"}],"version-history":[{"count":16,"href":"https:\/\/www.demauriceaolivier.be\/de\/wp-json\/wp\/v2\/pages\/2121\/revisions"}],"predecessor-version":[{"id":2163,"href":"https:\/\/www.demauriceaolivier.be\/de\/wp-json\/wp\/v2\/pages\/2121\/revisions\/2163"}],"wp:attachment":[{"href":"https:\/\/www.demauriceaolivier.be\/de\/wp-json\/wp\/v2\/media?parent=2121"}],"curies":[{"name":"wp","href":"https:\/\/api.w.org\/{rel}","templated":true}]}}