{"id":975,"date":"2023-12-05T18:19:56","date_gmt":"2023-12-05T18:19:56","guid":{"rendered":"https:\/\/www.demauriceaolivier.marketing-virtual-tools.com\/?page_id=975"},"modified":"2026-04-20T16:53:52","modified_gmt":"2026-04-20T14:53:52","slug":"menu-autograf","status":"publish","type":"page","link":"https:\/\/www.demauriceaolivier.be\/de\/menu-autographe\/","title":{"rendered":"Men\u00fc Autogramme"},"content":{"rendered":"<div data-elementor-type=\"wp-page\" data-elementor-id=\"975\" class=\"elementor elementor-975\" data-elementor-post-type=\"page\">\n\t\t\t\t<div class=\"elementor-element elementor-element-69ed2d01 e-flex e-con-boxed e-con e-parent\" data-id=\"69ed2d01\" data-element_type=\"container\" data-e-type=\"container\" data-settings=\"{&quot;background_background&quot;:&quot;classic&quot;}\">\n\t\t\t\t\t<div class=\"e-con-inner\">\n\t\t<div class=\"elementor-element elementor-element-a8fda2a e-flex e-con-boxed e-con e-child\" data-id=\"a8fda2a\" data-element_type=\"container\" data-e-type=\"container\">\n\t\t\t\t\t<div class=\"e-con-inner\">\n\t\t\t\t<div class=\"elementor-element elementor-element-5fb34c05 elementor-widget elementor-widget-heading\" data-id=\"5fb34c05\" data-element_type=\"widget\" data-e-type=\"widget\" data-widget_type=\"heading.default\">\n\t\t\t\t<div class=\"elementor-widget-container\">\n\t\t\t\t\t<h1 class=\"elementor-heading-title elementor-size-default\">Autogramm-Men\u00fc<\/h1>\t\t\t\t<\/div>\n\t\t\t\t<\/div>\n\t\t\t\t<div class=\"elementor-element elementor-element-309932b elementor-widget elementor-widget-heading\" data-id=\"309932b\" data-element_type=\"widget\" data-e-type=\"widget\" data-widget_type=\"heading.default\">\n\t\t\t\t<div class=\"elementor-widget-container\">\n\t\t\t\t\t<h1 class=\"elementor-heading-title elementor-size-default\">- 49 \u20ac -<\/h1>\t\t\t\t<\/div>\n\t\t\t\t<\/div>\n\t\t\t\t<div class=\"elementor-element elementor-element-bc14d0e elementor-widget elementor-widget-heading\" data-id=\"bc14d0e\" data-element_type=\"widget\" data-e-type=\"widget\" data-widget_type=\"heading.default\">\n\t\t\t\t<div class=\"elementor-widget-container\">\n\t\t\t\t\t<h1 class=\"elementor-heading-title elementor-size-default\">Entdeckung der Aromen der Gastronomie<\/h1>\t\t\t\t<\/div>\n\t\t\t\t<\/div>\n\t\t\t\t\t<\/div>\n\t\t\t\t<\/div>\n\t\t\t\t\t<\/div>\n\t\t\t\t<\/div>\n\t\t<div class=\"elementor-element elementor-element-1d42fd2f animated-slow e-flex e-con-boxed elementor-invisible e-con e-parent\" data-id=\"1d42fd2f\" data-element_type=\"container\" data-e-type=\"container\" data-settings=\"{&quot;background_background&quot;:&quot;classic&quot;,&quot;animation&quot;:&quot;fadeIn&quot;}\">\n\t\t\t\t\t<div class=\"e-con-inner\">\n\t\t<div class=\"elementor-element elementor-element-420f152d e-con-full e-flex e-con e-child\" data-id=\"420f152d\" data-element_type=\"container\" data-e-type=\"container\">\n\t\t\t\t<div class=\"elementor-element elementor-element-52c9a12 elementor-widget elementor-widget-heading\" data-id=\"52c9a12\" data-element_type=\"widget\" data-e-type=\"widget\" data-widget_type=\"heading.default\">\n\t\t\t\t<div class=\"elementor-widget-container\">\n\t\t\t\t\t<h2 class=\"elementor-heading-title elementor-size-default\">Vorspeisen<\/h2>\t\t\t\t<\/div>\n\t\t\t\t<\/div>\n\t\t\t\t<div class=\"elementor-element elementor-element-a3f50ba elementor-widget elementor-widget-text-editor\" data-id=\"a3f50ba\" data-element_type=\"widget\" data-e-type=\"widget\" data-widget_type=\"text-editor.default\">\n\t\t\t\t<div class=\"elementor-widget-container\">\n\t\t\t\t\t\t\t\t\t<p><em>Die kroketten aus gesch\u00e4lten Nordseegarnelen.<\/em><\/p><p><em>Oder<\/em><\/p><p><em>Roter Thunfisch, Lauch-Maki, Marille-Aceto.<\/em><\/p><p><em>Oder <\/em><\/p><p><em>Offener Bl\u00e4tterteig mit Machliner Spargel AA, Champagnermousse.<\/em><\/p><p><em>Oder<\/em><\/p><p><em>Hechtkl\u00f6\u00dfchen vom Engelsberg, Blanc de Blanc, Belgische Bl\u00e4schen. <\/em><\/p><p><em>Oder<\/em><\/p><p><em>Iberischer Schinkenspeck, G\u00e4nseleberterrine, kandierte Feige.\u00a0 <\/em><\/p>\t\t\t\t\t\t\t\t<\/div>\n\t\t\t\t<\/div>\n\t\t\t\t<\/div>\n\t\t\t\t\t<\/div>\n\t\t\t\t<\/div>\n\t\t<div class=\"elementor-element elementor-element-8df1cd7 animated-slow e-flex e-con-boxed elementor-invisible e-con e-parent\" data-id=\"8df1cd7\" data-element_type=\"container\" data-e-type=\"container\" data-settings=\"{&quot;background_background&quot;:&quot;classic&quot;,&quot;animation&quot;:&quot;fadeIn&quot;}\">\n\t\t\t\t\t<div class=\"e-con-inner\">\n\t\t<div class=\"elementor-element elementor-element-a2085e7 e-con-full e-flex e-con e-child\" data-id=\"a2085e7\" data-element_type=\"container\" data-e-type=\"container\">\n\t\t\t\t<div class=\"elementor-element elementor-element-3ecd3a2 elementor-widget elementor-widget-heading\" data-id=\"3ecd3a2\" data-element_type=\"widget\" data-e-type=\"widget\" data-widget_type=\"heading.default\">\n\t\t\t\t<div class=\"elementor-widget-container\">\n\t\t\t\t\t<h2 class=\"elementor-heading-title elementor-size-default\">Die Gerichte<\/h2>\t\t\t\t<\/div>\n\t\t\t\t<\/div>\n\t\t\t\t<div class=\"elementor-element elementor-element-dccdc08 elementor-widget elementor-widget-text-editor\" data-id=\"dccdc08\" data-element_type=\"widget\" data-e-type=\"widget\" data-widget_type=\"text-editor.default\">\n\t\t\t\t<div class=\"elementor-widget-container\">\n\t\t\t\t\t\t\t\t\t<p><em>Presa de patta negra vom zw\u00f6lf Jahre alten Fillioux Fine Champagne Cognac.<\/em><\/p><p><em>Oder <\/em><\/p><p><em>Malines Hahnroulade gef\u00fcllt mit Steinpilzen.<\/em><\/p><p><em>Oder<\/em><\/p><p><em>Canette aus Challans, confierte Pfirsiche, Sangria-Sauce. <\/em><\/p><p><em>Oder<\/em><\/p><p><em>Skrei gebacken nach Perlmuttart, bretonisches Curry.<\/em><\/p>\t\t\t\t\t\t\t\t<\/div>\n\t\t\t\t<\/div>\n\t\t\t\t<\/div>\n\t\t\t\t\t<\/div>\n\t\t\t\t<\/div>\n\t\t<div class=\"elementor-element elementor-element-e590c8b animated-slow e-flex e-con-boxed elementor-invisible e-con e-parent\" data-id=\"e590c8b\" data-element_type=\"container\" data-e-type=\"container\" data-settings=\"{&quot;background_background&quot;:&quot;classic&quot;,&quot;animation&quot;:&quot;fadeIn&quot;}\">\n\t\t\t\t\t<div class=\"e-con-inner\">\n\t\t<div class=\"elementor-element elementor-element-a0e28c4 e-con-full e-flex e-con e-child\" data-id=\"a0e28c4\" data-element_type=\"container\" data-e-type=\"container\">\n\t\t\t\t<div class=\"elementor-element elementor-element-047da88 elementor-widget elementor-widget-heading\" data-id=\"047da88\" data-element_type=\"widget\" data-e-type=\"widget\" data-widget_type=\"heading.default\">\n\t\t\t\t<div class=\"elementor-widget-container\">\n\t\t\t\t\t<h2 class=\"elementor-heading-title elementor-size-default\">Die S\u00fc\u00dfigkeiten<\/h2>\t\t\t\t<\/div>\n\t\t\t\t<\/div>\n\t\t\t\t<div class=\"elementor-element elementor-element-55fa1be elementor-widget elementor-widget-text-editor\" data-id=\"55fa1be\" data-element_type=\"widget\" data-e-type=\"widget\" data-widget_type=\"text-editor.default\">\n\t\t\t\t<div class=\"elementor-widget-container\">\n\t\t\t\t\t\t\t\t\t<p><em>Cr\u00e8me br\u00fbl\u00e9e mit madagassischen Vanilleschoten. <\/em><\/p><p><em>Oder<\/em><\/p><p><em>Mousse aux echalotes, Crumble expresso. <\/em><\/p><p><em>Oder<\/em><\/p><p><em>Nougatglace, Apfel Kiwi. <\/em><\/p><p><em>Oder<\/em><\/p><p><em>Gariguette-Erdbeersuppe mit belgischem Honigwein, Himbeer-Paprika-Sorbet ;<\/em><\/p><p><em>Oder <\/em><\/p><p><em>Warmer Crottin mit Br\u00fcsseler Honig.<\/em><\/p>\t\t\t\t\t\t\t\t<\/div>\n\t\t\t\t<\/div>\n\t\t\t\t<div class=\"elementor-element elementor-element-ecef21a elementor-widget-divider--view-line elementor-widget elementor-widget-divider\" data-id=\"ecef21a\" data-element_type=\"widget\" data-e-type=\"widget\" data-widget_type=\"divider.default\">\n\t\t\t\t<div class=\"elementor-widget-container\">\n\t\t\t\t\t\t\t<div class=\"elementor-divider\">\n\t\t\t<span class=\"elementor-divider-separator\">\n\t\t\t\t\t\t<\/span>\n\t\t<\/div>\n\t\t\t\t\t\t<\/div>\n\t\t\t\t<\/div>\n\t\t\t\t<div class=\"elementor-element elementor-element-a7bbded elementor-widget elementor-widget-text-editor\" data-id=\"a7bbded\" data-element_type=\"widget\" data-e-type=\"widget\" data-widget_type=\"text-editor.default\">\n\t\t\t\t<div class=\"elementor-widget-container\">\n\t\t\t\t\t\t\t\t\t<p>Dieses Men\u00fc kann gegen 25 \u20ac Aufpreis mit einer halben Flasche Wein pro Person serviert werden.<\/p><p>Vorschlag, Ch\u00e2teau Clauzet 2017, Saint Est\u00e8phe 55\u20ac<\/p>\t\t\t\t\t\t\t\t<\/div>\n\t\t\t\t<\/div>\n\t\t\t\t<\/div>\n\t\t\t\t\t<\/div>\n\t\t\t\t<\/div>\n\t\t<div class=\"elementor-element elementor-element-2f9b6eca e-flex e-con-boxed e-con e-parent\" data-id=\"2f9b6eca\" data-element_type=\"container\" data-e-type=\"container\" data-settings=\"{&quot;background_background&quot;:&quot;classic&quot;}\">\n\t\t\t\t\t<div class=\"e-con-inner\">\n\t\t\t\t<div class=\"elementor-element elementor-element-2898bf3 elementor-widget elementor-widget-heading\" data-id=\"2898bf3\" data-element_type=\"widget\" data-e-type=\"widget\" data-widget_type=\"heading.default\">\n\t\t\t\t<div class=\"elementor-widget-container\">\n\t\t\t\t\t<h2 class=\"elementor-heading-title elementor-size-default\">F\u00fcr Vegetarier<\/h2>\t\t\t\t<\/div>\n\t\t\t\t<\/div>\n\t\t\t\t<div class=\"elementor-element elementor-element-6e4e28e3 elementor-widget elementor-widget-text-editor\" data-id=\"6e4e28e3\" data-element_type=\"widget\" data-e-type=\"widget\" data-widget_type=\"text-editor.default\">\n\t\t\t\t<div class=\"elementor-widget-container\">\n\t\t\t\t\t\t\t\t\t<p>Kein Problem, geben Sie uns Bescheid und unser Chef Olivier passt Ihr Gourmet-Men\u00fc an.<\/p>\t\t\t\t\t\t\t\t<\/div>\n\t\t\t\t<\/div>\n\t\t\t\t\t<\/div>\n\t\t\t\t<\/div>\n\t\t<div class=\"elementor-element elementor-element-9db71e5 e-flex e-con-boxed e-con e-parent\" data-id=\"9db71e5\" data-element_type=\"container\" data-e-type=\"container\" data-settings=\"{&quot;background_background&quot;:&quot;classic&quot;}\">\n\t\t\t\t\t<div class=\"e-con-inner\">\n\t\t\t\t<div class=\"elementor-element elementor-element-4c112b5 elementor-widget elementor-widget-text-editor\" data-id=\"4c112b5\" data-element_type=\"widget\" data-e-type=\"widget\" data-widget_type=\"text-editor.default\">\n\t\t\t\t<div class=\"elementor-widget-container\">\n\t\t\t\t\t\t\t\t\t<p>Sind Sie allergisch? Bitte fragen Sie uns. Informationen \u00fcber kennzeichnungspflichtige Allergene in den Speisen werden Ihnen vom Restaurantpersonal mitgeteilt.<\/p>\t\t\t\t\t\t\t\t<\/div>\n\t\t\t\t<\/div>\n\t\t\t\t\t<\/div>\n\t\t\t\t<\/div>\n\t\t\t\t<\/div>","protected":false},"excerpt":{"rendered":"<p>Menu autographe &#8211; 49 \u20ac &#8211; D\u00e9couverte des saveurs de la gastronomie Les Entr\u00e9es Les croquettes de crevettes grises \u00e9pluch\u00e9es main. Ou Thon rouge, Maki de poireau, Aceto marille. Ou Feuillet\u00e9 ouvert d\u2019asperges de Malines AA, mousseline au champagne. Ou Quenelles de brochet au Monts des Anges, Blanc de blanc, Bulles belges. Ou Jambon de [&hellip;]<\/p>\n","protected":false},"author":1,"featured_media":213,"parent":0,"menu_order":0,"comment_status":"closed","ping_status":"closed","template":"elementor_header_footer","meta":{"footnotes":""},"class_list":["post-975","page","type-page","status-publish","has-post-thumbnail","hentry"],"_links":{"self":[{"href":"https:\/\/www.demauriceaolivier.be\/de\/wp-json\/wp\/v2\/pages\/975","targetHints":{"allow":["GET"]}}],"collection":[{"href":"https:\/\/www.demauriceaolivier.be\/de\/wp-json\/wp\/v2\/pages"}],"about":[{"href":"https:\/\/www.demauriceaolivier.be\/de\/wp-json\/wp\/v2\/types\/page"}],"author":[{"embeddable":true,"href":"https:\/\/www.demauriceaolivier.be\/de\/wp-json\/wp\/v2\/users\/1"}],"replies":[{"embeddable":true,"href":"https:\/\/www.demauriceaolivier.be\/de\/wp-json\/wp\/v2\/comments?post=975"}],"version-history":[{"count":139,"href":"https:\/\/www.demauriceaolivier.be\/de\/wp-json\/wp\/v2\/pages\/975\/revisions"}],"predecessor-version":[{"id":3134,"href":"https:\/\/www.demauriceaolivier.be\/de\/wp-json\/wp\/v2\/pages\/975\/revisions\/3134"}],"wp:featuredmedia":[{"embeddable":true,"href":"https:\/\/www.demauriceaolivier.be\/de\/wp-json\/wp\/v2\/media\/213"}],"wp:attachment":[{"href":"https:\/\/www.demauriceaolivier.be\/de\/wp-json\/wp\/v2\/media?parent=975"}],"curies":[{"name":"wp","href":"https:\/\/api.w.org\/{rel}","templated":true}]}}