{"id":1437,"date":"2023-12-08T09:17:23","date_gmt":"2023-12-08T09:17:23","guid":{"rendered":"https:\/\/www.demauriceaolivier.marketing-virtual-tools.com\/?page_id=1437"},"modified":"2025-09-08T18:41:10","modified_gmt":"2025-09-08T16:41:10","slug":"vins-dalsace","status":"publish","type":"page","link":"https:\/\/www.demauriceaolivier.be\/en\/vins-dalsace\/","title":{"rendered":"Alsace Wines"},"content":{"rendered":"<div data-elementor-type=\"wp-page\" data-elementor-id=\"1437\" class=\"elementor elementor-1437\" data-elementor-post-type=\"page\">\n\t\t\t\t<div class=\"elementor-element elementor-element-278d0881 e-flex e-con-boxed e-con e-parent\" data-id=\"278d0881\" data-element_type=\"container\" data-e-type=\"container\" data-settings=\"{&quot;background_background&quot;:&quot;classic&quot;}\">\n\t\t\t\t\t<div class=\"e-con-inner\">\n\t\t<div class=\"elementor-element elementor-element-53a69197 e-flex e-con-boxed e-con e-child\" data-id=\"53a69197\" data-element_type=\"container\" data-e-type=\"container\">\n\t\t\t\t\t<div class=\"e-con-inner\">\n\t\t\t\t<div class=\"elementor-element elementor-element-227408b1 elementor-widget elementor-widget-heading\" data-id=\"227408b1\" data-element_type=\"widget\" data-e-type=\"widget\" data-widget_type=\"heading.default\">\n\t\t\t\t<div class=\"elementor-widget-container\">\n\t\t\t\t\t<h1 class=\"elementor-heading-title elementor-size-default\">Alsace wines<\/h1>\t\t\t\t<\/div>\n\t\t\t\t<\/div>\n\t\t\t\t<div class=\"elementor-element elementor-element-22187320 elementor-widget elementor-widget-heading\" data-id=\"22187320\" data-element_type=\"widget\" data-e-type=\"widget\" data-widget_type=\"heading.default\">\n\t\t\t\t<div class=\"elementor-widget-container\">\n\t\t\t\t\t<h1 class=\"elementor-heading-title elementor-size-default\">Olivier's cellar<\/h1>\t\t\t\t<\/div>\n\t\t\t\t<\/div>\n\t\t\t\t\t<\/div>\n\t\t\t\t<\/div>\n\t\t\t\t\t<\/div>\n\t\t\t\t<\/div>\n\t\t<div class=\"elementor-element elementor-element-68681e9a animated-slow e-flex e-con-boxed elementor-invisible e-con e-parent\" data-id=\"68681e9a\" data-element_type=\"container\" data-e-type=\"container\" data-settings=\"{&quot;background_background&quot;:&quot;classic&quot;,&quot;animation&quot;:&quot;fadeIn&quot;}\">\n\t\t\t\t\t<div class=\"e-con-inner\">\n\t\t<div class=\"elementor-element elementor-element-6fd9a14 e-con-full e-flex e-con e-child\" data-id=\"6fd9a14\" data-element_type=\"container\" data-e-type=\"container\">\n\t\t\t\t<div class=\"elementor-element elementor-element-9dacf74 elementor-widget elementor-widget-image\" data-id=\"9dacf74\" data-element_type=\"widget\" data-e-type=\"widget\" data-widget_type=\"image.default\">\n\t\t\t\t<div class=\"elementor-widget-container\">\n\t\t\t\t\t\t\t\t\t\t\t\t\t\t\t<img fetchpriority=\"high\" decoding=\"async\" width=\"799\" height=\"533\" src=\"https:\/\/www.demauriceaolivier.be\/wp-content\/uploads\/2024\/01\/de-maurica-a-olivier-cave-a-vin-low-17.jpg\" class=\"attachment-large size-large wp-image-1769\" alt=\"\" srcset=\"https:\/\/www.demauriceaolivier.be\/wp-content\/uploads\/2024\/01\/de-maurica-a-olivier-cave-a-vin-low-17.jpg 799w, https:\/\/www.demauriceaolivier.be\/wp-content\/uploads\/2024\/01\/de-maurica-a-olivier-cave-a-vin-low-17-300x200.jpg 300w, https:\/\/www.demauriceaolivier.be\/wp-content\/uploads\/2024\/01\/de-maurica-a-olivier-cave-a-vin-low-17-768x512.jpg 768w\" sizes=\"(max-width: 799px) 100vw, 799px\" \/>\t\t\t\t\t\t\t\t\t\t\t\t\t\t\t<\/div>\n\t\t\t\t<\/div>\n\t\t\t\t<\/div>\n\t\t<div class=\"elementor-element elementor-element-6f77bf3a e-con-full e-flex e-con e-child\" data-id=\"6f77bf3a\" data-element_type=\"container\" data-e-type=\"container\">\n\t\t\t\t<div class=\"elementor-element elementor-element-1409bc09 elementor-widget elementor-widget-heading\" data-id=\"1409bc09\" data-element_type=\"widget\" data-e-type=\"widget\" data-widget_type=\"heading.default\">\n\t\t\t\t<div class=\"elementor-widget-container\">\n\t\t\t\t\t<h2 class=\"elementor-heading-title elementor-size-default\">Alsace wines<\/h2>\t\t\t\t<\/div>\n\t\t\t\t<\/div>\n\t\t\t\t<div class=\"elementor-element elementor-element-62c58066 elementor-widget elementor-widget-text-editor\" data-id=\"62c58066\" data-element_type=\"widget\" data-e-type=\"widget\" data-widget_type=\"text-editor.default\">\n\t\t\t\t<div class=\"elementor-widget-container\">\n\t\t\t\t\t\t\t\t\t<p>Alsace wines are renowned for their elegance, finesse and complexity. The grape varieties most commonly used to produce these wines are Riesling, Pinot Blanc, Pinot Gris, Gewurztraminer and Muscat. They are often vinified as single varietals, highlighting the unique characteristics of each grape.<\/p><p>Alsace wines are often served with fish, seafood and white meat dishes. They can be enjoyed young or cellar-aged to reveal more complex flavors.<\/p>\t\t\t\t\t\t\t\t<\/div>\n\t\t\t\t<\/div>\n\t\t\t\t<\/div>\n\t\t\t\t\t<\/div>\n\t\t\t\t<\/div>\n\t\t<div class=\"elementor-element elementor-element-12d42b47 e-flex e-con-boxed e-con e-parent\" data-id=\"12d42b47\" data-element_type=\"container\" data-e-type=\"container\" data-settings=\"{&quot;background_background&quot;:&quot;classic&quot;}\">\n\t\t\t\t\t<div class=\"e-con-inner\">\n\t\t\t\t<div class=\"elementor-element elementor-element-34945380 animated-slow elementor-invisible elementor-widget elementor-widget-heading\" data-id=\"34945380\" data-element_type=\"widget\" data-e-type=\"widget\" data-settings=\"{&quot;_animation&quot;:&quot;slideInLeft&quot;}\" data-widget_type=\"heading.default\">\n\t\t\t\t<div class=\"elementor-widget-container\">\n\t\t\t\t\t<h2 class=\"elementor-heading-title elementor-size-default\">Alsace wines<\/h2>\t\t\t\t<\/div>\n\t\t\t\t<\/div>\n\t\t\t\t<div class=\"elementor-element elementor-element-44eb620a elementor-widget elementor-widget-text-editor\" data-id=\"44eb620a\" data-element_type=\"widget\" data-e-type=\"widget\" data-widget_type=\"text-editor.default\">\n\t\t\t\t<div class=\"elementor-widget-container\">\n\t\t\t\t\t\t\t\t\t<p><strong>Regional appellations<\/strong><\/p><table><tbody><tr><td width=\"415\"><p><strong>Alsace white 2022<\/strong><\/p><\/td><td width=\"113\"><p>The bottle<\/p><\/td><td width=\"57\"><p>55 \u20ac<\/p><\/td><\/tr><tr><td width=\"415\"><p><strong>Alsace rouge 2022<\/strong><\/p><\/td><td width=\"113\"><p>The bottle<\/p><\/td><td width=\"57\"><p>60 \u20ac<\/p><\/td><\/tr><\/tbody><\/table><p><strong>Village appellations<\/strong><\/p><table><tbody><tr><td width=\"415\"><p><strong>Riquewhir 2022<\/strong><\/p><\/td><td width=\"113\"><p>The bottle<\/p><\/td><td width=\"57\"><p>70 \u20ac<\/p><\/td><\/tr><tr><td width=\"415\"><p><strong>Zellenberg 2018<\/strong><\/p><\/td><td width=\"113\"><p>The bottle<\/p><\/td><td width=\"57\"><p>70 \u20ac<\/p><\/td><\/tr><tr><td width=\"415\"><p><strong>St Hippolyte <\/strong>(red)<\/p><\/td><td width=\"113\"><p>The bottle<\/p><\/td><td width=\"57\"><p>75 \u20ac<\/p><\/td><\/tr><\/tbody><\/table><p><strong>Late harvests<\/strong><\/p><table><tbody><tr><td width=\"415\"><p><strong>Gewurztraminer 2018<\/strong><\/p><\/td><td width=\"113\"><p>The bottle<\/p><\/td><td width=\"57\"><p>120\u20ac<\/p><\/td><\/tr><\/tbody><\/table><p><strong>Les premiers crus<\/strong><\/p><table><tbody><tr><td width=\"415\"><p><strong>Langenberg 2018<\/strong><\/p><\/td><td width=\"113\"><p>The bottle<\/p><\/td><td width=\"57\"><p>85\u20ac<\/p><\/td><\/tr><tr><td width=\"415\"><p><strong>Shoffweg 2016<\/strong><\/p><\/td><td width=\"113\"><p>The bottle<\/p><\/td><td width=\"57\"><p>105\u20ac<\/p><\/td><\/tr><tr><td width=\"415\"><p><strong>Burg 2015<\/strong><\/p><\/td><td width=\"113\"><p>The bottle<\/p><\/td><td width=\"57\"><p>105\u20ac<\/p><\/td><\/tr><\/tbody><\/table><p><strong>Les grands crus<\/strong><\/p><table><tbody><tr><td width=\"415\"><p><strong>Altenberg de Bergheim 2016<\/strong><\/p><\/td><td width=\"113\"><p>The bottle<\/p><\/td><td width=\"57\"><p>145\u20ac<\/p><\/td><\/tr><tr><td width=\"415\"><p><strong>Mambourg 2018<\/strong><\/p><\/td><td width=\"113\"><p>The bottle<\/p><\/td><td width=\"57\"><p>145\u20ac<\/p><\/td><\/tr><tr><td width=\"415\"><p><strong>Schoenenbourg 2014<\/strong><\/p><\/td><td width=\"113\"><p>The bottle<\/p><\/td><td width=\"57\"><p>145\u20ac<\/p><\/td><\/tr><\/tbody><\/table><p><strong>Domaine Weinbach Faller<\/strong><\/p><table><tbody><tr><td width=\"415\"><p><strong>Pinot blanc 2022<\/strong><\/p><\/td><td width=\"113\"><p>The bottle<\/p><\/td><td width=\"57\"><p>55 \u20ac<\/p><\/td><\/tr><tr><td width=\"415\"><p><strong>Pinot Gris Clos des Capucins 2022<\/strong><\/p><\/td><td width=\"113\"><p>The bottle<\/p><\/td><td width=\"57\"><p>70 \u20ac<\/p><\/td><\/tr><tr><td width=\"415\"><p><strong>Riesling Cuv\u00e9e Th\u00e9o 2022<\/strong><\/p><\/td><td width=\"113\"><p>The bottle<\/p><\/td><td width=\"57\"><p>80 \u20ac<\/p><\/td><\/tr><tr><td width=\"415\"><p><strong>Riesling Cuv\u00e9e Colette 2022<\/strong><\/p><\/td><td width=\"113\"><p>The bottle<\/p><\/td><td width=\"57\"><p>95 \u20ac<\/p><\/td><\/tr><tr><td width=\"415\"><p><strong>Riesling Altenbourg 2021 <\/strong><\/p><\/td><td width=\"113\"><p>The bottle<\/p><\/td><td width=\"57\"><p>115 \u20ac<\/p><\/td><\/tr><tr><td width=\"415\"><p><strong>Riesling Schlossberg Grand cru 2020<\/strong><\/p><\/td><td width=\"113\"><p>The bottle<\/p><\/td><td width=\"57\"><p>125 \u20ac<\/p><\/td><\/tr><tr><td width=\"415\"><p><strong>Gew\u00fcrztraminer Les Treilles de loup 2022<\/strong><\/p><\/td><td width=\"113\"><p>The bottle<\/p><\/td><td width=\"57\"><p>75 \u20ac<\/p><\/td><\/tr><tr><td width=\"415\"><p><strong>Gew\u00fcrztraminer Furtensum Grand cru 2019<\/strong><\/p><\/td><td width=\"113\"><p>The bottle<\/p><\/td><td width=\"57\"><p>125 \u20ac<\/p><\/td><\/tr><tr><td width=\"415\"><p><strong>Muscat 2021<\/strong><\/p><\/td><td width=\"113\"><p>The bottle<\/p><\/td><td width=\"57\"><p>75 \u20ac<\/p><\/td><\/tr><\/tbody><\/table><p><strong>Domaine Ostertag<\/strong><\/p><p>Fruit wines<\/p><table><tbody><tr><td width=\"415\"><p><strong>Sylvaner Vieilles vignes 2020<\/strong><\/p><\/td><td width=\"113\"><p>The bottle<\/p><\/td><td width=\"57\"><p>50 \u20ac<\/p><\/td><\/tr><tr><td width=\"415\"><p><strong>Pinot blanc \u00abLes Jardins\u00bb 2020<\/strong><\/p><\/td><td width=\"113\"><p>The bottle<\/p><\/td><td width=\"57\"><p>50 \u20ac<\/p><\/td><\/tr><tr><td width=\"415\"><p><strong>Pinot blanc 2019 \u00abBarriques\u00bb 2014<\/strong><\/p><\/td><td width=\"113\"><p>The bottle<\/p><\/td><td width=\"57\"><p>50 \u20ac<\/p><\/td><\/tr><tr><td width=\"415\"><p><strong>Pinot gris \u00abBariques\u00bb 2012<\/strong><\/p><\/td><td width=\"113\"><p>The bottle<\/p><\/td><td width=\"57\"><p>50 \u20ac<\/p><\/td><\/tr><tr><td width=\"415\"><p><strong>Riesling \u00abLes jardins\u00bb 2021<\/strong><\/p><\/td><td width=\"113\"><p>The bottle<\/p><\/td><td width=\"57\"><p>55 \u20ac<\/p><\/td><\/tr><tr><td width=\"415\"><p><strong>Pinot noir \u00abLes Jardins\u00bb 2021<\/strong><\/p><\/td><td width=\"113\"><p>The bottle<\/p><\/td><td width=\"57\"><p>55 \u20ac<\/p><\/td><\/tr><\/tbody><\/table><p><strong>Domaine A&amp;C Sparr<\/strong><\/p><table><tbody><tr><td width=\"415\"><p><strong>Pinot blanc Pens\u00e9e 2021<\/strong><\/p><\/td><td width=\"113\"><p>The bottle<\/p><\/td><td width=\"57\"><p>55 \u20ac<\/p><\/td><\/tr><tr><td width=\"415\"><p><strong>Pinot Gris Sensation 2020<\/strong><\/p><\/td><td width=\"113\"><p>The bottle<\/p><\/td><td width=\"57\"><p>55 \u20ac<\/p><\/td><\/tr><tr><td width=\"415\"><p><strong>Riesling Sentiment 2020<\/strong><\/p><\/td><td width=\"113\"><p>The bottle<\/p><\/td><td width=\"57\"><p>55 \u20ac<\/p><\/td><\/tr><tr><td width=\"415\"><p><strong>Riesling Altenbourg 2021<\/strong><\/p><\/td><td width=\"113\"><p>The bottle<\/p><\/td><td width=\"57\"><p>75 \u20ac<\/p><\/td><\/tr><tr><td width=\"415\"><p><strong>Riesling Brand GC L\u00e9gende 2020<\/strong><\/p><\/td><td width=\"113\"><p>The bottle<\/p><\/td><td width=\"57\"><p>95 \u20ac<\/p><\/td><\/tr><tr><td width=\"415\"><p><strong>Pinot noir Carpe diem 2021<\/strong><\/p><\/td><td width=\"113\"><p>The bottle<\/p><\/td><td width=\"57\"><p>75 \u20ac<\/p><\/td><\/tr><tr><td width=\"415\"><p><strong>Pinot noir Mambourg GC Amour forbidden 2021<\/strong><\/p><\/td><td width=\"113\"><p>The bottle<\/p><\/td><td width=\"57\"><p>95 \u20ac<\/p><\/td><\/tr><\/tbody><\/table><p><strong>Domaine Mur\u00e9 Clos Saint Landelin<\/strong><\/p><p>Grape varieties and terroirs<\/p><table><tbody><tr><td width=\"415\"><p><strong>Alsace Les c\u00e9pages 2022<\/strong><\/p><\/td><td width=\"113\"><p>The bottle<\/p><\/td><td width=\"57\"><p>35 \u20ac<\/p><\/td><\/tr><tr><td width=\"415\"><p><strong>Pinot blanc Les Iris 2022<\/strong><\/p><\/td><td width=\"113\"><p>The bottle<\/p><\/td><td width=\"57\"><p>35 \u20ac<\/p><\/td><\/tr><tr><td width=\"415\"><p><strong>Pinot Gris Les pierres S\u00e8ches 2023<\/strong><\/p><\/td><td width=\"113\"><p>The bottle<\/p><\/td><td width=\"57\"><p>45 \u20ac<\/p><\/td><\/tr><tr><td width=\"415\"><p><strong>Riesling Yellow Limestone 2022<\/strong><\/p><\/td><td width=\"113\"><p>The bottle<\/p><\/td><td width=\"57\"><p>50 \u20ac<\/p><\/td><\/tr><tr><td width=\"415\"><p><strong>Gewurztraminer Wild Orchids 2022<\/strong><\/p><\/td><td width=\"113\"><p>The bottle<\/p><\/td><td width=\"57\"><p>50 \u20ac<\/p><\/td><\/tr><tr><td width=\"415\"><p><strong>Pinot noir Les argiles rouges 2023<\/strong><\/p><\/td><td width=\"113\"><p>The bottle<\/p><\/td><td width=\"57\"><p>60 \u20ac<\/p><\/td><\/tr><\/tbody><\/table><p>Rouffach side<\/p><table><tbody><tr><td width=\"415\"><p><strong>Pinot Noir 2020<\/strong><\/p><\/td><td width=\"113\"><p>The bottle<\/p><\/td><td width=\"57\"><p>60 \u20ac<\/p><\/td><\/tr><tr><td width=\"415\"><p><strong>Pinot Gris 2021<\/strong><\/p><\/td><td width=\"113\"><p>The bottle<\/p><\/td><td width=\"57\"><p>60 \u20ac<\/p><\/td><\/tr><tr><td width=\"415\"><p><strong>Riesling 2022<\/strong><\/p><\/td><td width=\"113\"><p>The bottle<\/p><\/td><td width=\"57\"><p>60 \u20ac<\/p><\/td><\/tr><\/tbody><\/table><p><strong>Lorentz estate<\/strong><\/p><table><tbody><tr><td width=\"415\"><p><strong>Riesling Evidence 2016<\/strong><\/p><\/td><td width=\"113\"><p>The bottle<\/p><\/td><td width=\"57\"><p>45 \u20ac<\/p><\/td><\/tr><tr><td width=\"415\"><p><strong>Pinot blanc Evidence 2020 R\u00e9serve<\/strong><\/p><\/td><td width=\"113\"><p>The bottle<\/p><\/td><td width=\"57\"><p>40 \u20ac<\/p><\/td><\/tr><tr><td width=\"415\"><p><strong>Pinot gris Evidence 2021<\/strong><\/p><\/td><td width=\"113\"><p>The bottle<\/p><\/td><td width=\"57\"><p>45 \u20ac<\/p><\/td><\/tr><tr><td width=\"415\"><p><strong>Pinot noir Evidence 2018<\/strong><\/p><\/td><td width=\"113\"><p>The bottle<\/p><\/td><td width=\"57\"><p>45 \u20ac<\/p><\/td><\/tr><tr><td width=\"415\"><p><strong>Gewurztraminer Evidence 2018 Reserve<\/strong><\/p><\/td><td width=\"113\"><p>The bottle<\/p><\/td><td width=\"57\"><p>45 \u20ac<\/p><\/td><\/tr><tr><td width=\"415\"><p><strong>Who would have thought it? Orange wine 2020 <\/strong><\/p><\/td><td width=\"113\"><p>The bottle<\/p><\/td><td width=\"57\"><p>45 \u20ac<\/p><\/td><\/tr><tr><td width=\"415\"><p><strong>Pinot gris Grand cru Kanzlerberg 2011<\/strong><\/p><\/td><td width=\"113\"><p>The bottle<\/p><\/td><td width=\"57\"><p>65 \u20ac<\/p><\/td><\/tr><\/tbody><\/table>\t\t\t\t\t\t\t\t<\/div>\n\t\t\t\t<\/div>\n\t\t\t\t\t<\/div>\n\t\t\t\t<\/div>\n\t\t\t\t<\/div>","protected":false},"excerpt":{"rendered":"<p>Les vins d&rsquo;Alsace La cave d&rsquo;Olivier Les vins d&rsquo;Alsace Les vins d&rsquo;Alsace sont connus pour leur \u00e9l\u00e9gance, leur finesse et leur complexit\u00e9. Les c\u00e9pages les plus couramment utilis\u00e9s pour produire ces vins sont le riesling, le pinot blanc, le pinot gris, le gewurztraminer et le muscat. Ils sont souvent vinifi\u00e9s en mono-c\u00e9page, mettant en valeur [&hellip;]<\/p>\n","protected":false},"author":1,"featured_media":0,"parent":0,"menu_order":0,"comment_status":"closed","ping_status":"closed","template":"elementor_header_footer","meta":{"footnotes":""},"class_list":["post-1437","page","type-page","status-publish","hentry"],"_links":{"self":[{"href":"https:\/\/www.demauriceaolivier.be\/en\/wp-json\/wp\/v2\/pages\/1437","targetHints":{"allow":["GET"]}}],"collection":[{"href":"https:\/\/www.demauriceaolivier.be\/en\/wp-json\/wp\/v2\/pages"}],"about":[{"href":"https:\/\/www.demauriceaolivier.be\/en\/wp-json\/wp\/v2\/types\/page"}],"author":[{"embeddable":true,"href":"https:\/\/www.demauriceaolivier.be\/en\/wp-json\/wp\/v2\/users\/1"}],"replies":[{"embeddable":true,"href":"https:\/\/www.demauriceaolivier.be\/en\/wp-json\/wp\/v2\/comments?post=1437"}],"version-history":[{"count":38,"href":"https:\/\/www.demauriceaolivier.be\/en\/wp-json\/wp\/v2\/pages\/1437\/revisions"}],"predecessor-version":[{"id":2933,"href":"https:\/\/www.demauriceaolivier.be\/en\/wp-json\/wp\/v2\/pages\/1437\/revisions\/2933"}],"wp:attachment":[{"href":"https:\/\/www.demauriceaolivier.be\/en\/wp-json\/wp\/v2\/media?parent=1437"}],"curies":[{"name":"wp","href":"https:\/\/api.w.org\/{rel}","templated":true}]}}