{"id":16,"date":"2023-11-16T16:30:17","date_gmt":"2023-11-16T16:30:17","guid":{"rendered":"https:\/\/www.demauriceaolivier.marketing-virtual-tools.com\/?page_id=16"},"modified":"2026-02-06T10:36:30","modified_gmt":"2026-02-06T09:36:30","slug":"accueil","status":"publish","type":"page","link":"https:\/\/www.demauriceaolivier.be\/nl\/","title":{"rendered":"Home"},"content":{"rendered":"<div data-elementor-type=\"wp-page\" data-elementor-id=\"16\" class=\"elementor elementor-16\" data-elementor-post-type=\"page\">\n\t\t\t\t<div class=\"elementor-element elementor-element-2e81ff1b e-flex e-con-boxed e-con e-parent\" data-id=\"2e81ff1b\" data-element_type=\"container\" data-e-type=\"container\" data-settings=\"{&quot;background_background&quot;:&quot;classic&quot;}\">\n\t\t\t\t\t<div class=\"e-con-inner\">\n\t\t<div class=\"elementor-element elementor-element-d2acc60 e-flex e-con-boxed e-con e-child\" data-id=\"d2acc60\" data-element_type=\"container\" data-e-type=\"container\">\n\t\t\t\t\t<div class=\"e-con-inner\">\n\t\t\t\t<div class=\"elementor-element elementor-element-0443b29 elementor-widget elementor-widget-heading\" data-id=\"0443b29\" data-element_type=\"widget\" data-e-type=\"widget\" data-widget_type=\"heading.default\">\n\t\t\t\t<div class=\"elementor-widget-container\">\n\t\t\t\t\t<h1 class=\"elementor-heading-title elementor-size-default\">Gastronomisch restaurant Brussel<\/h1>\t\t\t\t<\/div>\n\t\t\t\t<\/div>\n\t\t\t\t<div class=\"elementor-element elementor-element-43929bc elementor-widget elementor-widget-heading\" data-id=\"43929bc\" data-element_type=\"widget\" data-e-type=\"widget\" data-widget_type=\"heading.default\">\n\t\t\t\t<div class=\"elementor-widget-container\">\n\t\t\t\t\t<h2 class=\"elementor-heading-title elementor-size-default\">&amp; Vertrouwelijk<\/h2>\t\t\t\t<\/div>\n\t\t\t\t<\/div>\n\t\t\t\t\t<\/div>\n\t\t\t\t<\/div>\n\t\t\t\t\t<\/div>\n\t\t\t\t<\/div>\n\t\t<div class=\"elementor-element elementor-element-4c13c6c animated-slow e-flex e-con-boxed elementor-invisible e-con e-parent\" data-id=\"4c13c6c\" data-element_type=\"container\" data-e-type=\"container\" data-settings=\"{&quot;background_background&quot;:&quot;classic&quot;,&quot;animation&quot;:&quot;fadeIn&quot;}\">\n\t\t\t\t\t<div class=\"e-con-inner\">\n\t\t<div class=\"elementor-element elementor-element-e3eeba1 e-con-full e-flex e-con e-child\" data-id=\"e3eeba1\" data-element_type=\"container\" data-e-type=\"container\">\n\t\t\t\t<div class=\"elementor-element elementor-element-7151146 elementor-widget elementor-widget-image\" data-id=\"7151146\" data-element_type=\"widget\" data-e-type=\"widget\" data-widget_type=\"image.default\">\n\t\t\t\t<div class=\"elementor-widget-container\">\n\t\t\t\t\t\t\t\t\t\t\t\t\t\t\t<img fetchpriority=\"high\" decoding=\"async\" width=\"768\" height=\"512\" src=\"https:\/\/www.demauriceaolivier.be\/wp-content\/uploads\/2023\/11\/de-maurice-a-olivier-low-01-126-768x512.jpg\" class=\"attachment-medium_large size-medium_large wp-image-197\" alt=\"gastronomisch restaurant brussel\" srcset=\"https:\/\/www.demauriceaolivier.be\/wp-content\/uploads\/2023\/11\/de-maurice-a-olivier-low-01-126-768x512.jpg 768w, https:\/\/www.demauriceaolivier.be\/wp-content\/uploads\/2023\/11\/de-maurice-a-olivier-low-01-126-300x200.jpg 300w, https:\/\/www.demauriceaolivier.be\/wp-content\/uploads\/2023\/11\/de-maurice-a-olivier-low-01-126.jpg 800w\" sizes=\"(max-width: 768px) 100vw, 768px\" \/>\t\t\t\t\t\t\t\t\t\t\t\t\t\t\t<\/div>\n\t\t\t\t<\/div>\n\t\t\t\t<\/div>\n\t\t<div class=\"elementor-element elementor-element-4bb633c e-con-full e-flex e-con e-child\" data-id=\"4bb633c\" data-element_type=\"container\" data-e-type=\"container\">\n\t\t\t\t<div class=\"elementor-element elementor-element-8941ca2 elementor-widget elementor-widget-heading\" data-id=\"8941ca2\" data-element_type=\"widget\" data-e-type=\"widget\" data-widget_type=\"heading.default\">\n\t\t\t\t<div class=\"elementor-widget-container\">\n\t\t\t\t\t<h2 class=\"elementor-heading-title elementor-size-default\">Restaurant Gastronomique Bruxelles - De enige vertrouwelijke<\/h2>\t\t\t\t<\/div>\n\t\t\t\t<\/div>\n\t\t\t\t<div class=\"elementor-element elementor-element-fc1830e elementor-widget elementor-widget-text-editor\" data-id=\"fc1830e\" data-element_type=\"widget\" data-e-type=\"widget\" data-widget_type=\"text-editor.default\">\n\t\t\t\t<div class=\"elementor-widget-container\">\n\t\t\t\t\t\t\t\t\t<p>Het enige vertrouwelijke gastronomische restaurant in zijn soort in Brussel. Het is een exclusieve plek, gereserveerd voor insiders die houden van een keuken van hoge kwaliteit en een gastronomische ervaring. De keuken van Olivier is creatief en inventief en biedt smakelijke en verfijnde gerechten die zelfs de meest veeleisende fijnproever zullen bekoren. Het restaurant De Maurice \u00e0 Olivier bevindt zich in Woluwe en is smaakvol ingericht voor een elegante ambiance. Gasten worden met de grootste zorg behandeld en genieten van discrete en attente service. Als u op zoek bent naar een unieke culinaire ervaring in Brussel, dan is ons restaurant een must voor alle fijnproevers.<\/p>\t\t\t\t\t\t\t\t<\/div>\n\t\t\t\t<\/div>\n\t\t\t\t<\/div>\n\t\t\t\t\t<\/div>\n\t\t\t\t<\/div>\n\t\t<div class=\"elementor-element elementor-element-46a2a0a animated-slow e-flex e-con-boxed elementor-invisible e-con e-parent\" data-id=\"46a2a0a\" data-element_type=\"container\" data-e-type=\"container\" data-settings=\"{&quot;background_background&quot;:&quot;classic&quot;,&quot;animation&quot;:&quot;fadeIn&quot;}\">\n\t\t\t\t\t<div class=\"e-con-inner\">\n\t\t<div class=\"elementor-element elementor-element-cbf528b e-con-full e-flex e-con e-child\" data-id=\"cbf528b\" data-element_type=\"container\" data-e-type=\"container\">\n\t\t\t\t<div class=\"elementor-element elementor-element-491f0d1 elementor-widget elementor-widget-heading\" data-id=\"491f0d1\" data-element_type=\"widget\" data-e-type=\"widget\" data-widget_type=\"heading.default\">\n\t\t\t\t<div class=\"elementor-widget-container\">\n\t\t\t\t\t<h3 class=\"elementor-heading-title elementor-size-default\">Een restaurant waar elk detail telt<\/h3>\t\t\t\t<\/div>\n\t\t\t\t<\/div>\n\t\t\t\t<div class=\"elementor-element elementor-element-d86c80b elementor-widget elementor-widget-text-editor\" data-id=\"d86c80b\" data-element_type=\"widget\" data-e-type=\"widget\" data-widget_type=\"text-editor.default\">\n\t\t\t\t<div class=\"elementor-widget-container\">\n\t\t\t\t\t\t\t\t\t<p>Ons restaurant hecht veel belang aan elk detail. Zo gebruiken we bijvoorbeeld zorgvuldig geselecteerde borden die ge\u00efllustreerd en gesigneerd zijn door de beroemde schilder Marc Chagall. Zodra je bij ons aan tafel zit, zul je merken dat over elk aspect zorgvuldig is nagedacht om je een onvergetelijke eetervaring te bieden.<\/p>\t\t\t\t\t\t\t\t<\/div>\n\t\t\t\t<\/div>\n\t\t\t\t<\/div>\n\t\t<div class=\"elementor-element elementor-element-9ab5905 e-con-full e-flex e-con e-child\" data-id=\"9ab5905\" data-element_type=\"container\" data-e-type=\"container\">\n\t\t\t\t<div class=\"elementor-element elementor-element-0d4853a elementor-widget elementor-widget-image\" data-id=\"0d4853a\" data-element_type=\"widget\" data-e-type=\"widget\" data-widget_type=\"image.default\">\n\t\t\t\t<div class=\"elementor-widget-container\">\n\t\t\t\t\t\t\t\t\t\t\t\t\t\t\t<img decoding=\"async\" width=\"768\" height=\"511\" src=\"https:\/\/www.demauriceaolivier.be\/wp-content\/uploads\/2026\/02\/de-maurice-a-olivier-images-2025-18-768x511.webp\" class=\"attachment-medium_large size-medium_large wp-image-3079\" alt=\"\" srcset=\"https:\/\/www.demauriceaolivier.be\/wp-content\/uploads\/2026\/02\/de-maurice-a-olivier-images-2025-18-768x511.webp 768w, https:\/\/www.demauriceaolivier.be\/wp-content\/uploads\/2026\/02\/de-maurice-a-olivier-images-2025-18-300x200.webp 300w, https:\/\/www.demauriceaolivier.be\/wp-content\/uploads\/2026\/02\/de-maurice-a-olivier-images-2025-18-18x12.webp 18w, https:\/\/www.demauriceaolivier.be\/wp-content\/uploads\/2026\/02\/de-maurice-a-olivier-images-2025-18.webp 1000w\" sizes=\"(max-width: 768px) 100vw, 768px\" \/>\t\t\t\t\t\t\t\t\t\t\t\t\t\t\t<\/div>\n\t\t\t\t<\/div>\n\t\t\t\t<\/div>\n\t\t\t\t\t<\/div>\n\t\t\t\t<\/div>\n\t\t<div class=\"elementor-element elementor-element-5b45e0f animated-slow e-flex e-con-boxed elementor-invisible e-con e-parent\" data-id=\"5b45e0f\" data-element_type=\"container\" data-e-type=\"container\" data-settings=\"{&quot;background_background&quot;:&quot;classic&quot;,&quot;animation&quot;:&quot;fadeIn&quot;}\">\n\t\t\t\t\t<div class=\"e-con-inner\">\n\t\t<div class=\"elementor-element elementor-element-c2256ca e-con-full e-flex e-con e-child\" data-id=\"c2256ca\" data-element_type=\"container\" data-e-type=\"container\">\n\t\t\t\t<div class=\"elementor-element elementor-element-23af517 elementor-widget elementor-widget-image\" data-id=\"23af517\" data-element_type=\"widget\" data-e-type=\"widget\" data-widget_type=\"image.default\">\n\t\t\t\t<div class=\"elementor-widget-container\">\n\t\t\t\t\t\t\t\t\t\t\t\t\t\t\t\t<a href=\"https:\/\/www.demauriceaolivier.be\/nl\/onze-geschiedenis\/\">\n\t\t\t\t\t\t\t<img decoding=\"async\" width=\"800\" height=\"533\" src=\"https:\/\/www.demauriceaolivier.be\/wp-content\/uploads\/2023\/11\/de-maurice-a-olivier-low-01-248.jpg\" class=\"attachment-large size-large wp-image-319\" alt=\"\" srcset=\"https:\/\/www.demauriceaolivier.be\/wp-content\/uploads\/2023\/11\/de-maurice-a-olivier-low-01-248.jpg 800w, https:\/\/www.demauriceaolivier.be\/wp-content\/uploads\/2023\/11\/de-maurice-a-olivier-low-01-248-300x200.jpg 300w, https:\/\/www.demauriceaolivier.be\/wp-content\/uploads\/2023\/11\/de-maurice-a-olivier-low-01-248-768x512.jpg 768w\" sizes=\"(max-width: 800px) 100vw, 800px\" \/>\t\t\t\t\t\t\t\t<\/a>\n\t\t\t\t\t\t\t\t\t\t\t\t\t\t\t<\/div>\n\t\t\t\t<\/div>\n\t\t\t\t<\/div>\n\t\t<div class=\"elementor-element elementor-element-584bed7 e-con-full e-flex e-con e-child\" data-id=\"584bed7\" data-element_type=\"container\" data-e-type=\"container\">\n\t\t\t\t<div class=\"elementor-element elementor-element-f428f51 elementor-widget elementor-widget-heading\" data-id=\"f428f51\" data-element_type=\"widget\" data-e-type=\"widget\" data-widget_type=\"heading.default\">\n\t\t\t\t<div class=\"elementor-widget-container\">\n\t\t\t\t\t<h2 class=\"elementor-heading-title elementor-size-default\">De keuken van Olivier<\/h2>\t\t\t\t<\/div>\n\t\t\t\t<\/div>\n\t\t\t\t<div class=\"elementor-element elementor-element-94489c7 elementor-widget elementor-widget-text-editor\" data-id=\"94489c7\" data-element_type=\"widget\" data-e-type=\"widget\" data-widget_type=\"text-editor.default\">\n\t\t\t\t<div class=\"elementor-widget-container\">\n\t\t\t\t\t\t\t\t\t<p>We zijn trots en verheugd om onze chef-kok Olivier voor te stellen, een echte kenner van de culinaire kunsten. Met een passie voor gastronomie die verwant is aan de liefde van een kunstenaar voor zijn vak, selecteert hij nauwgezet de beste ingredi\u00ebnten van hoge kwaliteit van de meest gerenommeerde leveranciers. Zijn zoektocht naar uitmuntendheid en perfectie is duidelijk zichtbaar in de unieke en creatieve gerechten die hij cre\u00ebert, en hij is voortdurend op zoek naar spannende nieuwe smaken om uw smaakpapillen te prikkelen.\u00a0<\/p>\t\t\t\t\t\t\t\t<\/div>\n\t\t\t\t<\/div>\n\t\t\t\t<div class=\"elementor-element elementor-element-6dc40b1 elementor-widget elementor-widget-text-editor\" data-id=\"6dc40b1\" data-element_type=\"widget\" data-e-type=\"widget\" data-widget_type=\"text-editor.default\">\n\t\t\t\t<div class=\"elementor-widget-container\">\n\t\t\t\t\t\t\t\t\t<p>In zijn gastronomische restaurant in Brussel ontdek je een unieke culinaire reis, waar elk gerecht een kunstwerk is dat met liefde is gemaakt en gepresenteerd, met alleen de beste ingredi\u00ebnten en technieken. Laat onze chef-kok Olivier u meenemen op een onvergetelijk gastronomisch avontuur dat al uw zintuigen zal verrukken en inspireren.<\/p>\t\t\t\t\t\t\t\t<\/div>\n\t\t\t\t<\/div>\n\t\t\t\t<\/div>\n\t\t\t\t\t<\/div>\n\t\t\t\t<\/div>\n\t\t<div class=\"elementor-element elementor-element-0b91d26 animated-slow e-flex e-con-boxed elementor-invisible e-con e-parent\" data-id=\"0b91d26\" data-element_type=\"container\" data-e-type=\"container\" data-settings=\"{&quot;background_background&quot;:&quot;classic&quot;,&quot;animation&quot;:&quot;fadeIn&quot;}\">\n\t\t\t\t\t<div class=\"e-con-inner\">\n\t\t<div class=\"elementor-element elementor-element-a0418a4 e-con-full e-flex e-con e-child\" data-id=\"a0418a4\" data-element_type=\"container\" data-e-type=\"container\">\n\t\t\t\t<div class=\"elementor-element elementor-element-420467d elementor-widget elementor-widget-heading\" data-id=\"420467d\" data-element_type=\"widget\" data-e-type=\"widget\" data-widget_type=\"heading.default\">\n\t\t\t\t<div class=\"elementor-widget-container\">\n\t\t\t\t\t<h3 class=\"elementor-heading-title elementor-size-default\">Een uniek gastronomisch restaurant in Brussel<\/h3>\t\t\t\t<\/div>\n\t\t\t\t<\/div>\n\t\t\t\t<div class=\"elementor-element elementor-element-a2c2428 elementor-widget elementor-widget-text-editor\" data-id=\"a2c2428\" data-element_type=\"widget\" data-e-type=\"widget\" data-widget_type=\"text-editor.default\">\n\t\t\t\t<div class=\"elementor-widget-container\">\n\t\t\t\t\t\t\t\t\t<p>Het restaurant zit verborgen achter de boekwinkel, achter het eerste deel van de wijnkelder. Chef Olivier wilde de sfeer van een Parijse brasserie cre\u00ebren en bracht zelfs een aantal decoratieve elementen rechtstreeks uit Parijs mee. Hij wilde echter ook een paar Belgische accenten toevoegen, zoals een prachtig origineel werk van Philippe Geluck. De sfeer in het restaurant is gezellig en warm, met een vleugje verfijning.<\/p>\t\t\t\t\t\t\t\t<\/div>\n\t\t\t\t<\/div>\n\t\t\t\t<\/div>\n\t\t<div class=\"elementor-element elementor-element-68a22f1 e-con-full e-flex e-con e-child\" data-id=\"68a22f1\" data-element_type=\"container\" data-e-type=\"container\">\n\t\t\t\t<div class=\"elementor-element elementor-element-0b0fc78 elementor-widget elementor-widget-image\" data-id=\"0b0fc78\" data-element_type=\"widget\" data-e-type=\"widget\" data-widget_type=\"image.default\">\n\t\t\t\t<div class=\"elementor-widget-container\">\n\t\t\t\t\t\t\t\t\t\t\t\t\t\t\t<img loading=\"lazy\" decoding=\"async\" width=\"800\" height=\"533\" src=\"https:\/\/www.demauriceaolivier.be\/wp-content\/uploads\/2023\/11\/de-maurice-a-olivier-low-02-27.jpg\" class=\"attachment-large size-large wp-image-347\" alt=\"\" srcset=\"https:\/\/www.demauriceaolivier.be\/wp-content\/uploads\/2023\/11\/de-maurice-a-olivier-low-02-27.jpg 800w, https:\/\/www.demauriceaolivier.be\/wp-content\/uploads\/2023\/11\/de-maurice-a-olivier-low-02-27-300x200.jpg 300w, https:\/\/www.demauriceaolivier.be\/wp-content\/uploads\/2023\/11\/de-maurice-a-olivier-low-02-27-768x512.jpg 768w\" sizes=\"(max-width: 800px) 100vw, 800px\" \/>\t\t\t\t\t\t\t\t\t\t\t\t\t\t\t<\/div>\n\t\t\t\t<\/div>\n\t\t\t\t<\/div>\n\t\t\t\t\t<\/div>\n\t\t\t\t<\/div>\n\t\t<div class=\"elementor-element elementor-element-6c8628a animated-slow e-flex e-con-boxed elementor-invisible e-con e-parent\" data-id=\"6c8628a\" data-element_type=\"container\" data-e-type=\"container\" data-settings=\"{&quot;background_background&quot;:&quot;classic&quot;,&quot;animation&quot;:&quot;fadeIn&quot;}\">\n\t\t\t\t\t<div class=\"e-con-inner\">\n\t\t<div class=\"elementor-element elementor-element-b8cd1bb e-con-full e-flex e-con e-child\" data-id=\"b8cd1bb\" data-element_type=\"container\" data-e-type=\"container\">\n\t\t\t\t<div class=\"elementor-element elementor-element-9c0c589 elementor-widget elementor-widget-image\" data-id=\"9c0c589\" data-element_type=\"widget\" data-e-type=\"widget\" data-widget_type=\"image.default\">\n\t\t\t\t<div class=\"elementor-widget-container\">\n\t\t\t\t\t\t\t\t\t\t\t\t\t\t\t\t<a href=\"https:\/\/www.demauriceaolivier.be\/nl\/wijnkaart\/\">\n\t\t\t\t\t\t\t<img loading=\"lazy\" decoding=\"async\" width=\"799\" height=\"533\" src=\"https:\/\/www.demauriceaolivier.be\/wp-content\/uploads\/2024\/01\/de-maurica-a-olivier-cave-a-vin-low-18.jpg\" class=\"attachment-large size-large wp-image-1770\" alt=\"\" srcset=\"https:\/\/www.demauriceaolivier.be\/wp-content\/uploads\/2024\/01\/de-maurica-a-olivier-cave-a-vin-low-18.jpg 799w, https:\/\/www.demauriceaolivier.be\/wp-content\/uploads\/2024\/01\/de-maurica-a-olivier-cave-a-vin-low-18-300x200.jpg 300w, https:\/\/www.demauriceaolivier.be\/wp-content\/uploads\/2024\/01\/de-maurica-a-olivier-cave-a-vin-low-18-768x512.jpg 768w\" sizes=\"(max-width: 799px) 100vw, 799px\" \/>\t\t\t\t\t\t\t\t<\/a>\n\t\t\t\t\t\t\t\t\t\t\t\t\t\t\t<\/div>\n\t\t\t\t<\/div>\n\t\t\t\t<\/div>\n\t\t<div class=\"elementor-element elementor-element-ba409b3 e-con-full e-flex e-con e-child\" data-id=\"ba409b3\" data-element_type=\"container\" data-e-type=\"container\">\n\t\t\t\t<div class=\"elementor-element elementor-element-82ca214 elementor-widget elementor-widget-heading\" data-id=\"82ca214\" data-element_type=\"widget\" data-e-type=\"widget\" data-widget_type=\"heading.default\">\n\t\t\t\t<div class=\"elementor-widget-container\">\n\t\t\t\t\t<h2 class=\"elementor-heading-title elementor-size-default\">De Grot van Olivier<\/h2>\t\t\t\t<\/div>\n\t\t\t\t<\/div>\n\t\t\t\t<div class=\"elementor-element elementor-element-c2a45df elementor-widget elementor-widget-text-editor\" data-id=\"c2a45df\" data-element_type=\"widget\" data-e-type=\"widget\" data-widget_type=\"text-editor.default\">\n\t\t\t\t<div class=\"elementor-widget-container\">\n\t\t\t\t\t\t\t\t\t<p>Chef Olivier is niet alleen een geweldige chef-kok, maar ook een fijne wijnkenner. Hij heeft een passie voor oenologie en won in 1992 de trofee voor beste sommelier in Namen. De kelder van Olivier is zeker een van de mooiste en best gevulde in Brussel. Dankzij zijn kennis heeft hij een uitzonderlijke collectie wijnen opgebouwd voor zijn kelder.<\/p><p>Onze chef Olivier geeft je graag aanbevelingen en suggesties om je eetervaring te verbeteren. Met zijn expertise zul je zeker iets vinden dat je smaakpapillen zal verrukken en je maaltijd nog onvergetelijker zal maken.<\/p>\t\t\t\t\t\t\t\t<\/div>\n\t\t\t\t<\/div>\n\t\t\t\t<\/div>\n\t\t\t\t\t<\/div>\n\t\t\t\t<\/div>\n\t\t<div class=\"elementor-element elementor-element-5f3af33 animated-slow e-flex e-con-boxed elementor-invisible e-con e-parent\" data-id=\"5f3af33\" data-element_type=\"container\" data-e-type=\"container\" data-settings=\"{&quot;background_background&quot;:&quot;classic&quot;,&quot;animation&quot;:&quot;fadeIn&quot;}\">\n\t\t\t\t\t<div class=\"e-con-inner\">\n\t\t<div class=\"elementor-element elementor-element-78dc4ec e-con-full e-flex e-con e-child\" data-id=\"78dc4ec\" data-element_type=\"container\" data-e-type=\"container\">\n\t\t\t\t<div class=\"elementor-element elementor-element-5ce50ef elementor-widget elementor-widget-heading\" data-id=\"5ce50ef\" data-element_type=\"widget\" data-e-type=\"widget\" data-widget_type=\"heading.default\">\n\t\t\t\t<div class=\"elementor-widget-container\">\n\t\t\t\t\t<h3 class=\"elementor-heading-title elementor-size-default\">Ontdek een van onze degustatiemenu's<\/h3>\t\t\t\t<\/div>\n\t\t\t\t<\/div>\n\t\t\t\t<div class=\"elementor-element elementor-element-3bb75a3 elementor-widget elementor-widget-text-editor\" data-id=\"3bb75a3\" data-element_type=\"widget\" data-e-type=\"widget\" data-widget_type=\"text-editor.default\">\n\t\t\t\t<div class=\"elementor-widget-container\">\n\t\t\t\t\t\t\t\t\t<p><strong>Menu handtekening<\/strong> Een culinair avontuur op maat waarbij onze chef je verrast met een symfonie van seizoensgebonden smaken, georkestreerd over verschillende gangen. Laat je leiden door zijn creativiteit en boek vandaag nog jouw unieke ervaring!<\/p>\t\t\t\t\t\t\t\t<\/div>\n\t\t\t\t<\/div>\n\t\t\t\t<div class=\"elementor-element elementor-element-204f340 elementor-align-center elementor-widget elementor-widget-button\" data-id=\"204f340\" data-element_type=\"widget\" data-e-type=\"widget\" data-widget_type=\"button.default\">\n\t\t\t\t<div class=\"elementor-widget-container\">\n\t\t\t\t\t\t\t\t\t<div class=\"elementor-button-wrapper\">\n\t\t\t\t\t<a class=\"elementor-button elementor-button-link elementor-size-sm\" href=\"https:\/\/www.demauriceaolivier.be\/nl\/menu-handtekening\/\">\n\t\t\t\t\t\t<span class=\"elementor-button-content-wrapper\">\n\t\t\t\t\t\t\t\t\t<span class=\"elementor-button-text\">Ontdek het menu<\/span>\n\t\t\t\t\t<\/span>\n\t\t\t\t\t<\/a>\n\t\t\t\t<\/div>\n\t\t\t\t\t\t\t\t<\/div>\n\t\t\t\t<\/div>\n\t\t\t\t<\/div>\n\t\t<div class=\"elementor-element elementor-element-dc703f7 e-con-full e-flex e-con e-child\" data-id=\"dc703f7\" data-element_type=\"container\" data-e-type=\"container\">\n\t\t\t\t<div class=\"elementor-element elementor-element-ed1ae61 elementor-widget elementor-widget-image\" data-id=\"ed1ae61\" data-element_type=\"widget\" data-e-type=\"widget\" data-widget_type=\"image.default\">\n\t\t\t\t<div class=\"elementor-widget-container\">\n\t\t\t\t\t\t\t\t\t\t\t\t\t\t\t<img loading=\"lazy\" decoding=\"async\" width=\"800\" height=\"534\" src=\"https:\/\/www.demauriceaolivier.be\/wp-content\/uploads\/2024\/01\/de-maurice-a-olivier-cave-a-vin-mid-68-1024x683.jpg\" class=\"attachment-large size-large wp-image-1892\" alt=\"\" srcset=\"https:\/\/www.demauriceaolivier.be\/wp-content\/uploads\/2024\/01\/de-maurice-a-olivier-cave-a-vin-mid-68-1024x683.jpg 1024w, https:\/\/www.demauriceaolivier.be\/wp-content\/uploads\/2024\/01\/de-maurice-a-olivier-cave-a-vin-mid-68-300x200.jpg 300w, https:\/\/www.demauriceaolivier.be\/wp-content\/uploads\/2024\/01\/de-maurice-a-olivier-cave-a-vin-mid-68-768x512.jpg 768w, https:\/\/www.demauriceaolivier.be\/wp-content\/uploads\/2024\/01\/de-maurice-a-olivier-cave-a-vin-mid-68.jpg 1279w\" sizes=\"(max-width: 800px) 100vw, 800px\" \/>\t\t\t\t\t\t\t\t\t\t\t\t\t\t\t<\/div>\n\t\t\t\t<\/div>\n\t\t\t\t<\/div>\n\t\t\t\t\t<\/div>\n\t\t\t\t<\/div>\n\t\t\t\t<\/div>","protected":false},"excerpt":{"rendered":"<p>restaurant Gastronomique Bruxelles &amp; Confidentiel restaurant Gastronomique Bruxelles &#8211; Le seul \u00e0 \u00eatre confidentiel Le seul restaurant confidentiel et gastronomique \u00e0 Bruxelles, unique en son genre. C&rsquo;est un lieu exclusif, r\u00e9serv\u00e9 aux initi\u00e9s qui appr\u00e9cient la cuisine de haute qualit\u00e9 et l&rsquo;exp\u00e9rience gastronomique. La cuisine d\u2019Olivier est cr\u00e9ative et inventive, offrant des plats savoureux et [&hellip;]<\/p>\n","protected":false},"author":1,"featured_media":340,"parent":0,"menu_order":0,"comment_status":"closed","ping_status":"closed","template":"elementor_header_footer","meta":{"footnotes":""},"class_list":["post-16","page","type-page","status-publish","has-post-thumbnail","hentry"],"_links":{"self":[{"href":"https:\/\/www.demauriceaolivier.be\/nl\/wp-json\/wp\/v2\/pages\/16","targetHints":{"allow":["GET"]}}],"collection":[{"href":"https:\/\/www.demauriceaolivier.be\/nl\/wp-json\/wp\/v2\/pages"}],"about":[{"href":"https:\/\/www.demauriceaolivier.be\/nl\/wp-json\/wp\/v2\/types\/page"}],"author":[{"embeddable":true,"href":"https:\/\/www.demauriceaolivier.be\/nl\/wp-json\/wp\/v2\/users\/1"}],"replies":[{"embeddable":true,"href":"https:\/\/www.demauriceaolivier.be\/nl\/wp-json\/wp\/v2\/comments?post=16"}],"version-history":[{"count":187,"href":"https:\/\/www.demauriceaolivier.be\/nl\/wp-json\/wp\/v2\/pages\/16\/revisions"}],"predecessor-version":[{"id":3094,"href":"https:\/\/www.demauriceaolivier.be\/nl\/wp-json\/wp\/v2\/pages\/16\/revisions\/3094"}],"wp:featuredmedia":[{"embeddable":true,"href":"https:\/\/www.demauriceaolivier.be\/nl\/wp-json\/wp\/v2\/media\/340"}],"wp:attachment":[{"href":"https:\/\/www.demauriceaolivier.be\/nl\/wp-json\/wp\/v2\/media?parent=16"}],"curies":[{"name":"wp","href":"https:\/\/api.w.org\/{rel}","templated":true}]}}